{"id":15416,"date":"2025-04-07T17:38:14","date_gmt":"2025-04-07T15:38:14","guid":{"rendered":"https:\/\/www.opengis.ch\/?page_id=15416"},"modified":"2025-08-07T17:57:50","modified_gmt":"2025-08-07T15:57:50","slug":"crowdfunding-erweiterte-unterstutzung-fur-kreisbogen-in-qgis","status":"publish","type":"page","link":"https:\/\/www.opengis.ch\/it\/crowdfunding-erweiterte-unterstutzung-fur-kreisbogen-in-qgis\/","title":{"rendered":"Crowdfunding: Erweiterte Unterst\u00fctzung f\u00fcr Kreisb\u00f6gen in QGIS"},"content":{"rendered":"\n<figure class=\"wp-block-image size-large\"><img data-recalc-dims=\"1\" loading=\"lazy\" decoding=\"async\" width=\"750\" height=\"360\" src=\"https:\/\/i0.wp.com\/www.opengis.ch\/wp-content\/uploads\/2025\/04\/image8.png?resize=750%2C360&#038;ssl=1\" alt=\"\" class=\"wp-image-15418\" srcset=\"https:\/\/i0.wp.com\/www.opengis.ch\/wp-content\/uploads\/2025\/04\/image8.png?resize=1024%2C492&amp;ssl=1 1024w, https:\/\/i0.wp.com\/www.opengis.ch\/wp-content\/uploads\/2025\/04\/image8.png?resize=300%2C144&amp;ssl=1 300w, https:\/\/i0.wp.com\/www.opengis.ch\/wp-content\/uploads\/2025\/04\/image8.png?resize=768%2C369&amp;ssl=1 768w, https:\/\/i0.wp.com\/www.opengis.ch\/wp-content\/uploads\/2025\/04\/image8.png?resize=1536%2C738&amp;ssl=1 1536w, https:\/\/i0.wp.com\/www.opengis.ch\/wp-content\/uploads\/2025\/04\/image8.png?w=1999&amp;ssl=1 1999w\" sizes=\"auto, (max-width: 750px) 100vw, 750px\" \/><\/figure>\n\n\n\n<h4 class=\"wp-block-heading\">Die Vision: Datens\u00e4tze mit Kreisb\u00f6gen sauber bearbeiten<\/h4>\n\n\n\n<p>Kreisb\u00f6gen sind ein zentrales Element im Vermessungswesen, der saubere Umgang damit ist eine zwingende Voraussetzung f\u00fcr das Arbeiten an und mit Daten der Amtlichen Vermessung. Eine komplette Unterst\u00fctzung von Kreisb\u00f6gen in der Standardsoftware QGIS wird es erm\u00f6glichen, diese Applikation f\u00fcr eine ganze Palette von neuen Anwendungsf\u00e4llen einzusetzen, sowohl f\u00fcr die Nachf\u00fchrung der Amtlichen Vermessung, als auch f\u00fcr das Arbeiten mit darauf aufsetzenden Datens\u00e4tzen wie der Nutzungsplanung. QGIS unterst\u00fctzt bereits das Erfassen und Speichern von Kreisb\u00f6gen, diese gehen jedoch oft verloren, wenn Geometrien verschnitten oder zusammengef\u00fchrt werden. Dies f\u00fchrt zu einer aufw\u00e4ndigen Nachbearbeitung, wir m\u00f6chten gerne erreichen, dass QGIS das f\u00fcr uns \u00fcbernimmt: zuverl\u00e4ssig, sauber und fehlerfrei.<\/p>\n\n\n\n<iframe loading=\"lazy\" width=\"100%\" height=\"200\" seamless frameborder=\"0\" scrolling=\"no\" src=\"https:\/\/docs.google.com\/spreadsheets\/d\/e\/2PACX-1vSQUZgZV6MYLKxjYwshhudga3VP-mIT_9sTyGfaNQ7PUcywszPXC9VmCIV9BOZGKEQ5QN1FEsSVsXNa\/pubchart?oid=1555133790&amp;format=interactive\"><\/iframe>\n\n\n\n<div class=\"wp-block-buttons is-content-justification-center is-layout-flex wp-container-core-buttons-is-layout-a89b3969 wp-block-buttons-is-layout-flex\"><\/div>\n\n\n\n<p><strong>Finanzierung erfolgreich abgeschlossen!<\/strong><br><\/p>\n\n\n\n<h4 class=\"wp-block-heading\">Was bisher geschah: Basisimplementierung in GEOS<\/h4>\n\n\n\n<p>GEOS ist die Bibliothek, welche in QGIS und anderen Open-Source Applikationen wie PostGIS eingesetzt wird f\u00fcr Geometrieoperationen. Sie erlaubt es, Datens\u00e4tze miteinander zu verschneiden und sonstige geometrische Operationen durchzuf\u00fchren. Im Jahr 2024 haben wir dank den Kantonen Basel-Landschaft und Zug sowie der Anwendergruppe Deutschland eine Basisintegration von Kreisb\u00f6gen. Seit der GEOS Version 3.13 kennt das Geometriemodell von GEOS Kreisb\u00f6gen und kann diese abbilden, sowie in sehr einfachen Berechnungsfunktionen damit umgehen. Damit steht der Weg nun frei, Kreisb\u00f6gen auch in fortgeschrittenen Funktionen zu ber\u00fccksichtigen.<\/p>\n\n\n\n<h4 class=\"wp-block-heading\">Das n\u00e4chste Ziel: Overlay Engine und QGIS Integration<\/h4>\n\n\n\n<p>Die n\u00e4chste Phase beinhaltet die Anpassungen von Algorithmen in der Overlay Engine. Die Overlay Engine ist f\u00fcr Berechnungen wie Verschneidungen, Differenzen und Vereinen zust\u00e4ndig. Diese Funktionen sind nicht nur direkt \u00fcber Verarbeitungswerkzeuge verf\u00fcgbar, sondern oft auch in Werkzeuge zur Datenbearbeitung wie dem Verschneiden integriert. Durch eine saubere Ber\u00fccksichtigung von Kreisb\u00f6gen in den entsprechenden Berechnungsfunktionen stehen diese dem gesamten QGIS Funktionsumfang zur Verf\u00fcgung.<\/p>\n\n\n\n<p>Konkrete Aufgaben in diesem Bereich sind<\/p>\n\n\n\n<ul class=\"wp-block-list\">\n<li>Eine Vielzahl von Datenstrukturen und Algorithmen, welche im Hinblick auf lineare Geometrien geschrieben wurden m\u00fcssen angepasst werden<\/li>\n\n\n\n<li>Die Berechnung von Schnittpunkten muss \u00fcberarbeitet werden. Die aktuelle Grundannahme der Implementierung, welche auf monotonen Ketten beruht, wobei zwischen zwei Liniensegmenten genau ein Schnittpunkt besteht, ist nicht mehr zutreffend und muss \u00fcberarbeitet werden<\/li>\n\n\n\n<li>Die Behandlung von Grenzf\u00e4llen wie Kreisb\u00f6gen mit extrem grossen Radien<\/li>\n\n\n\n<li>Eine m\u00f6glichst hohe nummerische Stabilit\u00e4t trotz Rundungsfehlern<\/li>\n\n\n\n<li>Eine gute Testabdeckung der umgesetzten Funktionalit\u00e4ten f\u00fcr langfristige Stabilit\u00e4t<\/li>\n<\/ul>\n\n\n\n<p>Die Integration der neuen GEOS-Funktionalit\u00e4ten in QGIS ist ein weiterer essenzieller Schritt, um die Algorithmen auch tats\u00e4chlich nutzbar zu machen. Daf\u00fcr m\u00fcssen QGIS Geometrien mit Kreisb\u00f6gen zuverl\u00e4ssig in GEOS Geometrien umgewandelt werden k\u00f6nnen und umgekehrt. Weiter muss eine solide Fehlerbehandlung umgesetzt werden, damit QGIS weiterhin mit GEOS Funktionen umgehen kann, welche (noch) keine Kreisbogenunterst\u00fctzung haben.<\/p>\n\n\n\n<p>W\u00e4hrend der Implementierung werden wir sicherstellen, dass QGIS weiterhin mit \u00e4lteren GEOS Versionen funktioniert, welche noch keine Kreisb\u00f6gen unterst\u00fctzen.&nbsp;<\/p>\n\n\n\n<h4 class=\"wp-block-heading\">Deine Unterst\u00fctzung macht einen Unterschied !<\/h4>\n\n\n\n<p>Deine Unterst\u00fctzung dieses Crowdfundings macht es m\u00f6glich<\/p>\n\n\n\n<ul class=\"wp-block-list\">\n<li>Neue Anwendungsf\u00e4lle mit QGIS zu erm\u00f6glichen<\/li>\n\n\n\n<li>Open-Source GIS Technologien voranzutreiben<\/li>\n\n\n\n<li>Multiplikationseffekte zu erziehlen, GEOS wird auch in PostGIS, MapServer, GeoDjango, GRASS und vielen weiteren Applikationen verwendet<\/li>\n<\/ul>\n\n\n\n<h4 class=\"wp-block-heading\">Vorgehen<\/h4>\n\n\n\n<p>Das Crowdfunding l\u00e4uft bis zum 31. Juli 2025. Sobald die n\u00f6tige Unterst\u00fctzung zusammengekommen ist, gilt das Projekt als finanziert und wird gestartet. Die Rechnungen werden versendet, wenn die Finanzierung f\u00fcr das Projekt sichergestellt ist.<\/p>\n\n\n\n<p>Die Umsetzung in GEOS werden bis Juni 2026 abgeschlossen. Die Integration in QGIS wird mit dem Oktoberrelease 2026 geschehen.<\/p>\n\n\n\n<p>Die Umsetzung findet in Zusammenarbeit zwischen OPENGIS.ch und Dan Baston von iSciences statt, welcher als GEOS Kernentwickler bereits im Vorprojekt eine hervorragende Arbeit geleistet hat.<\/p>\n\n\n\n<p><\/p>\n","protected":false},"excerpt":{"rendered":"<p>Die Vision: Datens\u00e4tze mit Kreisb\u00f6gen sauber bearbeiten Kreisb\u00f6gen sind ein zentrales Element im Vermessungswesen, der saubere Umgang damit ist eine zwingende Voraussetzung f\u00fcr das Arbeiten an und mit Daten der Amtlichen Vermessung. Eine komplette Unterst\u00fctzung von Kreisb\u00f6gen in der Standardsoftware QGIS wird es erm\u00f6glichen, diese Applikation f\u00fcr eine ganze Palette [&hellip;]<\/p>\n","protected":false},"author":3,"featured_media":15418,"parent":0,"menu_order":0,"comment_status":"closed","ping_status":"closed","template":"","meta":{"_themeisle_gutenberg_block_has_review":false,"jetpack_post_was_ever_published":false,"footnotes":""},"class_list":["post-15416","page","type-page","status-publish","has-post-thumbnail","hentry"],"jetpack-related-posts":[{"id":15422,"url":"https:\/\/www.opengis.ch\/de\/crowdfunding-erweiterte-unterstutzung-fur-kreisbogen-in-qgis\/","url_meta":{"origin":15416,"position":0},"title":"Crowdfunding: Erweiterte Unterst\u00fctzung f\u00fcr Kreisb\u00f6gen in QGIS","author":"Matthias Kuhn","date":"7 Aprile 2025","format":false,"excerpt":"Die Vision: Datens\u00e4tze mit Kreisb\u00f6gen sauber bearbeiten Kreisb\u00f6gen sind ein zentrales Element im Vermessungswesen, der saubere Umgang damit ist eine zwingende Voraussetzung f\u00fcr das Arbeiten an und mit Daten der Amtlichen Vermessung. Eine komplette Unterst\u00fctzung von Kreisb\u00f6gen in der Standardsoftware QGIS wird es erm\u00f6glichen, diese Applikation f\u00fcr eine ganze Palette\u2026","rel":"","context":"Articolo simile","block_context":{"text":"Articolo simile","link":""},"img":{"alt_text":"","src":"https:\/\/i0.wp.com\/www.opengis.ch\/wp-content\/uploads\/2025\/04\/image8.png?fit=1200%2C576&ssl=1&resize=350%2C200","width":350,"height":200,"srcset":"https:\/\/i0.wp.com\/www.opengis.ch\/wp-content\/uploads\/2025\/04\/image8.png?fit=1200%2C576&ssl=1&resize=350%2C200 1x, https:\/\/i0.wp.com\/www.opengis.ch\/wp-content\/uploads\/2025\/04\/image8.png?fit=1200%2C576&ssl=1&resize=525%2C300 1.5x, https:\/\/i0.wp.com\/www.opengis.ch\/wp-content\/uploads\/2025\/04\/image8.png?fit=1200%2C576&ssl=1&resize=700%2C400 2x, https:\/\/i0.wp.com\/www.opengis.ch\/wp-content\/uploads\/2025\/04\/image8.png?fit=1200%2C576&ssl=1&resize=1050%2C600 3x"},"classes":[]},{"id":10973,"url":"https:\/\/www.opengis.ch\/de\/entwicklung\/","url_meta":{"origin":15416,"position":1},"title":"Individuelle Entwicklung","author":"Marco Bernasocchi","date":"24 Aprile 2020","format":false,"excerpt":"Wir lieben es, Anforderungen zu diskutieren und vision\u00e4re L\u00f6sungen daf\u00fcr zu finden.\r Wir sind bestrebt, ausserordentlichen Wert f\u00fcr unsere Kunden zu generieren.\r Stets mit dem Menschen im Zentrum - Hi-Tech wo elegant, Low-Tech wo sinnvoll.Matthias\r Kuhn, CTO Model | Store PostGIS | Geopackage Solide und belastbare Geodateninfrastrukturen ben\u00f6tigen ein sorgf\u00e4ltig\u2026","rel":"","context":"Articolo simile","block_context":{"text":"Articolo simile","link":""},"img":{"alt_text":"","src":"https:\/\/i0.wp.com\/www.opengis.ch\/wp-content\/uploads\/2020\/04\/QField_Final.png?resize=350%2C200&ssl=1","width":350,"height":200},"classes":[]},{"id":10946,"url":"https:\/\/www.opengis.ch\/de\/qgis-support-wartung\/","url_meta":{"origin":15416,"position":2},"title":"QGIS Supportvertr\u00e4ge","author":"Marco Bernasocchi","date":"28 Aprile 2020","format":false,"excerpt":"Uns liegen Sie und Ihre Installationen am Herzen. Das ist auch der Grund warum uns Support und Wartung enorm wichtig sind. Wir sind stolz darauf, Supportvertr\u00e4ge mit SLAs anbieten zu k\u00f6nnen. Ausserdem unterst\u00fctzen Sie mit einem OPENGIS.ch Supportvertrag die QGIS Nachhaltigkeitsinitiative. Marco Bernasocchi, CEO W\u00e4hlen Sie Ihren Plan Ein OPENGIS.ch\u2026","rel":"","context":"Articolo simile","block_context":{"text":"Articolo simile","link":""},"img":{"alt_text":"","src":"","width":0,"height":0},"classes":[]},{"id":13630,"url":"https:\/\/www.opengis.ch\/de\/qfield-jump-start-packages\/","url_meta":{"origin":15416,"position":3},"title":"QField Starthilfepakete","author":"Marco Bernasocchi","date":"2 Marzo 2023","format":false,"excerpt":"Sie m\u00f6chten mit der Erfassung von Felddaten beginnen, haben aber noch nie mit einem GIS gearbeitet? Sie sind leidenschaftlicher QGIS-Anwender und m\u00f6chten Ihre Feldarbeit in Schwung bringen? Sie sind ein leitender GIS-Manager und m\u00f6chten die Effizienz der mobilen Datenerfassung Ihres Teams optimieren? Lassen Sie uns die QField Starthilfepakete vorstellen W\u00e4hrend\u2026","rel":"","context":"Articolo simile","block_context":{"text":"Articolo simile","link":""},"img":{"alt_text":"","src":"https:\/\/i0.wp.com\/www.opengis.ch\/wp-content\/uploads\/2019\/04\/tim-gouw-73926-unsplash.jpg?fit=1200%2C802&ssl=1&resize=350%2C200","width":350,"height":200,"srcset":"https:\/\/i0.wp.com\/www.opengis.ch\/wp-content\/uploads\/2019\/04\/tim-gouw-73926-unsplash.jpg?fit=1200%2C802&ssl=1&resize=350%2C200 1x, https:\/\/i0.wp.com\/www.opengis.ch\/wp-content\/uploads\/2019\/04\/tim-gouw-73926-unsplash.jpg?fit=1200%2C802&ssl=1&resize=525%2C300 1.5x, https:\/\/i0.wp.com\/www.opengis.ch\/wp-content\/uploads\/2019\/04\/tim-gouw-73926-unsplash.jpg?fit=1200%2C802&ssl=1&resize=700%2C400 2x, https:\/\/i0.wp.com\/www.opengis.ch\/wp-content\/uploads\/2019\/04\/tim-gouw-73926-unsplash.jpg?fit=1200%2C802&ssl=1&resize=1050%2C600 3x"},"classes":[]},{"id":10979,"url":"https:\/\/www.opengis.ch\/de\/beratung\/","url_meta":{"origin":15416,"position":4},"title":"Beratung","author":"Marco Bernasocchi","date":"12 Gennaio 2015","format":false,"excerpt":"\"Unser erfahrenes und mehrsprachiges Team ist immer bereit, Ihnen bei der Planung und Verbesserung Ihrer Arbeitsabl\u00e4ufe zu helfen, Ihre Werkzeugleistung zu optimieren und Ihr internes Wissen aufzubauen.\"Marco Bernasocchi, CEO R\u00e4umliche Beratung Planen Sie eine neue Geodateninfrastruktur? M\u00f6chten Sie Ihre QGIS-Workflows verbessern? Ben\u00f6tigen Sie interne Schulungen f\u00fcr Entwickler und Analysten? M\u00f6chten\u2026","rel":"","context":"Articolo simile","block_context":{"text":"Articolo simile","link":""},"img":{"alt_text":"","src":"","width":0,"height":0},"classes":[]},{"id":11295,"url":"https:\/\/www.opengis.ch\/de\/warum-uns\/","url_meta":{"origin":15416,"position":5},"title":"Warum uns?","author":"Marco Bernasocchi","date":"30 Aprile 2020","format":false,"excerpt":"Wir sind Schweizer Software Entwickler \u2013 aber noch mehr sind wir full-stack Geo-Ninjas! Wir planen und entwickeln personalisierte Open Source GIS L\u00f6sungen als Desktop- oder Mobilapplikationen. Elegante L\u00f6sungen finden wir \u00fcbrigens auch f\u00fcr vielschichtige Aufgaben. Wie wir das machen? Mit jahrelanger Open-source Technologie-Erfahrung, QGIS und PostGIS Expertise, QField und QFieldCloud\u2026","rel":"","context":"Articolo simile","block_context":{"text":"Articolo simile","link":""},"img":{"alt_text":"","src":"https:\/\/i0.wp.com\/www.opengis.ch\/wp-content\/uploads\/2020\/04\/theteam_2.png?fit=1200%2C289&ssl=1&resize=350%2C200","width":350,"height":200,"srcset":"https:\/\/i0.wp.com\/www.opengis.ch\/wp-content\/uploads\/2020\/04\/theteam_2.png?fit=1200%2C289&ssl=1&resize=350%2C200 1x, https:\/\/i0.wp.com\/www.opengis.ch\/wp-content\/uploads\/2020\/04\/theteam_2.png?fit=1200%2C289&ssl=1&resize=525%2C300 1.5x, https:\/\/i0.wp.com\/www.opengis.ch\/wp-content\/uploads\/2020\/04\/theteam_2.png?fit=1200%2C289&ssl=1&resize=700%2C400 2x, https:\/\/i0.wp.com\/www.opengis.ch\/wp-content\/uploads\/2020\/04\/theteam_2.png?fit=1200%2C289&ssl=1&resize=1050%2C600 3x"},"classes":[]}],"jetpack_shortlink":"https:\/\/wp.me\/PbdBtI-40E","jetpack_sharing_enabled":true,"_links":{"self":[{"href":"https:\/\/www.opengis.ch\/it\/wp-json\/wp\/v2\/pages\/15416","targetHints":{"allow":["GET"]}}],"collection":[{"href":"https:\/\/www.opengis.ch\/it\/wp-json\/wp\/v2\/pages"}],"about":[{"href":"https:\/\/www.opengis.ch\/it\/wp-json\/wp\/v2\/types\/page"}],"author":[{"embeddable":true,"href":"https:\/\/www.opengis.ch\/it\/wp-json\/wp\/v2\/users\/3"}],"replies":[{"embeddable":true,"href":"https:\/\/www.opengis.ch\/it\/wp-json\/wp\/v2\/comments?post=15416"}],"version-history":[{"count":9,"href":"https:\/\/www.opengis.ch\/it\/wp-json\/wp\/v2\/pages\/15416\/revisions"}],"predecessor-version":[{"id":17745,"href":"https:\/\/www.opengis.ch\/it\/wp-json\/wp\/v2\/pages\/15416\/revisions\/17745"}],"wp:featuredmedia":[{"embeddable":true,"href":"https:\/\/www.opengis.ch\/it\/wp-json\/wp\/v2\/media\/15418"}],"wp:attachment":[{"href":"https:\/\/www.opengis.ch\/it\/wp-json\/wp\/v2\/media?parent=15416"}],"curies":[{"name":"wp","href":"https:\/\/api.w.org\/{rel}","templated":true}]}}