{"id":11296,"date":"2020-04-30T11:55:55","date_gmt":"2020-04-30T09:55:55","guid":{"rendered":"https:\/\/www.opengis.ch\/?page_id=11296"},"modified":"2020-04-30T11:55:57","modified_gmt":"2020-04-30T09:55:57","slug":"perche-noi","status":"publish","type":"page","link":"https:\/\/www.opengis.ch\/it\/","title":{"rendered":"Perch\u00e9 noi?"},"content":{"rendered":"<p>We are <strong>full-stack GeoNinjas<\/strong> and offer a <strong>personalised<\/strong> service around your geodata solutions needs.<br>Our vast experience in <strong>open source<\/strong> technologies combined with our <strong>agile<\/strong> and distributed nature will help you <strong>quickly<\/strong> implement your envisioned solution with a low TCO, <strong>no vendor lock-in<\/strong> and complete <strong>control<\/strong> over the developed software.<\/p>\n<p>At OPENGIS.ch we are completely dedicated to using and developing open source tools for a wide variety of reasons. The most important one being that we are convinced that it is for the best for our customers because of the flexibility, scalability and the future-proof nature of open source concepts. We offer installation support,&nbsp;<a href=\"\/training\">training<\/a>, consultancy, maintenance and tailor suited&nbsp;<a href=\"https:\/\/www.opengis.ch\/it\/sviluppo\/\">development<\/a> for your open geospatial stack. We speak English, German, French, Italian, Spanish, and Romansh.<\/p>\n<p>We look forward to working with you on your next project.<\/p>\n\n\n<div class=\"wp-block-button aligncenter\"><a class=\"wp-block-button__link has-background no-border-radius\" href=\"#contact\" style=\"background-color:#82cb2a\">Contattaci<\/a><\/div>\n","protected":false},"excerpt":{"rendered":"<p>We are full-stack GeoNinjas and offer a personalised service around your geodata solutions needs.Our vast experience in open source technologies combined with our agile and distributed nature will help you quickly implement your envisioned solution with a low TCO, no vendor lock-in and complete control over the developed software. At [&hellip;]<\/p>\n","protected":false},"author":2,"featured_media":10459,"parent":0,"menu_order":0,"comment_status":"closed","ping_status":"closed","template":"","meta":{"_themeisle_gutenberg_block_has_review":false,"jetpack_post_was_ever_published":false,"footnotes":""},"class_list":["post-11296","page","type-page","status-publish","has-post-thumbnail","hentry"],"jetpack-related-posts":[{"id":549,"url":"https:\/\/www.opengis.ch\/home\/","url_meta":{"origin":11296,"position":0},"title":"Why Us?","author":"Marco Bernasocchi","date":"19 Maggio 2012","format":false,"excerpt":"We are Swiss-made full-stack GeoNinjas.\u00a0We offer a personalised service around your geodata solutions needs and support contracts with SLAs.Our vast experience in open-source technologies combined with our agile and distributed nature will help you quickly implement your envisioned solution with a low TCO, no vendor lock-in and complete control over\u2026","rel":"","context":"Articolo simile","block_context":{"text":"Articolo simile","link":""},"img":{"alt_text":"","src":"https:\/\/i0.wp.com\/www.opengis.ch\/wp-content\/uploads\/2020\/04\/theteam_2.png?fit=1200%2C289&ssl=1&resize=350%2C200","width":350,"height":200,"srcset":"https:\/\/i0.wp.com\/www.opengis.ch\/wp-content\/uploads\/2020\/04\/theteam_2.png?fit=1200%2C289&ssl=1&resize=350%2C200 1x, https:\/\/i0.wp.com\/www.opengis.ch\/wp-content\/uploads\/2020\/04\/theteam_2.png?fit=1200%2C289&ssl=1&resize=525%2C300 1.5x, https:\/\/i0.wp.com\/www.opengis.ch\/wp-content\/uploads\/2020\/04\/theteam_2.png?fit=1200%2C289&ssl=1&resize=700%2C400 2x, https:\/\/i0.wp.com\/www.opengis.ch\/wp-content\/uploads\/2020\/04\/theteam_2.png?fit=1200%2C289&ssl=1&resize=1050%2C600 3x"},"classes":[]},{"id":11295,"url":"https:\/\/www.opengis.ch\/de\/warum-uns\/","url_meta":{"origin":11296,"position":1},"title":"Warum uns?","author":"Marco Bernasocchi","date":"30 Aprile 2020","format":false,"excerpt":"Wir sind Schweizer Software Entwickler \u2013 aber noch mehr sind wir full-stack Geo-Ninjas! Wir planen und entwickeln personalisierte Open Source GIS L\u00f6sungen als Desktop- oder Mobilapplikationen. Elegante L\u00f6sungen finden wir \u00fcbrigens auch f\u00fcr vielschichtige Aufgaben. Wie wir das machen? Mit jahrelanger Open-source Technologie-Erfahrung, QGIS und PostGIS Expertise, QField und QFieldCloud\u2026","rel":"","context":"Articolo simile","block_context":{"text":"Articolo simile","link":""},"img":{"alt_text":"","src":"https:\/\/i0.wp.com\/www.opengis.ch\/wp-content\/uploads\/2020\/04\/theteam_2.png?fit=1200%2C289&ssl=1&resize=350%2C200","width":350,"height":200,"srcset":"https:\/\/i0.wp.com\/www.opengis.ch\/wp-content\/uploads\/2020\/04\/theteam_2.png?fit=1200%2C289&ssl=1&resize=350%2C200 1x, https:\/\/i0.wp.com\/www.opengis.ch\/wp-content\/uploads\/2020\/04\/theteam_2.png?fit=1200%2C289&ssl=1&resize=525%2C300 1.5x, https:\/\/i0.wp.com\/www.opengis.ch\/wp-content\/uploads\/2020\/04\/theteam_2.png?fit=1200%2C289&ssl=1&resize=700%2C400 2x, https:\/\/i0.wp.com\/www.opengis.ch\/wp-content\/uploads\/2020\/04\/theteam_2.png?fit=1200%2C289&ssl=1&resize=1050%2C600 3x"},"classes":[]},{"id":10533,"url":"https:\/\/www.opengis.ch\/core-values\/","url_meta":{"origin":11296,"position":2},"title":"Our core values","author":"Marco Bernasocchi","date":"20 Aprile 2020","format":false,"excerpt":"Vision Make open-source GIS the de-facto industry standard by continuously pushing its high-quality products and bleeding-edge technologies. Mission We develop, deploy and maintain visionary solutions to create value for our customers. Through efficient practices and iterative feedback loops, we make sure to exceed customer expectations and win them as open-source\u2026","rel":"","context":"Articolo simile","block_context":{"text":"Articolo simile","link":""},"img":{"alt_text":"","src":"","width":0,"height":0},"classes":[]},{"id":10982,"url":"https:\/\/www.opengis.ch\/de\/unsere-werte\/","url_meta":{"origin":11296,"position":3},"title":"Unsere Werte","author":"Marco Bernasocchi","date":"20 Aprile 2020","format":false,"excerpt":"Vision Make open-source GIS the de-facto industry standard by continuously pushing its high-quality products and bleeding-edge technologies. Mission We develop, deploy and maintain visionary solutions to create value for our customers. Through efficient practices and iterative feedback loops, we make sure to exceed customer expectations and win them as open-source\u2026","rel":"","context":"Articolo simile","block_context":{"text":"Articolo simile","link":""},"img":{"alt_text":"","src":"","width":0,"height":0},"classes":[]},{"id":11291,"url":"https:\/\/www.opengis.ch\/fr\/pourquoi-nous\/","url_meta":{"origin":11296,"position":4},"title":"Pourquoi nous?","author":"Marco Bernasocchi","date":"30 Aprile 2020","format":false,"excerpt":"Nous sommes des GeoNinjas \u00e0 part enti\u00e8re et offrons un service personnalis\u00e9 en fonction de vos besoins en mati\u00e8re de g\u00e9odonn\u00e9es.Notre vaste exp\u00e9rience dans les technologies open source, combin\u00e9e \u00e0 notre nature flexible et vari\u00e9e, vous aidera \u00e0 mettre en \u0153uvre rapidement la solution que vous envisagez, avec un faible\u2026","rel":"","context":"Articolo simile","block_context":{"text":"Articolo simile","link":""},"img":{"alt_text":"","src":"https:\/\/i0.wp.com\/www.opengis.ch\/wp-content\/uploads\/2020\/04\/theteam_2.png?fit=1200%2C289&ssl=1&resize=350%2C200","width":350,"height":200,"srcset":"https:\/\/i0.wp.com\/www.opengis.ch\/wp-content\/uploads\/2020\/04\/theteam_2.png?fit=1200%2C289&ssl=1&resize=350%2C200 1x, https:\/\/i0.wp.com\/www.opengis.ch\/wp-content\/uploads\/2020\/04\/theteam_2.png?fit=1200%2C289&ssl=1&resize=525%2C300 1.5x, https:\/\/i0.wp.com\/www.opengis.ch\/wp-content\/uploads\/2020\/04\/theteam_2.png?fit=1200%2C289&ssl=1&resize=700%2C400 2x, https:\/\/i0.wp.com\/www.opengis.ch\/wp-content\/uploads\/2020\/04\/theteam_2.png?fit=1200%2C289&ssl=1&resize=1050%2C600 3x"},"classes":[]},{"id":10766,"url":"https:\/\/www.opengis.ch\/custom-development\/","url_meta":{"origin":11296,"position":5},"title":"Custom Development","author":"Marco Bernasocchi","date":"24 Aprile 2020","format":false,"excerpt":"We love discussing requirements and create visionary solutions to problems. We always strive to develop, deploy and maintain solutions that offer exceptional value for our customers.Matthias Kuhn, CTO Model | Store postGIS | Geopackage Solid and resilient geodata infrastructures require a well-designed data model and a solid infrastructure. Either you\u2026","rel":"","context":"Articolo simile","block_context":{"text":"Articolo simile","link":""},"img":{"alt_text":"","src":"https:\/\/i0.wp.com\/www.opengis.ch\/wp-content\/uploads\/2020\/04\/QField_Final.png?resize=350%2C200&ssl=1","width":350,"height":200},"classes":[]}],"jetpack_shortlink":"https:\/\/wp.me\/PbdBtI-2Wc","jetpack_sharing_enabled":true,"_links":{"self":[{"href":"https:\/\/www.opengis.ch\/it\/wp-json\/wp\/v2\/pages\/11296","targetHints":{"allow":["GET"]}}],"collection":[{"href":"https:\/\/www.opengis.ch\/it\/wp-json\/wp\/v2\/pages"}],"about":[{"href":"https:\/\/www.opengis.ch\/it\/wp-json\/wp\/v2\/types\/page"}],"author":[{"embeddable":true,"href":"https:\/\/www.opengis.ch\/it\/wp-json\/wp\/v2\/users\/2"}],"replies":[{"embeddable":true,"href":"https:\/\/www.opengis.ch\/it\/wp-json\/wp\/v2\/comments?post=11296"}],"version-history":[{"count":2,"href":"https:\/\/www.opengis.ch\/it\/wp-json\/wp\/v2\/pages\/11296\/revisions"}],"predecessor-version":[{"id":11298,"href":"https:\/\/www.opengis.ch\/it\/wp-json\/wp\/v2\/pages\/11296\/revisions\/11298"}],"wp:featuredmedia":[{"embeddable":true,"href":"https:\/\/www.opengis.ch\/it\/wp-json\/wp\/v2\/media\/10459"}],"wp:attachment":[{"href":"https:\/\/www.opengis.ch\/it\/wp-json\/wp\/v2\/media?parent=11296"}],"curies":[{"name":"wp","href":"https:\/\/api.w.org\/{rel}","templated":true}]}}