{"id":10983,"date":"2020-04-20T17:34:19","date_gmt":"2020-04-20T15:34:19","guid":{"rendered":"https:\/\/www.opengis.ch\/core-values\/"},"modified":"2020-08-30T23:54:20","modified_gmt":"2020-08-30T21:54:20","slug":"i-nostri-valori","status":"publish","type":"page","link":"https:\/\/www.opengis.ch\/it\/i-nostri-valori\/","title":{"rendered":"I nostri valori"},"content":{"rendered":"\n<div class=\"wp-block-columns is-layout-flex wp-container-core-columns-is-layout-28f84493 wp-block-columns-is-layout-flex\">\n<div class=\"wp-block-column is-layout-flow wp-block-column-is-layout-flow\" style=\"flex-basis:33.33%\">\n<h2 class=\"wp-block-heading\">Visione<\/h2>\n<\/div>\n\n\n\n<div class=\"wp-block-column is-layout-flow wp-block-column-is-layout-flow\" style=\"flex-basis:66.66%\">\n<blockquote class=\"wp-block-quote is-style-large is-layout-flow wp-block-quote-is-layout-flow\"><p>Rendere il GIS open-source lo standard di settore de facto spingendo continuamente i suoi prodotti di alta qualit\u00e0 e le tecnologie all&#8217;avanguardia.<\/p><\/blockquote>\n<\/div>\n<\/div>\n\n<div class=\"wp-block-group is-layout-flow wp-block-group-is-layout-flow\"><div class=\"wp-block-group__inner-container\"><\/div><\/div>\n\n<div class=\"wp-block-columns is-layout-flex wp-container-core-columns-is-layout-28f84493 wp-block-columns-is-layout-flex\">\n<div class=\"wp-block-column is-layout-flow wp-block-column-is-layout-flow\" style=\"flex-basis:33.33%\">\n<h2 class=\"wp-block-heading\">Missione<\/h2>\n<\/div>\n\n\n\n<div class=\"wp-block-column is-layout-flow wp-block-column-is-layout-flow\" style=\"flex-basis:66.66%\">\n<blockquote class=\"wp-block-quote is-style-large is-layout-flow wp-block-quote-is-layout-flow\"><p>Sviluppiamo, distribuiamo e manteniamo soluzioni visionarie che creano valore per i nostri clienti.<\/p><p>Attraverso pratiche efficienti e cicli di feedback iterativi, ci assicuriamo di superare le aspettative dei clienti e renderli come ambasciatori del GIS open-source.<\/p><p>Il tuo progetto, la nostra passione<\/p><\/blockquote>\n\n\n\n<p><\/p>\n<\/div>\n<\/div>\n\n<div class=\"wp-block-columns is-layout-flex wp-container-core-columns-is-layout-28f84493 wp-block-columns-is-layout-flex\">\n<div class=\"wp-block-column is-layout-flow wp-block-column-is-layout-flow\" style=\"flex-basis:33.33%\">\n<h2 class=\"wp-block-heading\">Valori<\/h2>\n<\/div>\n\n\n\n<div class=\"wp-block-column is-layout-flow wp-block-column-is-layout-flow\" style=\"flex-basis:66.66%\">\n<blockquote class=\"wp-block-quote is-style-default is-layout-flow wp-block-quote-is-layout-flow\"><p><strong>Restituire: <\/strong> Viviamo di progetti opensource e quindi siamo profondamente impegnati a sostenere <a href=\"https:\/\/www.opengis.ch\/it\/la-nostra-iniziativa-di-sostenibilita-qgis\/\">il loro<\/a> <a href=\"https:\/\/www.osgeo.org\/sponsors\/\" target=\"_blank\" rel=\"noreferrer noopener\">benessere tecnologico<\/a> ed economico.<\/p><\/blockquote>\n\n\n\n<blockquote class=\"wp-block-quote is-layout-flow wp-block-quote-is-layout-flow\"><p><strong>Amiamo la natura<\/strong>: Siamo appassionati dell&#8217;outdoor e ci preoccupiamo del nostro parco giochi. Lavorando al 100% da remoto evitiamo il pendolarismo inutile, ogni volta che \u00e8 possibile raggiungiamo i nostri clienti con i mezzi pubblici, quando dobbiamo volare compensiamo i nostri voli e stiamo spostando tutti i nostri server verso hoster CO2 neutrali.<\/p><\/blockquote>\n\n\n\n<blockquote class=\"wp-block-quote is-layout-flow wp-block-quote-is-layout-flow\"><p><strong>Ridurre le disuguaglianze: crediamo<\/strong> che tutti debbano avere accesso ai migliori strumenti e conoscenze possibili. Impegnandosi a sviluppare applicazioni open source diamo a tutti l&#8217;accesso a potenti strumenti per pianificare, rivedere e mitigare i problemi geospaziali.<\/p><\/blockquote>\n\n\n\n<blockquote class=\"wp-block-quote is-layout-flow wp-block-quote-is-layout-flow\"><p><strong>Il nostro team &#8211; il nostro focolare<\/strong>: Fin dalla sua nascita, ad OPENGIS.ch abbiam fatto il possibile per consentire al nostro team di trovare il perfetto equilibrio tra lavoro e vita privata, consentendo a tutti di organizzare l&#8217;orario e luogo di lavoro in armonia con la loro vita.<\/p><\/blockquote>\n<\/div>\n<\/div>\n","protected":false},"excerpt":{"rendered":"<p>Visione Rendere il GIS open-source lo standard di settore de facto spingendo continuamente i suoi prodotti di alta qualit\u00e0 e le tecnologie all&#8217;avanguardia. Missione Sviluppiamo, distribuiamo e manteniamo soluzioni visionarie che creano valore per i nostri clienti. Attraverso pratiche efficienti e cicli di feedback iterativi, ci assicuriamo di superare le [&hellip;]<\/p>\n","protected":false},"author":2,"featured_media":0,"parent":0,"menu_order":0,"comment_status":"closed","ping_status":"closed","template":"","meta":{"_themeisle_gutenberg_block_has_review":false,"footnotes":""},"class_list":["post-10983","page","type-page","status-publish","hentry"],"jetpack-related-posts":[{"id":10966,"url":"https:\/\/www.opengis.ch\/it\/supporto-qgis\/","url_meta":{"origin":10983,"position":0},"title":"Supporto e manutenzione QGIS","author":"Marco Bernasocchi","date":"28 Aprile 2020","format":false,"excerpt":"Abbiamo a cuore voi e le vostre implementazioni: per questo motivo prendiamo molto sul serio l'assistenza e la manutenzione e siamo orgogliosi di offrire contratti di assistenza con SLA. Inoltre, scegliendo uno dei nostri contratti di assistenza, contribuite alla nostra iniziativa di sostenibilit\u00e0 di QGIS. Marco Bernasocchi, CEO Scegliete il\u2026","rel":"","context":"Articolo simile","block_context":{"text":"Articolo simile","link":""},"img":{"alt_text":"","src":"","width":0,"height":0},"classes":[]},{"id":10986,"url":"https:\/\/www.opengis.ch\/it\/qfield-training\/","url_meta":{"origin":10983,"position":1},"title":"Pacchetti di avvio a QField","author":"Marco Bernasocchi","date":"26 Aprile 2019","format":false,"excerpt":"Vuoi iniziare a raccogliere dati sul terreno ma non hai mai lavorato con un GIS? Sei un utente QGIS appassionato e vuoi un'aiuto per iniziare velocemente il lavoro sul terreno? Sei un senior MANAGER GIS e desideri ottimizzare l'efficienza di raccolta dati dei tuoi team? Riserva ora un pacchetto di\u2026","rel":"","context":"Articolo simile","block_context":{"text":"Articolo simile","link":""},"img":{"alt_text":"","src":"https:\/\/i0.wp.com\/www.opengis.ch\/wp-content\/uploads\/2019\/04\/tim-gouw-73926-unsplash.jpg?fit=1200%2C802&ssl=1&resize=350%2C200","width":350,"height":200,"srcset":"https:\/\/i0.wp.com\/www.opengis.ch\/wp-content\/uploads\/2019\/04\/tim-gouw-73926-unsplash.jpg?fit=1200%2C802&ssl=1&resize=350%2C200 1x, https:\/\/i0.wp.com\/www.opengis.ch\/wp-content\/uploads\/2019\/04\/tim-gouw-73926-unsplash.jpg?fit=1200%2C802&ssl=1&resize=525%2C300 1.5x, https:\/\/i0.wp.com\/www.opengis.ch\/wp-content\/uploads\/2019\/04\/tim-gouw-73926-unsplash.jpg?fit=1200%2C802&ssl=1&resize=700%2C400 2x, https:\/\/i0.wp.com\/www.opengis.ch\/wp-content\/uploads\/2019\/04\/tim-gouw-73926-unsplash.jpg?fit=1200%2C802&ssl=1&resize=1050%2C600 3x"},"classes":[]},{"id":10980,"url":"https:\/\/www.opengis.ch\/it\/consulenza\/","url_meta":{"origin":10983,"position":2},"title":"Consulenza","author":"Marco Bernasocchi","date":"12 Gennaio 2015","format":false,"excerpt":"\"Il nostro team esperto e multilingue \u00e8 sempre pronto ad aiutarti a pianificare e migliorare i tuoi flussi di lavoro, ottimizzare le prestazioni dei tuoi strumenti e sviluppare le tue conoscenze in-house.\"Marco Bernasocchi, CEO Consulenza geospaziale Stai pianificando una nuova infrastruttura di geodati? Vuoi migliorare i tuoi flussi di lavoro\u2026","rel":"","context":"Articolo simile","block_context":{"text":"Articolo simile","link":""},"img":{"alt_text":"","src":"","width":0,"height":0},"classes":[]},{"id":10977,"url":"https:\/\/www.opengis.ch\/it\/la-nostra-iniziativa-di-sostenibilita-qgis\/","url_meta":{"origin":10983,"position":3},"title":"La nostra iniziativa di sostenibilit\u00e0 QGIS","author":"Marco Bernasocchi","date":"26 Aprile 2019","format":false,"excerpt":"QGIS is very popular because it is extremely powerful, flexible and stable and can be used without having to worry about licenses or vendor lock-in. A wide range of service providers offer know-how. Professional support for consulting, system integration and implementation new functionalities is always just around the corner. So\u2026","rel":"","context":"Articolo simile","block_context":{"text":"Articolo simile","link":""},"img":{"alt_text":"","src":"https:\/\/i0.wp.com\/opengis.ch\/wp-content\/uploads\/2019\/04\/idea.resized-e1556274573876.png?resize=350%2C200&ssl=1","width":350,"height":200},"classes":[]},{"id":15416,"url":"https:\/\/www.opengis.ch\/it\/crowdfunding-erweiterte-unterstutzung-fur-kreisbogen-in-qgis\/","url_meta":{"origin":10983,"position":4},"title":"Crowdfunding: Erweiterte Unterst\u00fctzung f\u00fcr Kreisb\u00f6gen in QGIS","author":"Matthias Kuhn","date":"7 Aprile 2025","format":false,"excerpt":"Die Vision: Datens\u00e4tze mit Kreisb\u00f6gen sauber bearbeiten Kreisb\u00f6gen sind ein zentrales Element im Vermessungswesen, der saubere Umgang damit ist eine zwingende Voraussetzung f\u00fcr das Arbeiten an und mit Daten der Amtlichen Vermessung. Eine komplette Unterst\u00fctzung von Kreisb\u00f6gen in der Standardsoftware QGIS wird es erm\u00f6glichen, diese Applikation f\u00fcr eine ganze Palette\u2026","rel":"","context":"Articolo simile","block_context":{"text":"Articolo simile","link":""},"img":{"alt_text":"","src":"https:\/\/i0.wp.com\/www.opengis.ch\/wp-content\/uploads\/2025\/04\/image8.png?fit=1200%2C576&ssl=1&resize=350%2C200","width":350,"height":200,"srcset":"https:\/\/i0.wp.com\/www.opengis.ch\/wp-content\/uploads\/2025\/04\/image8.png?fit=1200%2C576&ssl=1&resize=350%2C200 1x, https:\/\/i0.wp.com\/www.opengis.ch\/wp-content\/uploads\/2025\/04\/image8.png?fit=1200%2C576&ssl=1&resize=525%2C300 1.5x, https:\/\/i0.wp.com\/www.opengis.ch\/wp-content\/uploads\/2025\/04\/image8.png?fit=1200%2C576&ssl=1&resize=700%2C400 2x, https:\/\/i0.wp.com\/www.opengis.ch\/wp-content\/uploads\/2025\/04\/image8.png?fit=1200%2C576&ssl=1&resize=1050%2C600 3x"},"classes":[]},{"id":15422,"url":"https:\/\/www.opengis.ch\/de\/crowdfunding-erweiterte-unterstutzung-fur-kreisbogen-in-qgis\/","url_meta":{"origin":10983,"position":5},"title":"Crowdfunding: Erweiterte Unterst\u00fctzung f\u00fcr Kreisb\u00f6gen in QGIS","author":"Matthias Kuhn","date":"7 Aprile 2025","format":false,"excerpt":"Die Vision: Datens\u00e4tze mit Kreisb\u00f6gen sauber bearbeiten Kreisb\u00f6gen sind ein zentrales Element im Vermessungswesen, der saubere Umgang damit ist eine zwingende Voraussetzung f\u00fcr das Arbeiten an und mit Daten der Amtlichen Vermessung. Eine komplette Unterst\u00fctzung von Kreisb\u00f6gen in der Standardsoftware QGIS wird es erm\u00f6glichen, diese Applikation f\u00fcr eine ganze Palette\u2026","rel":"","context":"Articolo simile","block_context":{"text":"Articolo simile","link":""},"img":{"alt_text":"","src":"https:\/\/i0.wp.com\/www.opengis.ch\/wp-content\/uploads\/2025\/04\/image8.png?fit=1200%2C576&ssl=1&resize=350%2C200","width":350,"height":200,"srcset":"https:\/\/i0.wp.com\/www.opengis.ch\/wp-content\/uploads\/2025\/04\/image8.png?fit=1200%2C576&ssl=1&resize=350%2C200 1x, https:\/\/i0.wp.com\/www.opengis.ch\/wp-content\/uploads\/2025\/04\/image8.png?fit=1200%2C576&ssl=1&resize=525%2C300 1.5x, https:\/\/i0.wp.com\/www.opengis.ch\/wp-content\/uploads\/2025\/04\/image8.png?fit=1200%2C576&ssl=1&resize=700%2C400 2x, https:\/\/i0.wp.com\/www.opengis.ch\/wp-content\/uploads\/2025\/04\/image8.png?fit=1200%2C576&ssl=1&resize=1050%2C600 3x"},"classes":[]}],"jetpack_shortlink":"https:\/\/wp.me\/PbdBtI-2R9","jetpack_sharing_enabled":true,"_links":{"self":[{"href":"https:\/\/www.opengis.ch\/it\/wp-json\/wp\/v2\/pages\/10983","targetHints":{"allow":["GET"]}}],"collection":[{"href":"https:\/\/www.opengis.ch\/it\/wp-json\/wp\/v2\/pages"}],"about":[{"href":"https:\/\/www.opengis.ch\/it\/wp-json\/wp\/v2\/types\/page"}],"author":[{"embeddable":true,"href":"https:\/\/www.opengis.ch\/it\/wp-json\/wp\/v2\/users\/2"}],"replies":[{"embeddable":true,"href":"https:\/\/www.opengis.ch\/it\/wp-json\/wp\/v2\/comments?post=10983"}],"version-history":[{"count":5,"href":"https:\/\/www.opengis.ch\/it\/wp-json\/wp\/v2\/pages\/10983\/revisions"}],"predecessor-version":[{"id":11720,"href":"https:\/\/www.opengis.ch\/it\/wp-json\/wp\/v2\/pages\/10983\/revisions\/11720"}],"wp:attachment":[{"href":"https:\/\/www.opengis.ch\/it\/wp-json\/wp\/v2\/media?parent=10983"}],"curies":[{"name":"wp","href":"https:\/\/api.w.org\/{rel}","templated":true}]}}