{"id":10980,"date":"2015-01-12T00:00:26","date_gmt":"2015-01-11T23:00:26","guid":{"rendered":"https:\/\/www.opengis.ch\/training-consulting\/"},"modified":"2020-08-30T23:36:03","modified_gmt":"2020-08-30T21:36:03","slug":"consulenza","status":"publish","type":"page","link":"https:\/\/www.opengis.ch\/it\/consulenza\/","title":{"rendered":"Consulenza"},"content":{"rendered":"\n<blockquote class=\"wp-block-quote is-layout-flow wp-block-quote-is-layout-flow\"><p>&#8220;Il nostro team esperto e multilingue \u00e8 sempre pronto ad aiutarti a pianificare e migliorare i tuoi flussi di lavoro, ottimizzare le prestazioni dei tuoi strumenti e sviluppare le tue conoscenze in-house.&#8221;<\/p><cite>Marco Bernasocchi, CEO<\/cite><\/blockquote>\n<h3>Consulenza geospaziale<\/h3>\n<ul>\n<li>Stai pianificando una nuova infrastruttura di geodati?<\/li>\n<li>Vuoi migliorare i tuoi flussi di lavoro con QGIS?<\/li>\n<li>Hai bisogno di una formazione in-house per sviluppatori e analisti?<\/li>\n<li>Vuoi allontanarti da una soluzione proprietaria?<\/li>\n<\/ul>\n<p>Discutiamo e troviamo la soluzione ottimale per le vostre esigenze.<\/p>\n\n<div class=\"wp-block-button aligncenter is-style-fill\"><a class=\"wp-block-button__link has-background\" href=\"\/it\/#contact\" style=\"background-color:#82cb2a;border-radius:4px\">Contattaci<\/a><\/div>\n\n<p><\/p>\n","protected":false},"excerpt":{"rendered":"<p>&#8220;Il nostro team esperto e multilingue \u00e8 sempre pronto ad aiutarti a pianificare e migliorare i tuoi flussi di lavoro, ottimizzare le prestazioni dei tuoi strumenti e sviluppare le tue conoscenze in-house.&#8221; Marco Bernasocchi, CEO Consulenza geospaziale Stai pianificando una nuova infrastruttura di geodati? Vuoi migliorare i tuoi flussi di [&hellip;]<\/p>\n","protected":false},"author":2,"featured_media":0,"parent":0,"menu_order":0,"comment_status":"closed","ping_status":"closed","template":"","meta":{"_themeisle_gutenberg_block_has_review":false,"jetpack_post_was_ever_published":false,"footnotes":""},"class_list":["post-10980","page","type-page","status-publish","hentry"],"jetpack-related-posts":[{"id":10986,"url":"https:\/\/www.opengis.ch\/it\/qfield-training\/","url_meta":{"origin":10980,"position":0},"title":"Pacchetti di avvio a QField","author":"Marco Bernasocchi","date":"26 Aprile 2019","format":false,"excerpt":"Vuoi iniziare a raccogliere dati sul terreno ma non hai mai lavorato con un GIS? Sei un utente QGIS appassionato e vuoi un'aiuto per iniziare velocemente il lavoro sul terreno? Sei un senior MANAGER GIS e desideri ottimizzare l'efficienza di raccolta dati dei tuoi team? Riserva ora un pacchetto di\u2026","rel":"","context":"Articolo simile","block_context":{"text":"Articolo simile","link":""},"img":{"alt_text":"","src":"https:\/\/i0.wp.com\/www.opengis.ch\/wp-content\/uploads\/2019\/04\/tim-gouw-73926-unsplash.jpg?fit=1200%2C802&ssl=1&resize=350%2C200","width":350,"height":200,"srcset":"https:\/\/i0.wp.com\/www.opengis.ch\/wp-content\/uploads\/2019\/04\/tim-gouw-73926-unsplash.jpg?fit=1200%2C802&ssl=1&resize=350%2C200 1x, https:\/\/i0.wp.com\/www.opengis.ch\/wp-content\/uploads\/2019\/04\/tim-gouw-73926-unsplash.jpg?fit=1200%2C802&ssl=1&resize=525%2C300 1.5x, https:\/\/i0.wp.com\/www.opengis.ch\/wp-content\/uploads\/2019\/04\/tim-gouw-73926-unsplash.jpg?fit=1200%2C802&ssl=1&resize=700%2C400 2x, https:\/\/i0.wp.com\/www.opengis.ch\/wp-content\/uploads\/2019\/04\/tim-gouw-73926-unsplash.jpg?fit=1200%2C802&ssl=1&resize=1050%2C600 3x"},"classes":[]},{"id":10983,"url":"https:\/\/www.opengis.ch\/it\/i-nostri-valori\/","url_meta":{"origin":10980,"position":1},"title":"I nostri valori","author":"Marco Bernasocchi","date":"20 Aprile 2020","format":false,"excerpt":"Visione Rendere il GIS open-source lo standard di settore de facto spingendo continuamente i suoi prodotti di alta qualit\u00e0 e le tecnologie all'avanguardia. Missione Sviluppiamo, distribuiamo e manteniamo soluzioni visionarie che creano valore per i nostri clienti.Attraverso pratiche efficienti e cicli di feedback iterativi, ci assicuriamo di superare le aspettative\u2026","rel":"","context":"Articolo simile","block_context":{"text":"Articolo simile","link":""},"img":{"alt_text":"","src":"","width":0,"height":0},"classes":[]},{"id":10966,"url":"https:\/\/www.opengis.ch\/it\/supporto-qgis\/","url_meta":{"origin":10980,"position":2},"title":"Supporto e manutenzione QGIS","author":"Marco Bernasocchi","date":"28 Aprile 2020","format":false,"excerpt":"Abbiamo a cuore voi e le vostre implementazioni: per questo motivo prendiamo molto sul serio l'assistenza e la manutenzione e siamo orgogliosi di offrire contratti di assistenza con SLA. Inoltre, scegliendo uno dei nostri contratti di assistenza, contribuite alla nostra iniziativa di sostenibilit\u00e0 di QGIS. Marco Bernasocchi, CEO Scegliete il\u2026","rel":"","context":"Articolo simile","block_context":{"text":"Articolo simile","link":""},"img":{"alt_text":"","src":"","width":0,"height":0},"classes":[]},{"id":15420,"url":"https:\/\/www.opengis.ch\/fr\/crowdfunding-un-soutien-fiable-pour-les-arcs-de-cercle-dans-qgis\/","url_meta":{"origin":10980,"position":3},"title":"Crowdfunding: un soutien fiable pour les arcs de cercle dans QGIS","author":"Matthias Kuhn","date":"7 Aprile 2025","format":false,"excerpt":"La vision: un traitement optimal des jeux de donn\u00e9es avec des arcs de cercle Les arcs de cercle sont un \u00e9l\u00e9ment central dans le domaine de la g\u00e9omatique. Une gestion pr\u00e9cise et fiable de ces \u00e9l\u00e9ments est une condition essentielle pour travailler avec les donn\u00e9es de la mensuration officielle. Une\u2026","rel":"","context":"Articolo simile","block_context":{"text":"Articolo simile","link":""},"img":{"alt_text":"","src":"https:\/\/i0.wp.com\/www.opengis.ch\/wp-content\/uploads\/2025\/04\/image8.png?fit=1200%2C576&ssl=1&resize=350%2C200","width":350,"height":200,"srcset":"https:\/\/i0.wp.com\/www.opengis.ch\/wp-content\/uploads\/2025\/04\/image8.png?fit=1200%2C576&ssl=1&resize=350%2C200 1x, https:\/\/i0.wp.com\/www.opengis.ch\/wp-content\/uploads\/2025\/04\/image8.png?fit=1200%2C576&ssl=1&resize=525%2C300 1.5x, https:\/\/i0.wp.com\/www.opengis.ch\/wp-content\/uploads\/2025\/04\/image8.png?fit=1200%2C576&ssl=1&resize=700%2C400 2x, https:\/\/i0.wp.com\/www.opengis.ch\/wp-content\/uploads\/2025\/04\/image8.png?fit=1200%2C576&ssl=1&resize=1050%2C600 3x"},"classes":[]},{"id":10984,"url":"https:\/\/www.opengis.ch\/fr\/qfield-training\/","url_meta":{"origin":10980,"position":4},"title":"Formations rapide \u00e0 QField","author":"Marco Bernasocchi","date":"26 Aprile 2019","format":false,"excerpt":"Vous souhaitez collecter des donn\u00e9es sur le terrain, mais n\u2019avez jamais utilis\u00e9 de SIG auparavent ? Vous \u00eates un utilisateur averti de QGIS, et souhaitez vous pr\u00e9parer pour le terrain ? Vous g\u00e9rez une \u00e9quipe d\u2019utilisateurs, et souhaitez am\u00e9liorer l\u2019efficacit\u00e9 de votre \u00e9quipe sur le terrain ? D\u00e9couvrez nos modules\u2026","rel":"","context":"Articolo simile","block_context":{"text":"Articolo simile","link":""},"img":{"alt_text":"","src":"https:\/\/i0.wp.com\/www.opengis.ch\/wp-content\/uploads\/2019\/04\/tim-gouw-73926-unsplash.jpg?fit=1200%2C802&ssl=1&resize=350%2C200","width":350,"height":200,"srcset":"https:\/\/i0.wp.com\/www.opengis.ch\/wp-content\/uploads\/2019\/04\/tim-gouw-73926-unsplash.jpg?fit=1200%2C802&ssl=1&resize=350%2C200 1x, https:\/\/i0.wp.com\/www.opengis.ch\/wp-content\/uploads\/2019\/04\/tim-gouw-73926-unsplash.jpg?fit=1200%2C802&ssl=1&resize=525%2C300 1.5x, https:\/\/i0.wp.com\/www.opengis.ch\/wp-content\/uploads\/2019\/04\/tim-gouw-73926-unsplash.jpg?fit=1200%2C802&ssl=1&resize=700%2C400 2x, https:\/\/i0.wp.com\/www.opengis.ch\/wp-content\/uploads\/2019\/04\/tim-gouw-73926-unsplash.jpg?fit=1200%2C802&ssl=1&resize=1050%2C600 3x"},"classes":[]},{"id":11291,"url":"https:\/\/www.opengis.ch\/fr\/pourquoi-nous\/","url_meta":{"origin":10980,"position":5},"title":"Pourquoi nous?","author":"Marco Bernasocchi","date":"30 Aprile 2020","format":false,"excerpt":"Nous sommes des GeoNinjas \u00e0 part enti\u00e8re et offrons un service personnalis\u00e9 en fonction de vos besoins en mati\u00e8re de g\u00e9odonn\u00e9es.Notre vaste exp\u00e9rience dans les technologies open source, combin\u00e9e \u00e0 notre nature flexible et vari\u00e9e, vous aidera \u00e0 mettre en \u0153uvre rapidement la solution que vous envisagez, avec un faible\u2026","rel":"","context":"Articolo simile","block_context":{"text":"Articolo simile","link":""},"img":{"alt_text":"","src":"https:\/\/i0.wp.com\/www.opengis.ch\/wp-content\/uploads\/2020\/04\/theteam_2.png?fit=1200%2C289&ssl=1&resize=350%2C200","width":350,"height":200,"srcset":"https:\/\/i0.wp.com\/www.opengis.ch\/wp-content\/uploads\/2020\/04\/theteam_2.png?fit=1200%2C289&ssl=1&resize=350%2C200 1x, https:\/\/i0.wp.com\/www.opengis.ch\/wp-content\/uploads\/2020\/04\/theteam_2.png?fit=1200%2C289&ssl=1&resize=525%2C300 1.5x, https:\/\/i0.wp.com\/www.opengis.ch\/wp-content\/uploads\/2020\/04\/theteam_2.png?fit=1200%2C289&ssl=1&resize=700%2C400 2x, https:\/\/i0.wp.com\/www.opengis.ch\/wp-content\/uploads\/2020\/04\/theteam_2.png?fit=1200%2C289&ssl=1&resize=1050%2C600 3x"},"classes":[]}],"jetpack_shortlink":"https:\/\/wp.me\/PbdBtI-2R6","jetpack_sharing_enabled":true,"_links":{"self":[{"href":"https:\/\/www.opengis.ch\/it\/wp-json\/wp\/v2\/pages\/10980","targetHints":{"allow":["GET"]}}],"collection":[{"href":"https:\/\/www.opengis.ch\/it\/wp-json\/wp\/v2\/pages"}],"about":[{"href":"https:\/\/www.opengis.ch\/it\/wp-json\/wp\/v2\/types\/page"}],"author":[{"embeddable":true,"href":"https:\/\/www.opengis.ch\/it\/wp-json\/wp\/v2\/users\/2"}],"replies":[{"embeddable":true,"href":"https:\/\/www.opengis.ch\/it\/wp-json\/wp\/v2\/comments?post=10980"}],"version-history":[{"count":3,"href":"https:\/\/www.opengis.ch\/it\/wp-json\/wp\/v2\/pages\/10980\/revisions"}],"predecessor-version":[{"id":11711,"href":"https:\/\/www.opengis.ch\/it\/wp-json\/wp\/v2\/pages\/10980\/revisions\/11711"}],"wp:attachment":[{"href":"https:\/\/www.opengis.ch\/it\/wp-json\/wp\/v2\/media?parent=10980"}],"curies":[{"name":"wp","href":"https:\/\/api.w.org\/{rel}","templated":true}]}}