{"id":10977,"date":"2019-04-26T13:09:41","date_gmt":"2019-04-26T11:09:41","guid":{"rendered":"https:\/\/www.opengis.ch\/qgis-sustainability-initiative\/"},"modified":"2020-04-28T17:36:04","modified_gmt":"2020-04-28T15:36:04","slug":"la-nostra-iniziativa-di-sostenibilita-qgis","status":"publish","type":"page","link":"https:\/\/www.opengis.ch\/it\/la-nostra-iniziativa-di-sostenibilita-qgis\/","title":{"rendered":"La nostra iniziativa di sostenibilit\u00e0 QGIS"},"content":{"rendered":"\n<p><a href=\"https:\/\/qgis.org\">QGIS<\/a> is very popular because it is extremely powerful, flexible and stable and can be used without having to worry about licenses or vendor lock-in. <\/p>\n\n\n\n<p>A wide range of service providers offer know-how. Professional support for consulting, system integration and implementation new functionalities is always just around the corner.<\/p>\n\n\n\n<p>So why should OPENGIS.ch be your first choice for your <a href=\"https:\/\/www.opengis.ch\/it\/supporto-qgis\/\">QGIS support contracts<\/a>? <\/p>\n\n\n\n<blockquote class=\"wp-block-quote is-style-default is-layout-flow wp-block-quote-is-layout-flow\"><p>Because besides being absolute QGIS experts and making sure your projects are a success, our support contracts include our QGIS sustainability initiative and thus help QGIS ecosystem to grow sustainably.<\/p><\/blockquote>\n\n\n\n<h2 class=\"has-text-align-right wp-block-heading\" id=\"initiative\">The initiative<br><\/h2>\n\n\n\n<div class=\"wp-block-columns has-2-columns is-layout-flex wp-container-core-columns-is-layout-28f84493 wp-block-columns-is-layout-flex\">\n<div class=\"wp-block-column is-layout-flow wp-block-column-is-layout-flow\">\n<p>We have launched the <strong>QGIS sustainability initiative <\/strong>to allow us to invest time in hidden tasks that are necessary to deliver a stable and reliable software like QGIS is.<\/p>\n<\/div>\n\n\n\n<div class=\"wp-block-column is-layout-flow wp-block-column-is-layout-flow\">\n<figure class=\"wp-block-image\"><img data-recalc-dims=\"1\" loading=\"lazy\" decoding=\"async\" width=\"128\" height=\"128\" src=\"https:\/\/i0.wp.com\/opengis.ch\/wp-content\/uploads\/2019\/04\/idea.resized-e1556274573876.png?resize=128%2C128&#038;ssl=1\" alt=\"\" class=\"wp-image-6572\"\/><\/figure>\n<\/div>\n<\/div>\n\n\n\n<p><strong>For every support contract of more than 10 days, we donate days to the initiative<\/strong>. In addition, all unused hours at the end of the year of each contract are also donated to the initiative.<\/p>\n\n\n\n<p>Tasks like the ones below are often underestimated and require a lot of time. By buying our support contract you help <strong>enable a long-term and sustainable development of QGIS<\/strong> ecosystem. <\/p>\n\n\n\n<h2 class=\"wp-block-heading\">Bugfixing<\/h2>\n\n\n\n<div class=\"wp-block-columns has-2-columns is-layout-flex wp-container-core-columns-is-layout-28f84493 wp-block-columns-is-layout-flex\">\n<div class=\"wp-block-column is-layout-flow wp-block-column-is-layout-flow\">\n<figure class=\"wp-block-image\"><img data-recalc-dims=\"1\" loading=\"lazy\" decoding=\"async\" width=\"128\" height=\"128\" src=\"https:\/\/i0.wp.com\/opengis.ch\/wp-content\/uploads\/2019\/04\/bug.resized-e1556274436537.png?resize=128%2C128&#038;ssl=1\" alt=\"\" class=\"wp-image-6568\"\/><\/figure>\n<\/div>\n\n\n\n<div class=\"wp-block-column is-layout-flow wp-block-column-is-layout-flow\">\n<p>Any change to a software carries the risk of unintentionally introducing unwanted side effects. Likewise, some problems surface only with time and intensive use.<\/p>\n<\/div>\n<\/div>\n\n\n\n<p>QGIS publishes monthly stability updates in which various problems are solved. The QGIS sustainability initiative ensures that <strong>more critical bugs can be fixed <\/strong>in each of these.<\/p>\n\n\n\n<h2 class=\"has-text-align-right wp-block-heading\">Code Reviews<br><\/h2>\n\n\n\n<div class=\"wp-block-columns has-2-columns is-layout-flex wp-container-core-columns-is-layout-28f84493 wp-block-columns-is-layout-flex\">\n<div class=\"wp-block-column is-layout-flow wp-block-column-is-layout-flow\">\n<p>New functionalities are regularly proposed for QGIS, in part by experienced and well-known developers, in part by new developers. Before entering QGIS&#8217; code-base, these contributions need to be reviewed  by other QGIS&#8217; developers to assure they meet the required quality standards. <\/p>\n<\/div>\n\n\n\n<div class=\"wp-block-column is-layout-flow wp-block-column-is-layout-flow\">\n<figure class=\"wp-block-image\"><img data-recalc-dims=\"1\" loading=\"lazy\" decoding=\"async\" width=\"128\" height=\"128\" src=\"https:\/\/i0.wp.com\/opengis.ch\/wp-content\/uploads\/2019\/04\/ok.resized-e1556274495670.png?resize=128%2C128&#038;ssl=1\" alt=\"\" class=\"wp-image-6576\"\/><\/figure>\n<\/div>\n<\/div>\n\n\n\n<p>The QGIS sustainability initiative ensures that <strong>important code can be integrated with confidence<\/strong> and <strong>new developers are onboarded<\/strong> in a timely manner.<\/p>\n\n\n\n<h2 class=\"wp-block-heading\"> Codebase Q \/ A<br><\/h2>\n\n\n\n<div class=\"wp-block-columns has-2-columns is-layout-flex wp-container-core-columns-is-layout-28f84493 wp-block-columns-is-layout-flex\">\n<div class=\"wp-block-column is-layout-flow wp-block-column-is-layout-flow\">\n<figure class=\"wp-block-image\"><img data-recalc-dims=\"1\" loading=\"lazy\" decoding=\"async\" width=\"128\" height=\"128\" src=\"https:\/\/i0.wp.com\/opengis.ch\/wp-content\/uploads\/2019\/04\/shield.resized-e1556274515877.png?resize=128%2C128&#038;ssl=1\" alt=\"\" class=\"wp-image-6580\"\/><\/figure>\n<\/div>\n\n\n\n<div class=\"wp-block-column is-layout-flow wp-block-column-is-layout-flow\">\n<p>The core of QGIS is a complex component that has to be constantly maintained. This is key to QGIS meeting current technological requirements, stability and ease of code maintenance.<br><\/p>\n<\/div>\n<\/div>\n\n\n\n<p>The QGIS sustainability initiative helps the core of QGIS to <strong>keep up with modern technological requirements.<\/strong><\/p>\n\n\n\n<p class=\"has-text-align-right has-small-font-size\"><em>Icons by Freepik from <\/em><a href=\"https:\/\/flaticon.com\"><em>flaticon.com<\/em><\/a><\/p>\n\n\n\n<div class=\"wp-block-button aligncenter\"><a class=\"wp-block-button__link has-background\" href=\"https:\/\/www.opengis.ch\/qgis-support\/\" style=\"background-color:#82cb2a\">Get a support contract<\/a><\/div>\n","protected":false},"excerpt":{"rendered":"<p>QGIS is very popular because it is extremely powerful, flexible and stable and can be used without having to worry about licenses or vendor lock-in. A wide range of service providers offer know-how. Professional support for consulting, system integration and implementation new functionalities is always just around the corner. So [&hellip;]<\/p>\n","protected":false},"author":2,"featured_media":0,"parent":0,"menu_order":0,"comment_status":"closed","ping_status":"closed","template":"","meta":{"_themeisle_gutenberg_block_has_review":false,"jetpack_post_was_ever_published":false,"footnotes":""},"class_list":["post-10977","page","type-page","status-publish","hentry"],"jetpack-related-posts":[{"id":10975,"url":"https:\/\/www.opengis.ch\/fr\/qgis-sustainability-initiative\/","url_meta":{"origin":10977,"position":0},"title":"Our QGIS Sustainability initiative #sustainQGIS","author":"Marco Bernasocchi","date":"26 Aprile 2019","format":false,"excerpt":"QGIS and QField are very popular because they are extremely powerful, flexible and stable and can be used without having to worry about licenses or vendor lock-in. A wide range of service providers offer know-how. Professional support for consulting, system integration and implementation new functionalities is always just around the\u2026","rel":"","context":"Articolo simile","block_context":{"text":"Articolo simile","link":""},"img":{"alt_text":"","src":"https:\/\/i0.wp.com\/opengis.ch\/wp-content\/uploads\/2019\/04\/idea.resized-e1556274573876.png?resize=350%2C200&ssl=1","width":350,"height":200},"classes":[]},{"id":10976,"url":"https:\/\/www.opengis.ch\/de\/qgis-sustainability-initiative\/","url_meta":{"origin":10977,"position":1},"title":"Our QGIS Sustainability initiative #sustainQGIS","author":"Marco Bernasocchi","date":"26 Aprile 2019","format":false,"excerpt":"QGIS and QField are very popular because they are extremely powerful, flexible and stable and can be used without having to worry about licenses or vendor lock-in. A wide range of service providers offer know-how. Professional support for consulting, system integration and implementation new functionalities is always just around the\u2026","rel":"","context":"Articolo simile","block_context":{"text":"Articolo simile","link":""},"img":{"alt_text":"","src":"https:\/\/i0.wp.com\/opengis.ch\/wp-content\/uploads\/2019\/04\/idea.resized-e1556274573876.png?resize=350%2C200&ssl=1","width":350,"height":200},"classes":[]},{"id":6549,"url":"https:\/\/www.opengis.ch\/qgis-sustainability-initiative\/","url_meta":{"origin":10977,"position":2},"title":"Our QGIS Sustainability initiative #sustainQGIS","author":"Marco Bernasocchi","date":"26 Aprile 2019","format":false,"excerpt":"QGIS and QField are very popular because they are extremely powerful, flexible and stable and can be used without having to worry about licenses or vendor lock-in. A wide range of service providers offer know-how. Professional support for consulting, system integration and implementation new functionalities is always just around the\u2026","rel":"","context":"Articolo simile","block_context":{"text":"Articolo simile","link":""},"img":{"alt_text":"","src":"https:\/\/i0.wp.com\/opengis.ch\/wp-content\/uploads\/2019\/04\/idea.resized-e1556274573876.png?resize=350%2C200&ssl=1","width":350,"height":200},"classes":[]},{"id":9696,"url":"https:\/\/www.opengis.ch\/qgis-support\/","url_meta":{"origin":10977,"position":3},"title":"QGIS Support &#038; maintenance","author":"Marco Bernasocchi","date":"26 Aprile 2019","format":false,"excerpt":"We deeply care about you and your deployments and this is why we take support and maintenance very seriously and are proud to offer support contracts with SLAs. Furthermore, by choosing one of our support contracts you help our QGIS sustainability initiative. Marco Bernasocchi, CEO Choose Your Plan An OPENGIS.ch\u2026","rel":"","context":"Articolo simile","block_context":{"text":"Articolo simile","link":""},"img":{"alt_text":"","src":"","width":0,"height":0},"classes":[]},{"id":10968,"url":"https:\/\/www.opengis.ch\/fr\/support-qgis\/","url_meta":{"origin":10977,"position":4},"title":"Support et maintenance QGIS","author":"Marco Bernasocchi","date":"28 Aprile 2020","format":false,"excerpt":"Nous prenons le support et la maintenance de vos d\u00e9ploiements tr\u00e8s au s\u00e9rieux. C\u2019est pourquoi nous sommes fiers de pouvoir proposer des contrats de support avec des accords de niveau de services (SLA). En souscrivant \u00e0 nos contrats de support, vous participez \u00e9galement \u00e0 notre initiative pour l\u2019am\u00e9lioration de QGIS.\u2026","rel":"","context":"Articolo simile","block_context":{"text":"Articolo simile","link":""},"img":{"alt_text":"","src":"","width":0,"height":0},"classes":[]},{"id":590,"url":"https:\/\/www.opengis.ch\/it\/android-gis\/","url_meta":{"origin":10977,"position":5},"title":"Android GIS","author":"Marco Bernasocchi","date":"20 Maggio 2012","format":false,"excerpt":"QField for QGIS focuses on efficiently getting GIS field work done and combines a minimal design with sophisticated technology to get data from the field to the office in a comfortable and easy way. Since December 2014 OPENGIS.ch is dedicated to making QField (formerly QGIS mobile) the best mobile GIS\u2026","rel":"","context":"Articolo simile","block_context":{"text":"Articolo simile","link":""},"img":{"alt_text":"","src":"https:\/\/i0.wp.com\/www.opengis.ch\/wp-content\/uploads\/2012\/02\/P20120123101751.png?fit=1200%2C750&ssl=1&resize=350%2C200","width":350,"height":200,"srcset":"https:\/\/i0.wp.com\/www.opengis.ch\/wp-content\/uploads\/2012\/02\/P20120123101751.png?fit=1200%2C750&ssl=1&resize=350%2C200 1x, https:\/\/i0.wp.com\/www.opengis.ch\/wp-content\/uploads\/2012\/02\/P20120123101751.png?fit=1200%2C750&ssl=1&resize=525%2C300 1.5x, https:\/\/i0.wp.com\/www.opengis.ch\/wp-content\/uploads\/2012\/02\/P20120123101751.png?fit=1200%2C750&ssl=1&resize=700%2C400 2x, https:\/\/i0.wp.com\/www.opengis.ch\/wp-content\/uploads\/2012\/02\/P20120123101751.png?fit=1200%2C750&ssl=1&resize=1050%2C600 3x"},"classes":[]}],"jetpack_shortlink":"https:\/\/wp.me\/PbdBtI-2R3","jetpack_sharing_enabled":true,"_links":{"self":[{"href":"https:\/\/www.opengis.ch\/it\/wp-json\/wp\/v2\/pages\/10977","targetHints":{"allow":["GET"]}}],"collection":[{"href":"https:\/\/www.opengis.ch\/it\/wp-json\/wp\/v2\/pages"}],"about":[{"href":"https:\/\/www.opengis.ch\/it\/wp-json\/wp\/v2\/types\/page"}],"author":[{"embeddable":true,"href":"https:\/\/www.opengis.ch\/it\/wp-json\/wp\/v2\/users\/2"}],"replies":[{"embeddable":true,"href":"https:\/\/www.opengis.ch\/it\/wp-json\/wp\/v2\/comments?post=10977"}],"version-history":[{"count":2,"href":"https:\/\/www.opengis.ch\/it\/wp-json\/wp\/v2\/pages\/10977\/revisions"}],"predecessor-version":[{"id":11075,"href":"https:\/\/www.opengis.ch\/it\/wp-json\/wp\/v2\/pages\/10977\/revisions\/11075"}],"wp:attachment":[{"href":"https:\/\/www.opengis.ch\/it\/wp-json\/wp\/v2\/media?parent=10977"}],"curies":[{"name":"wp","href":"https:\/\/api.w.org\/{rel}","templated":true}]}}