{"id":10966,"date":"2020-04-28T16:48:19","date_gmt":"2020-04-28T14:48:19","guid":{"rendered":"https:\/\/www.opengis.ch\/?page_id=10966"},"modified":"2025-11-06T14:50:55","modified_gmt":"2025-11-06T13:50:55","slug":"supporto-qgis","status":"publish","type":"page","link":"https:\/\/www.opengis.ch\/it\/supporto-qgis\/","title":{"rendered":"Supporto e manutenzione QGIS"},"content":{"rendered":"\n<blockquote class=\"wp-block-quote is-layout-flow wp-block-quote-is-layout-flow\">\n<p>Abbiamo a cuore voi e le vostre implementazioni: per questo motivo prendiamo molto sul serio l&#8217;assistenza e la manutenzione e siamo orgogliosi di offrire contratti di assistenza con SLA.<\/p>\n\n\n\n<p>Inoltre, scegliendo uno dei nostri contratti di assistenza, contribuite alla nostra <a href=\"https:\/\/www.opengis.ch\/it\/la-nostra-iniziativa-di-sostenibilita-qgis\/\">iniziativa di sostenibilit\u00e0 di QGIS<\/a>.<\/p>\n<cite>Marco Bernasocchi, CEO<\/cite><\/blockquote>\n\n\n\n<div id=\"wp-block-themeisle-blocks-advanced-columns-b3523e5f\" class=\"wp-block-themeisle-blocks-advanced-columns alignfull has-2-columns has-desktop-oneTwo-layout has-tablet-equal-layout has-mobile-collapsedRows-layout has-vertical-unset has-wider-gap\"><div class=\"wp-block-themeisle-blocks-advanced-columns-overlay\"><\/div><div class=\"innerblocks-wrap\">\n<div id=\"wp-block-themeisle-blocks-advanced-column-221ee813\" class=\"wp-block-themeisle-blocks-advanced-column\">\n<h2 id=\"wp-block-themeisle-blocks-advanced-heading-893e920c\" class=\"wp-block-themeisle-blocks-advanced-heading wp-block-themeisle-blocks-advanced-heading-893e920c\">Scegliete il vostro piano<\/h2>\n\n\n\n<p>Un contratto di assistenza OPENGIS.ch vi garantisce un team di esperti geospaziali a portata di mano. <\/p>\n\n\n\n<p>Grazie a una piattaforma di supporto all&#8217;avanguardia e a <strong>SLA<\/strong>dedicati, riceverete sempre le vostre risposte in tempo.<\/p>\n\n\n\n<p>Inoltre, scegliendo un contratto di assistenza OPENGIS.ch, sostenete la nostra<a href=\"https:\/\/www.opengis.ch\/our-qgis-sustainability-initiative\/#initiative\"> iniziativa di<\/a> <a href=\"https:\/\/www.opengis.ch\/it\/la-nostra-iniziativa-di-sostenibilita-qgis\/\">sostenibilit\u00e0 QGIS<\/a> e quindi aiutate QGIS a crescere in modo sostenibile. Per ogni contratto di assistenza di 10 o pi\u00f9 giorni, doniamo giorni aggiuntivi all&#8217;iniziativa di sostenibilit\u00e0 di QGIS. Invece di essere perse, tutte le ore non utilizzate alla fine dei 12 mesi di ogni contratto vengono donate all&#8217;iniziativa di sostenibilit\u00e0 di QGIS.<\/p>\n\n\n\n<h3 class=\"wp-block-heading\">Che cosa \u00e8 coperto?<\/h3>\n\n\n\n<div class=\"wp-block-group\"><div class=\"wp-block-group__inner-container is-layout-flow wp-block-group-is-layout-flow\">\n<ul class=\"wp-block-list\">\n<li>Versione attuale di QGIS secondo <a href=\"https:\/\/qgis.org\/en\/site\/getinvolved\/development\/roadmap.html\">qgis.org<\/a><\/li>\n\n\n\n<li>Attuale versione a lungo termine (LTR) di QGIS secondo <a href=\"https:\/\/qgis.org\/en\/site\/getinvolved\/development\/roadmap.html\">qgis.org<\/a><\/li>\n\n\n\n<li>Versione attuale di QField secondo <a href=\"https:\/\/qfield.org\/releases\">qfield.org<\/a><\/li>\n\n\n\n<li>Il linguaggio di programmazione Python nel contesto di QGIS<\/li>\n\n\n\n<li>Altri componenti di sistema correlati a QGIS che sono rilevanti per il buon funzionamento della vostra infrastruttura geospaziale. <\/li>\n<\/ul>\n<\/div><\/div>\n<\/div>\n\n\n\n<div id=\"wp-block-themeisle-blocks-advanced-column-6cbdc18c\" class=\"wp-block-themeisle-blocks-advanced-column\">\n<div id=\"wp-block-themeisle-blocks-advanced-columns-0f3939fb\" class=\"wp-block-themeisle-blocks-advanced-columns has-4-columns has-desktop-equal-layout has-tablet-equal-layout has-mobile-collapsedRows-layout has-vertical-unset\"><div class=\"wp-block-themeisle-blocks-advanced-columns-overlay\"><\/div><div class=\"innerblocks-wrap\">\n<div id=\"wp-block-themeisle-blocks-advanced-column-8a78ddd2\" class=\"wp-block-themeisle-blocks-advanced-column has-light-bg\">\n<div class=\"wp-block-themeisle-blocks-pricing\">\n<h5 id=\"wp-block-themeisle-blocks-advanced-heading-e913400e\" class=\"wp-block-themeisle-blocks-advanced-heading wp-block-themeisle-blocks-advanced-heading-e913400e\">Personale<\/h5>\n\n\n\n<hr class=\"wp-block-separator has-css-opacity is-style-wide\"\/>\n\n\n\n<h3 id=\"wp-block-themeisle-blocks-advanced-heading-b045ac79\" class=\"wp-block-themeisle-blocks-advanced-heading wp-block-themeisle-blocks-advanced-heading-b045ac79\">2 Giorni di supporto<\/h3>\n\n\n\n<p id=\"wp-block-themeisle-blocks-advanced-heading-f6c88b53\" class=\"wp-block-themeisle-blocks-advanced-heading wp-block-themeisle-blocks-advanced-heading-f6c88b53\">3200 CHF*<\/p>\n\n\n\n<p id=\"wp-block-themeisle-blocks-advanced-heading-6f59fed7\" class=\"wp-block-themeisle-blocks-advanced-heading wp-block-themeisle-blocks-advanced-heading-6f59fed7\">SLA di base incluso<\/p>\n\n\n\n<p id=\"wp-block-themeisle-blocks-advanced-heading-39a719a7\" class=\"wp-block-themeisle-blocks-advanced-heading wp-block-themeisle-blocks-advanced-heading-39a719a7\">SLA estesi non disponibili<\/p>\n\n\n\n<p id=\"wp-block-themeisle-blocks-advanced-heading-09bc8285\" class=\"wp-block-themeisle-blocks-advanced-heading wp-block-themeisle-blocks-advanced-heading-09bc8285\">Nessun giorno di iniziativa QGIS<\/p>\n\n\n\n<p id=\"wp-block-themeisle-blocks-advanced-heading-b852beb8\" class=\"wp-block-themeisle-blocks-advanced-heading wp-block-themeisle-blocks-advanced-heading-b852beb8\">Sconto del 5% dal secondo anno<\/p>\n\n\n\n<div id=\"wp-block-themeisle-blocks-button-group-344cc28e\" class=\"wp-block-themeisle-blocks-button-group wp-block-buttons align-center\">\n<div id=\"wp-block-themeisle-blocks-button-1a052bb0\" class=\"wp-block-themeisle-blocks-button wp-block-button\"><a href=\"https:\/\/www.opengis.ch\/order-support-contract\/?days=2\" target=\"_self\" rel=\"noopener noreferrer\" class=\"wp-block-button__link\"><span>Richiedi ora<\/span><\/a><\/div>\n<\/div>\n<\/div>\n<\/div>\n\n\n\n<div id=\"wp-block-themeisle-blocks-advanced-column-651e004b\" class=\"wp-block-themeisle-blocks-advanced-column\">\n<div class=\"wp-block-themeisle-blocks-pricing\">\n<h5 id=\"wp-block-themeisle-blocks-advanced-heading-891e5151\" class=\"wp-block-themeisle-blocks-advanced-heading wp-block-themeisle-blocks-advanced-heading-891e5151\">Startup<\/h5>\n\n\n\n<hr class=\"wp-block-separator has-css-opacity is-style-wide\"\/>\n\n\n\n<h3 id=\"wp-block-themeisle-blocks-advanced-heading-0da711c7\" class=\"wp-block-themeisle-blocks-advanced-heading wp-block-themeisle-blocks-advanced-heading-0da711c7\">5 Giorni di supporto<\/h3>\n\n\n\n<p id=\"wp-block-themeisle-blocks-advanced-heading-6aaf84fd\" class=\"wp-block-themeisle-blocks-advanced-heading wp-block-themeisle-blocks-advanced-heading-6aaf84fd\">7200 CHF*<\/p>\n\n\n\n<p id=\"wp-block-themeisle-blocks-advanced-heading-23e2d908\" class=\"wp-block-themeisle-blocks-advanced-heading wp-block-themeisle-blocks-advanced-heading-23e2d908\">SLA di base incluso<\/p>\n\n\n\n<p id=\"wp-block-themeisle-blocks-advanced-heading-0387efc3\" class=\"wp-block-themeisle-blocks-advanced-heading wp-block-themeisle-blocks-advanced-heading-0387efc3\">SLA estesi non disponibili<\/p>\n\n\n\n<p id=\"wp-block-themeisle-blocks-advanced-heading-eada2fa0\" class=\"wp-block-themeisle-blocks-advanced-heading wp-block-themeisle-blocks-advanced-heading-eada2fa0\">Nessun giorno di iniziativa QGIS<\/p>\n\n\n\n<p id=\"wp-block-themeisle-blocks-advanced-heading-efbfbd95\" class=\"wp-block-themeisle-blocks-advanced-heading wp-block-themeisle-blocks-advanced-heading-efbfbd95\">Sconto del 5% dal secondo anno<\/p>\n\n\n\n<div id=\"wp-block-themeisle-blocks-button-group-63efb1a5\" class=\"wp-block-themeisle-blocks-button-group wp-block-buttons align-center\">\n<div id=\"wp-block-themeisle-blocks-button-0b4c6860\" class=\"wp-block-themeisle-blocks-button wp-block-button\"><a href=\"https:\/\/www.opengis.ch\/order-support-contract\/?days=5\" target=\"_self\" rel=\"noopener noreferrer\" class=\"wp-block-button__link\"><span>Richiedi ora<\/span><\/a><\/div>\n<\/div>\n\n\n\n<p><\/p>\n<\/div>\n<\/div>\n\n\n\n<div id=\"wp-block-themeisle-blocks-advanced-column-26f42fed\" class=\"wp-block-themeisle-blocks-advanced-column\">\n<div class=\"wp-block-group\"><div class=\"wp-block-group__inner-container is-layout-flow wp-block-group-is-layout-flow\">\n<h5 id=\"wp-block-themeisle-blocks-advanced-heading-33dd0db0\" class=\"wp-block-themeisle-blocks-advanced-heading wp-block-themeisle-blocks-advanced-heading-33dd0db0\">Business<\/h5>\n\n\n\n<hr class=\"wp-block-separator has-css-opacity is-style-wide\"\/>\n\n\n\n<h3 id=\"wp-block-themeisle-blocks-advanced-heading-b9db477f\" class=\"wp-block-themeisle-blocks-advanced-heading wp-block-themeisle-blocks-advanced-heading-b9db477f\">10 giorni di supporto<\/h3>\n\n\n\n<p id=\"wp-block-themeisle-blocks-advanced-heading-06b64997\" class=\"wp-block-themeisle-blocks-advanced-heading wp-block-themeisle-blocks-advanced-heading-06b64997\">14400 CHF*<\/p>\n\n\n\n<p id=\"wp-block-themeisle-blocks-advanced-heading-da733a30\" class=\"wp-block-themeisle-blocks-advanced-heading wp-block-themeisle-blocks-advanced-heading-da733a30\">SLA di base incluso<\/p>\n\n\n\n<p id=\"wp-block-themeisle-blocks-advanced-heading-899732e1\" class=\"wp-block-themeisle-blocks-advanced-heading wp-block-themeisle-blocks-advanced-heading-899732e1\">SLA estesi disponibili<\/p>\n\n\n\n<p id=\"wp-block-themeisle-blocks-advanced-heading-9739e94e\" class=\"wp-block-themeisle-blocks-advanced-heading wp-block-themeisle-blocks-advanced-heading-9739e94e\">0,5 Giorni di iniziativa QGIS<\/p>\n\n\n\n<p id=\"wp-block-themeisle-blocks-advanced-heading-87c2967a\" class=\"wp-block-themeisle-blocks-advanced-heading wp-block-themeisle-blocks-advanced-heading-87c2967a\">Sconto del 5% dal secondo anno<\/p>\n\n\n\n<div id=\"wp-block-themeisle-blocks-button-group-a3610c3e\" class=\"wp-block-themeisle-blocks-button-group wp-block-buttons align-center\">\n<div id=\"wp-block-themeisle-blocks-button-59aead7d\" class=\"wp-block-themeisle-blocks-button wp-block-button\"><a href=\"https:\/\/www.opengis.ch\/order-support-contract\/?days=10\" target=\"_self\" rel=\"noopener noreferrer\" class=\"wp-block-button__link\"><span>Richiedi ora<\/span><\/a><\/div>\n<\/div>\n<\/div><\/div>\n<\/div>\n\n\n\n<div id=\"wp-block-themeisle-blocks-advanced-column-dec6d3d1\" class=\"wp-block-themeisle-blocks-advanced-column\">\n<div class=\"wp-block-group\"><div class=\"wp-block-group__inner-container is-layout-flow wp-block-group-is-layout-flow\">\n<h5 id=\"wp-block-themeisle-blocks-advanced-heading-57ffbb42\" class=\"wp-block-themeisle-blocks-advanced-heading wp-block-themeisle-blocks-advanced-heading-57ffbb42\">Enterprise<\/h5>\n\n\n\n<hr class=\"wp-block-separator has-css-opacity is-style-wide\"\/>\n\n\n\n<h3 id=\"wp-block-themeisle-blocks-advanced-heading-c4775b7c\" class=\"wp-block-themeisle-blocks-advanced-heading wp-block-themeisle-blocks-advanced-heading-c4775b7c\">10+ giorni di supporto<\/h3>\n\n\n\n<p id=\"wp-block-themeisle-blocks-advanced-heading-6b92d2c2\" class=\"wp-block-themeisle-blocks-advanced-heading wp-block-themeisle-blocks-advanced-heading-6b92d2c2\">Su richiesta*<\/p>\n\n\n\n<p id=\"wp-block-themeisle-blocks-advanced-heading-bf95e33b\" class=\"wp-block-themeisle-blocks-advanced-heading wp-block-themeisle-blocks-advanced-heading-bf95e33b\">SLA di base incluso<\/p>\n\n\n\n<p id=\"wp-block-themeisle-blocks-advanced-heading-a8566b9b\" class=\"wp-block-themeisle-blocks-advanced-heading wp-block-themeisle-blocks-advanced-heading-a8566b9b\">SLA estesi disponibili<\/p>\n\n\n\n<p id=\"wp-block-themeisle-blocks-advanced-heading-cfefc2e4\" class=\"wp-block-themeisle-blocks-advanced-heading wp-block-themeisle-blocks-advanced-heading-cfefc2e4\">1+ giorni di iniziativa QGIS<\/p>\n\n\n\n<p id=\"wp-block-themeisle-blocks-advanced-heading-e5474a9d\" class=\"wp-block-themeisle-blocks-advanced-heading wp-block-themeisle-blocks-advanced-heading-e5474a9d\">Sconto del 5% dal secondo anno<\/p>\n\n\n\n<div id=\"wp-block-themeisle-blocks-button-group-8a556caa\" class=\"wp-block-themeisle-blocks-button-group wp-block-buttons align-center\">\n<div id=\"wp-block-themeisle-blocks-button-353ff144\" class=\"wp-block-themeisle-blocks-button wp-block-button\"><a href=\"https:\/\/www.opengis.ch\/order-support-contract\/?days=0\" target=\"_self\" rel=\"noopener noreferrer\" class=\"wp-block-button__link\"><span>Richiedi ora<\/span><\/a><\/div>\n<\/div>\n<\/div><\/div>\n<\/div>\n<\/div><\/div>\n<\/div>\n<\/div><div class=\"wp-block-themeisle-blocks-advanced-columns-separators bottom\"><svg id=\"slant\" fill=\"#82cb2a\" viewBox=\"0 0 100 100\" width=\"100%\" height=\"100\" preserveAspectRatio=\"none\" xmlns=\"http:\/\/www.w3.org\/2000\/svg\" class=\"rotate\"><path d=\"M0 0 L100 100 L100 0 Z\"><\/path><\/svg><\/div><\/div>\n\n\n\n<div id=\"wp-block-themeisle-blocks-advanced-columns-48a51389\" class=\"wp-block-themeisle-blocks-advanced-columns alignfull has-2-columns has-desktop-oneTwo-layout has-tablet-equal-layout has-mobile-collapsedRows-layout has-vertical-unset has-wider-gap\"><div class=\"wp-block-themeisle-blocks-advanced-columns-overlay\"><\/div><div class=\"wp-block-themeisle-blocks-advanced-columns-separators top\"><svg id=\"slant\" fill=\"#82cb2a\" viewbox=\"0 0 100 100\" width=\"100%\" height=\"100\" preserveaspectratio=\"none\" xmlns=\"https:\/\/www.w3.org\/2000\/svg\" class=\"\"><path d=\"M0 0 L100 100 L100 0 Z\"><\/path><\/svg><\/div><div class=\"innerblocks-wrap\">\n\n<div id=\"wp-block-themeisle-blocks-advanced-column-72cdb79c\" class=\"wp-block-themeisle-blocks-advanced-column\">\n\n<h2 id=\"wp-block-themeisle-blocks-advanced-heading-7f128cd4\" class=\"wp-block-themeisle-blocks-advanced-heading wp-block-themeisle-blocks-advanced-heading-7f128cd4\">Service level agreement<\/h2>\n\n\n<p>In aggiunta a ciascun contratto di assistenza, \u00e8 possibile ordinare un accordo annuale sul livello di servizio che meglio si adatta alle esigenze della vostra azienda. <br>Facciamo sempre del nostro meglio per risponder nel pi\u00f9 breve tempo possibile, ma in periodi di grande affluenza le risposte potrebbero richiedere pi\u00f9 tempo. <br>Siamo consapevoli che avere un tempo di risposta garantito pu\u00f2 essere fondamentale per la vostra azienda, per questo vi offriamo la possibilit\u00e0 di integrare il vostro contratto di assistenza con un SLA pi\u00f9 elevato.<\/p>\n\n<\/div>\n\n\n<div id=\"wp-block-themeisle-blocks-advanced-column-cd365bde\" class=\"wp-block-themeisle-blocks-advanced-column\">\n\n<div id=\"wp-block-themeisle-blocks-advanced-columns-2ba8056e\" class=\"wp-block-themeisle-blocks-advanced-columns has-3-columns has-desktop-equal-layout has-tablet-equal-layout has-mobile-collapsedRows-layout has-vertical-unset\"><div class=\"wp-block-themeisle-blocks-advanced-columns-overlay\"><\/div><div class=\"innerblocks-wrap\">\n\n<div id=\"wp-block-themeisle-blocks-advanced-column-57661685\" class=\"wp-block-themeisle-blocks-advanced-column\">\n\n<div class=\"wp-block-themeisle-blocks-pricing\">\n\n<h5 id=\"wp-block-themeisle-blocks-advanced-heading-00212483\" class=\"wp-block-themeisle-blocks-advanced-heading wp-block-themeisle-blocks-advanced-heading-00212483\">Base<\/h5>\n\n\n<hr class=\"wp-block-separator has-css-opacity is-style-wide\">\n\n\n<h3 id=\"wp-block-themeisle-blocks-advanced-heading-50a96655\" class=\"wp-block-themeisle-blocks-advanced-heading wp-block-themeisle-blocks-advanced-heading-50a96655\">Best effort<\/h3>\n\n\n<p id=\"wp-block-themeisle-blocks-advanced-heading-268379e0\" class=\"wp-block-themeisle-blocks-advanced-heading wp-block-themeisle-blocks-advanced-heading-268379e0\">incluso<\/p>\n\n\n<p id=\"wp-block-themeisle-blocks-advanced-heading-c45f0c55\" class=\"wp-block-themeisle-blocks-advanced-heading wp-block-themeisle-blocks-advanced-heading-c45f0c55\">Best effort<\/p>\n\n\n<p id=\"wp-block-themeisle-blocks-advanced-heading-df928289\" class=\"wp-block-themeisle-blocks-advanced-heading wp-block-themeisle-blocks-advanced-heading-df928289\">Entro una settimana<\/p>\n\n<\/div>\n\n<\/div>\n\n\n<div id=\"wp-block-themeisle-blocks-advanced-column-12cd564e\" class=\"wp-block-themeisle-blocks-advanced-column\">\n\n<div class=\"wp-block-themeisle-blocks-pricing\">\n\n<h5 id=\"wp-block-themeisle-blocks-advanced-heading-7237492e\" class=\"wp-block-themeisle-blocks-advanced-heading wp-block-themeisle-blocks-advanced-heading-7237492e\">Business<\/h5>\n\n\n<hr class=\"wp-block-separator has-css-opacity is-style-wide\">\n\n\n<h3 id=\"wp-block-themeisle-blocks-advanced-heading-215c3df4\" class=\"wp-block-themeisle-blocks-advanced-heading wp-block-themeisle-blocks-advanced-heading-215c3df4\">Tre giorni<\/h3>\n\n\n<p id=\"wp-block-themeisle-blocks-advanced-heading-8fdb67fe\" class=\"wp-block-themeisle-blocks-advanced-heading wp-block-themeisle-blocks-advanced-heading-8fdb67fe\">Supplemento del 20%<\/p>\n\n\n<p id=\"wp-block-themeisle-blocks-advanced-heading-2657551c\" class=\"wp-block-themeisle-blocks-advanced-heading wp-block-themeisle-blocks-advanced-heading-2657551c\">Best effort<\/p>\n\n\n<p id=\"wp-block-themeisle-blocks-advanced-heading-cbda67f0\" class=\"wp-block-themeisle-blocks-advanced-heading wp-block-themeisle-blocks-advanced-heading-cbda67f0\">Entro 3 giorni<\/p>\n\n\n<p id=\"wp-block-themeisle-blocks-advanced-heading-4a126c2f\" class=\"wp-block-themeisle-blocks-advanced-heading wp-block-themeisle-blocks-advanced-heading-4a126c2f\"><em>Disponibile per contratti di almeno 10 giorni<\/em><\/p>\n\n<\/div>\n\n<\/div>\n\n\n<div id=\"wp-block-themeisle-blocks-advanced-column-f01097a5\" class=\"wp-block-themeisle-blocks-advanced-column\">\n\n<div class=\"wp-block-group\"><div class=\"wp-block-group__inner-container is-layout-flow wp-block-group-is-layout-flow\">\n\n<h5 id=\"wp-block-themeisle-blocks-advanced-heading-b6193d32\" class=\"wp-block-themeisle-blocks-advanced-heading wp-block-themeisle-blocks-advanced-heading-b6193d32\">Enterprise<\/h5>\n\n\n<hr class=\"wp-block-separator has-css-opacity is-style-wide\">\n\n\n<h3 id=\"wp-block-themeisle-blocks-advanced-heading-1d046476\" class=\"wp-block-themeisle-blocks-advanced-heading wp-block-themeisle-blocks-advanced-heading-1d046476\">Il giorno dopo<\/h3>\n\n\n<p id=\"wp-block-themeisle-blocks-advanced-heading-8224c1f6\" class=\"wp-block-themeisle-blocks-advanced-heading wp-block-themeisle-blocks-advanced-heading-8224c1f6\">su richiesta<\/p>\n\n\n<p id=\"wp-block-themeisle-blocks-advanced-heading-d1ebbdfd\" class=\"wp-block-themeisle-blocks-advanced-heading wp-block-themeisle-blocks-advanced-heading-d1ebbdfd\">Best effort<\/p>\n\n\n<p id=\"wp-block-themeisle-blocks-advanced-heading-4fec2d49\" class=\"wp-block-themeisle-blocks-advanced-heading wp-block-themeisle-blocks-advanced-heading-4fec2d49\">Giorno lavorativo successivo<\/p>\n\n\n<p id=\"wp-block-themeisle-blocks-advanced-heading-bda0abd7\" class=\"wp-block-themeisle-blocks-advanced-heading wp-block-themeisle-blocks-advanced-heading-bda0abd7\"><em>Disponibile per contratti di almeno 10 giorni<\/em><\/p>\n\n<\/div><\/div>\n\n<\/div>\n\n<\/div><\/div>\n\n<\/div>\n\n<\/div><\/div>\n\n\n\n<p><\/p>\n\n\n\n<p>* Tutti i prezzi sono IVA esclusa<\/p>\n","protected":false},"excerpt":{"rendered":"<p>Abbiamo a cuore voi e le vostre implementazioni: per questo motivo prendiamo molto sul serio l&#8217;assistenza e la manutenzione e siamo orgogliosi di offrire contratti di assistenza con SLA. Inoltre, scegliendo uno dei nostri contratti di assistenza, contribuite alla nostra iniziativa di sostenibilit\u00e0 di QGIS. Marco Bernasocchi, CEO * Tutti [&hellip;]<\/p>\n","protected":false},"author":2,"featured_media":0,"parent":0,"menu_order":0,"comment_status":"closed","ping_status":"closed","template":"","meta":{"_themeisle_gutenberg_block_has_review":false,"footnotes":""},"class_list":["post-10966","page","type-page","status-publish","hentry"],"jetpack-related-posts":[{"id":10986,"url":"https:\/\/www.opengis.ch\/it\/qfield-training\/","url_meta":{"origin":10966,"position":0},"title":"Pacchetti di avvio a QField","author":"Marco Bernasocchi","date":"26 Aprile 2019","format":false,"excerpt":"Vuoi iniziare a raccogliere dati sul terreno ma non hai mai lavorato con un GIS? Sei un utente QGIS appassionato e vuoi un'aiuto per iniziare velocemente il lavoro sul terreno? Sei un senior MANAGER GIS e desideri ottimizzare l'efficienza di raccolta dati dei tuoi team? Riserva ora un pacchetto di\u2026","rel":"","context":"Articolo simile","block_context":{"text":"Articolo simile","link":""},"img":{"alt_text":"","src":"https:\/\/i0.wp.com\/www.opengis.ch\/wp-content\/uploads\/2019\/04\/tim-gouw-73926-unsplash.jpg?fit=1200%2C802&ssl=1&resize=350%2C200","width":350,"height":200,"srcset":"https:\/\/i0.wp.com\/www.opengis.ch\/wp-content\/uploads\/2019\/04\/tim-gouw-73926-unsplash.jpg?fit=1200%2C802&ssl=1&resize=350%2C200 1x, https:\/\/i0.wp.com\/www.opengis.ch\/wp-content\/uploads\/2019\/04\/tim-gouw-73926-unsplash.jpg?fit=1200%2C802&ssl=1&resize=525%2C300 1.5x, https:\/\/i0.wp.com\/www.opengis.ch\/wp-content\/uploads\/2019\/04\/tim-gouw-73926-unsplash.jpg?fit=1200%2C802&ssl=1&resize=700%2C400 2x, https:\/\/i0.wp.com\/www.opengis.ch\/wp-content\/uploads\/2019\/04\/tim-gouw-73926-unsplash.jpg?fit=1200%2C802&ssl=1&resize=1050%2C600 3x"},"classes":[]},{"id":10980,"url":"https:\/\/www.opengis.ch\/it\/consulenza\/","url_meta":{"origin":10966,"position":1},"title":"Consulenza","author":"Marco Bernasocchi","date":"12 Gennaio 2015","format":false,"excerpt":"\"Il nostro team esperto e multilingue \u00e8 sempre pronto ad aiutarti a pianificare e migliorare i tuoi flussi di lavoro, ottimizzare le prestazioni dei tuoi strumenti e sviluppare le tue conoscenze in-house.\"Marco Bernasocchi, CEO Consulenza geospaziale Stai pianificando una nuova infrastruttura di geodati? Vuoi migliorare i tuoi flussi di lavoro\u2026","rel":"","context":"Articolo simile","block_context":{"text":"Articolo simile","link":""},"img":{"alt_text":"","src":"","width":0,"height":0},"classes":[]},{"id":10977,"url":"https:\/\/www.opengis.ch\/it\/la-nostra-iniziativa-di-sostenibilita-qgis\/","url_meta":{"origin":10966,"position":2},"title":"La nostra iniziativa di sostenibilit\u00e0 QGIS","author":"Marco Bernasocchi","date":"26 Aprile 2019","format":false,"excerpt":"QGIS is very popular because it is extremely powerful, flexible and stable and can be used without having to worry about licenses or vendor lock-in. A wide range of service providers offer know-how. Professional support for consulting, system integration and implementation new functionalities is always just around the corner. So\u2026","rel":"","context":"Articolo simile","block_context":{"text":"Articolo simile","link":""},"img":{"alt_text":"","src":"https:\/\/i0.wp.com\/opengis.ch\/wp-content\/uploads\/2019\/04\/idea.resized-e1556274573876.png?resize=350%2C200&ssl=1","width":350,"height":200},"classes":[]},{"id":15416,"url":"https:\/\/www.opengis.ch\/it\/crowdfunding-erweiterte-unterstutzung-fur-kreisbogen-in-qgis\/","url_meta":{"origin":10966,"position":3},"title":"Crowdfunding: Erweiterte Unterst\u00fctzung f\u00fcr Kreisb\u00f6gen in QGIS","author":"Matthias Kuhn","date":"7 Aprile 2025","format":false,"excerpt":"Die Vision: Datens\u00e4tze mit Kreisb\u00f6gen sauber bearbeiten Kreisb\u00f6gen sind ein zentrales Element im Vermessungswesen, der saubere Umgang damit ist eine zwingende Voraussetzung f\u00fcr das Arbeiten an und mit Daten der Amtlichen Vermessung. Eine komplette Unterst\u00fctzung von Kreisb\u00f6gen in der Standardsoftware QGIS wird es erm\u00f6glichen, diese Applikation f\u00fcr eine ganze Palette\u2026","rel":"","context":"Articolo simile","block_context":{"text":"Articolo simile","link":""},"img":{"alt_text":"","src":"https:\/\/i0.wp.com\/www.opengis.ch\/wp-content\/uploads\/2025\/04\/image8.png?fit=1200%2C576&ssl=1&resize=350%2C200","width":350,"height":200,"srcset":"https:\/\/i0.wp.com\/www.opengis.ch\/wp-content\/uploads\/2025\/04\/image8.png?fit=1200%2C576&ssl=1&resize=350%2C200 1x, https:\/\/i0.wp.com\/www.opengis.ch\/wp-content\/uploads\/2025\/04\/image8.png?fit=1200%2C576&ssl=1&resize=525%2C300 1.5x, https:\/\/i0.wp.com\/www.opengis.ch\/wp-content\/uploads\/2025\/04\/image8.png?fit=1200%2C576&ssl=1&resize=700%2C400 2x, https:\/\/i0.wp.com\/www.opengis.ch\/wp-content\/uploads\/2025\/04\/image8.png?fit=1200%2C576&ssl=1&resize=1050%2C600 3x"},"classes":[]},{"id":15422,"url":"https:\/\/www.opengis.ch\/de\/crowdfunding-erweiterte-unterstutzung-fur-kreisbogen-in-qgis\/","url_meta":{"origin":10966,"position":4},"title":"Crowdfunding: Erweiterte Unterst\u00fctzung f\u00fcr Kreisb\u00f6gen in QGIS","author":"Matthias Kuhn","date":"7 Aprile 2025","format":false,"excerpt":"Die Vision: Datens\u00e4tze mit Kreisb\u00f6gen sauber bearbeiten Kreisb\u00f6gen sind ein zentrales Element im Vermessungswesen, der saubere Umgang damit ist eine zwingende Voraussetzung f\u00fcr das Arbeiten an und mit Daten der Amtlichen Vermessung. Eine komplette Unterst\u00fctzung von Kreisb\u00f6gen in der Standardsoftware QGIS wird es erm\u00f6glichen, diese Applikation f\u00fcr eine ganze Palette\u2026","rel":"","context":"Articolo simile","block_context":{"text":"Articolo simile","link":""},"img":{"alt_text":"","src":"https:\/\/i0.wp.com\/www.opengis.ch\/wp-content\/uploads\/2025\/04\/image8.png?fit=1200%2C576&ssl=1&resize=350%2C200","width":350,"height":200,"srcset":"https:\/\/i0.wp.com\/www.opengis.ch\/wp-content\/uploads\/2025\/04\/image8.png?fit=1200%2C576&ssl=1&resize=350%2C200 1x, https:\/\/i0.wp.com\/www.opengis.ch\/wp-content\/uploads\/2025\/04\/image8.png?fit=1200%2C576&ssl=1&resize=525%2C300 1.5x, https:\/\/i0.wp.com\/www.opengis.ch\/wp-content\/uploads\/2025\/04\/image8.png?fit=1200%2C576&ssl=1&resize=700%2C400 2x, https:\/\/i0.wp.com\/www.opengis.ch\/wp-content\/uploads\/2025\/04\/image8.png?fit=1200%2C576&ssl=1&resize=1050%2C600 3x"},"classes":[]},{"id":10983,"url":"https:\/\/www.opengis.ch\/it\/i-nostri-valori\/","url_meta":{"origin":10966,"position":5},"title":"I nostri valori","author":"Marco Bernasocchi","date":"20 Aprile 2020","format":false,"excerpt":"Visione Rendere il GIS open-source lo standard di settore de facto spingendo continuamente i suoi prodotti di alta qualit\u00e0 e le tecnologie all'avanguardia. Missione Sviluppiamo, distribuiamo e manteniamo soluzioni visionarie che creano valore per i nostri clienti.Attraverso pratiche efficienti e cicli di feedback iterativi, ci assicuriamo di superare le aspettative\u2026","rel":"","context":"Articolo simile","block_context":{"text":"Articolo simile","link":""},"img":{"alt_text":"","src":"","width":0,"height":0},"classes":[]}],"jetpack_shortlink":"https:\/\/wp.me\/PbdBtI-2QS","jetpack_sharing_enabled":true,"_links":{"self":[{"href":"https:\/\/www.opengis.ch\/it\/wp-json\/wp\/v2\/pages\/10966","targetHints":{"allow":["GET"]}}],"collection":[{"href":"https:\/\/www.opengis.ch\/it\/wp-json\/wp\/v2\/pages"}],"about":[{"href":"https:\/\/www.opengis.ch\/it\/wp-json\/wp\/v2\/types\/page"}],"author":[{"embeddable":true,"href":"https:\/\/www.opengis.ch\/it\/wp-json\/wp\/v2\/users\/2"}],"replies":[{"embeddable":true,"href":"https:\/\/www.opengis.ch\/it\/wp-json\/wp\/v2\/comments?post=10966"}],"version-history":[{"count":5,"href":"https:\/\/www.opengis.ch\/it\/wp-json\/wp\/v2\/pages\/10966\/revisions"}],"predecessor-version":[{"id":17992,"href":"https:\/\/www.opengis.ch\/it\/wp-json\/wp\/v2\/pages\/10966\/revisions\/17992"}],"wp:attachment":[{"href":"https:\/\/www.opengis.ch\/it\/wp-json\/wp\/v2\/media?parent=10966"}],"curies":[{"name":"wp","href":"https:\/\/api.w.org\/{rel}","templated":true}]}}