{"id":13757,"date":"2023-05-26T11:05:50","date_gmt":"2023-05-26T09:05:50","guid":{"rendered":"https:\/\/www.opengis.ch\/programme-de-cours\/"},"modified":"2023-09-13T22:08:47","modified_gmt":"2023-09-13T20:08:47","slug":"calendrier-des-cours","status":"publish","type":"page","link":"https:\/\/www.opengis.ch\/fr\/calendrier-des-cours\/","title":{"rendered":"Calendrier des cours"},"content":{"rendered":"\n<p>Vous pouvez retrouver nos cours dans d\u2019autres langues sur: <a href=\"https:\/\/opengis.ch\/courses-calendar\">https:\/\/opengis.ch\/courses-calendar<\/a><\/p>\n\n\n\n<p><iframe loading=\"lazy\" width=\"100%\" height=\"700px\" style=\"background: transparent; border: 1px solid #ccc;\" class=\"clickup-embed\" src=\"https:\/\/sharing.clickup.com\/2192114\/l\/22wqj-24401\/prochainscours\" onwheel=\"\"><\/iframe><\/p>\n","protected":false},"excerpt":{"rendered":"<p>Vous pouvez retrouver nos cours dans d\u2019autres langues sur: https:\/\/opengis.ch\/courses-calendar<\/p>\n","protected":false},"author":2,"featured_media":0,"parent":0,"menu_order":0,"comment_status":"closed","ping_status":"closed","template":"page-templates\/template-fullwidth.php","meta":{"_themeisle_gutenberg_block_has_review":false,"jetpack_post_was_ever_published":false,"footnotes":""},"class_list":["post-13757","page","type-page","status-publish","hentry"],"jetpack-related-posts":[{"id":10968,"url":"https:\/\/www.opengis.ch\/fr\/support-qgis\/","url_meta":{"origin":13757,"position":0},"title":"Support et maintenance QGIS","author":"Marco Bernasocchi","date":"28 avril 2020","format":false,"excerpt":"Nous prenons le support et la maintenance de vos d\u00e9ploiements tr\u00e8s au s\u00e9rieux. C\u2019est pourquoi nous sommes fiers de pouvoir proposer des contrats de support avec des accords de niveau de services (SLA). En souscrivant \u00e0 nos contrats de support, vous participez \u00e9galement \u00e0 notre initiative pour l\u2019am\u00e9lioration de QGIS.\u2026","rel":"","context":"Article similaire","block_context":{"text":"Article similaire","link":""},"img":{"alt_text":"","src":"","width":0,"height":0},"classes":[]},{"id":11291,"url":"https:\/\/www.opengis.ch\/fr\/","url_meta":{"origin":13757,"position":1},"title":"Pourquoi nous?","author":"Marco Bernasocchi","date":"30 avril 2020","format":false,"excerpt":"Nous sommes des GeoNinjas \u00e0 part enti\u00e8re et offrons un service personnalis\u00e9 en fonction de vos besoins en mati\u00e8re de g\u00e9odonn\u00e9es.Notre vaste exp\u00e9rience dans les technologies open source, combin\u00e9e \u00e0 notre nature flexible et vari\u00e9e, vous aidera \u00e0 mettre en \u0153uvre rapidement la solution que vous envisagez, avec un faible\u2026","rel":"","context":"Article similaire","block_context":{"text":"Article similaire","link":""},"img":{"alt_text":"","src":"https:\/\/i0.wp.com\/www.opengis.ch\/wp-content\/uploads\/2020\/04\/theteam_2.png?fit=1200%2C289&ssl=1&resize=350%2C200","width":350,"height":200,"srcset":"https:\/\/i0.wp.com\/www.opengis.ch\/wp-content\/uploads\/2020\/04\/theteam_2.png?fit=1200%2C289&ssl=1&resize=350%2C200 1x, https:\/\/i0.wp.com\/www.opengis.ch\/wp-content\/uploads\/2020\/04\/theteam_2.png?fit=1200%2C289&ssl=1&resize=525%2C300 1.5x, https:\/\/i0.wp.com\/www.opengis.ch\/wp-content\/uploads\/2020\/04\/theteam_2.png?fit=1200%2C289&ssl=1&resize=700%2C400 2x, https:\/\/i0.wp.com\/www.opengis.ch\/wp-content\/uploads\/2020\/04\/theteam_2.png?fit=1200%2C289&ssl=1&resize=1050%2C600 3x"},"classes":[]},{"id":10984,"url":"https:\/\/www.opengis.ch\/fr\/qfield-training\/","url_meta":{"origin":13757,"position":2},"title":"Formations rapide \u00e0 QField","author":"Marco Bernasocchi","date":"26 avril 2019","format":false,"excerpt":"Vous souhaitez collecter des donn\u00e9es sur le terrain, mais n\u2019avez jamais utilis\u00e9 de SIG auparavent ? Vous \u00eates un utilisateur averti de QGIS, et souhaitez vous pr\u00e9parer pour le terrain ? Vous g\u00e9rez une \u00e9quipe d\u2019utilisateurs, et souhaitez am\u00e9liorer l\u2019efficacit\u00e9 de votre \u00e9quipe sur le terrain ? D\u00e9couvrez nos modules\u2026","rel":"","context":"Article similaire","block_context":{"text":"Article similaire","link":""},"img":{"alt_text":"","src":"https:\/\/i0.wp.com\/www.opengis.ch\/wp-content\/uploads\/2019\/04\/tim-gouw-73926-unsplash.jpg?fit=1200%2C802&ssl=1&resize=350%2C200","width":350,"height":200,"srcset":"https:\/\/i0.wp.com\/www.opengis.ch\/wp-content\/uploads\/2019\/04\/tim-gouw-73926-unsplash.jpg?fit=1200%2C802&ssl=1&resize=350%2C200 1x, https:\/\/i0.wp.com\/www.opengis.ch\/wp-content\/uploads\/2019\/04\/tim-gouw-73926-unsplash.jpg?fit=1200%2C802&ssl=1&resize=525%2C300 1.5x, https:\/\/i0.wp.com\/www.opengis.ch\/wp-content\/uploads\/2019\/04\/tim-gouw-73926-unsplash.jpg?fit=1200%2C802&ssl=1&resize=700%2C400 2x, https:\/\/i0.wp.com\/www.opengis.ch\/wp-content\/uploads\/2019\/04\/tim-gouw-73926-unsplash.jpg?fit=1200%2C802&ssl=1&resize=1050%2C600 3x"},"classes":[]},{"id":15420,"url":"https:\/\/www.opengis.ch\/fr\/crowdfunding-un-soutien-fiable-pour-les-arcs-de-cercle-dans-qgis\/","url_meta":{"origin":13757,"position":3},"title":"Crowdfunding: un soutien fiable pour les arcs de cercle dans QGIS","author":"Matthias Kuhn","date":"7 avril 2025","format":false,"excerpt":"La vision: un traitement optimal des jeux de donn\u00e9es avec des arcs de cercle Les arcs de cercle sont un \u00e9l\u00e9ment central dans le domaine de la g\u00e9omatique. Une gestion pr\u00e9cise et fiable de ces \u00e9l\u00e9ments est une condition essentielle pour travailler avec les donn\u00e9es de la mensuration officielle. Une\u2026","rel":"","context":"Article similaire","block_context":{"text":"Article similaire","link":""},"img":{"alt_text":"","src":"https:\/\/i0.wp.com\/www.opengis.ch\/wp-content\/uploads\/2025\/04\/image8.png?fit=1200%2C576&ssl=1&resize=350%2C200","width":350,"height":200,"srcset":"https:\/\/i0.wp.com\/www.opengis.ch\/wp-content\/uploads\/2025\/04\/image8.png?fit=1200%2C576&ssl=1&resize=350%2C200 1x, https:\/\/i0.wp.com\/www.opengis.ch\/wp-content\/uploads\/2025\/04\/image8.png?fit=1200%2C576&ssl=1&resize=525%2C300 1.5x, https:\/\/i0.wp.com\/www.opengis.ch\/wp-content\/uploads\/2025\/04\/image8.png?fit=1200%2C576&ssl=1&resize=700%2C400 2x, https:\/\/i0.wp.com\/www.opengis.ch\/wp-content\/uploads\/2025\/04\/image8.png?fit=1200%2C576&ssl=1&resize=1050%2C600 3x"},"classes":[]},{"id":10978,"url":"https:\/\/www.opengis.ch\/fr\/conseil\/","url_meta":{"origin":13757,"position":4},"title":"Conseil","author":"Marco Bernasocchi","date":"12 janvier 2015","format":false,"excerpt":"\"Notre \u00e9quipe exp\u00e9riment\u00e9e et multilingue est toujours pr\u00eate \u00e0 vous aider \u00e0 planifier et \u00e0 am\u00e9liorer vos flux de travail, \u00e0 optimiser les performances de vos outils et \u00e0 renforcer vos connaissances internes.\"Marco Bernasocchi, CEO Conseil g\u00e9ospatial Planifiez-vous une nouvelle infrastructure de g\u00e9odonn\u00e9es ? Souhaitez-vous am\u00e9liorer vos flux de travail\u2026","rel":"","context":"Article similaire","block_context":{"text":"Article similaire","link":""},"img":{"alt_text":"","src":"","width":0,"height":0},"classes":[]},{"id":13714,"url":"https:\/\/www.opengis.ch\/fr\/evaluation-du-cours\/","url_meta":{"origin":13757,"position":5},"title":"\u00c9valuation du cours","author":"Marco Bernasocchi","date":"26 avril 2023","format":false,"excerpt":"","rel":"","context":"Article similaire","block_context":{"text":"Article similaire","link":""},"img":{"alt_text":"","src":"","width":0,"height":0},"classes":[]}],"jetpack_shortlink":"https:\/\/wp.me\/PbdBtI-3zT","jetpack_sharing_enabled":true,"_links":{"self":[{"href":"https:\/\/www.opengis.ch\/fr\/wp-json\/wp\/v2\/pages\/13757","targetHints":{"allow":["GET"]}}],"collection":[{"href":"https:\/\/www.opengis.ch\/fr\/wp-json\/wp\/v2\/pages"}],"about":[{"href":"https:\/\/www.opengis.ch\/fr\/wp-json\/wp\/v2\/types\/page"}],"author":[{"embeddable":true,"href":"https:\/\/www.opengis.ch\/fr\/wp-json\/wp\/v2\/users\/2"}],"replies":[{"embeddable":true,"href":"https:\/\/www.opengis.ch\/fr\/wp-json\/wp\/v2\/comments?post=13757"}],"version-history":[{"count":3,"href":"https:\/\/www.opengis.ch\/fr\/wp-json\/wp\/v2\/pages\/13757\/revisions"}],"predecessor-version":[{"id":13911,"href":"https:\/\/www.opengis.ch\/fr\/wp-json\/wp\/v2\/pages\/13757\/revisions\/13911"}],"wp:attachment":[{"href":"https:\/\/www.opengis.ch\/fr\/wp-json\/wp\/v2\/media?parent=13757"}],"curies":[{"name":"wp","href":"https:\/\/api.w.org\/{rel}","templated":true}]}}