{"id":13714,"date":"2023-04-26T20:04:53","date_gmt":"2023-04-26T18:04:53","guid":{"rendered":"https:\/\/www.opengis.ch\/evaluation-du-cours\/"},"modified":"2023-04-26T20:07:49","modified_gmt":"2023-04-26T18:07:49","slug":"evaluation-du-cours","status":"publish","type":"page","link":"https:\/\/www.opengis.ch\/fr\/evaluation-du-cours\/","title":{"rendered":"\u00c9valuation du cours"},"content":{"rendered":"<p><iframe loading=\"lazy\" class=\"clickup-embed clickup-dynamic-height\" src=\"https:\/\/forms.clickup.com\/2192114\/f\/22wqj-23641\/4VXSW3S72542WD7JI3\" onwheel=\"\" width=\"100%\" height=\"100%\" style=\"background: transparent; border: 1px solid #ccc;\"><\/iframe><\/p>\n<p><script async=\"\" src=\"https:\/\/app-cdn.clickup.com\/assets\/js\/forms-embed\/v1.js\"><\/script><\/p>\n","protected":false},"excerpt":{"rendered":"","protected":false},"author":2,"featured_media":0,"parent":0,"menu_order":0,"comment_status":"closed","ping_status":"closed","template":"","meta":{"_themeisle_gutenberg_block_has_review":false,"footnotes":""},"class_list":["post-13714","page","type-page","status-publish","hentry"],"jetpack-related-posts":[{"id":13757,"url":"https:\/\/www.opengis.ch\/fr\/calendrier-des-cours\/","url_meta":{"origin":13714,"position":0},"title":"Calendrier des cours","author":"Marco Bernasocchi","date":"26 mai 2023","format":false,"excerpt":"Vous pouvez retrouver nos cours dans d\u2019autres langues sur: https:\/\/opengis.ch\/courses-calendar","rel":"","context":"Article similaire","block_context":{"text":"Article similaire","link":""},"img":{"alt_text":"","src":"","width":0,"height":0},"classes":[]},{"id":11967,"url":"https:\/\/www.opengis.ch\/fr\/inscriptions-aux-cours\/","url_meta":{"origin":13714,"position":1},"title":"Inscriptions aux cours","author":"Marco Bernasocchi","date":"4 f\u00e9vrier 2021","format":false,"excerpt":"","rel":"","context":"Article similaire","block_context":{"text":"Article similaire","link":""},"img":{"alt_text":"","src":"","width":0,"height":0},"classes":[]},{"id":15420,"url":"https:\/\/www.opengis.ch\/fr\/crowdfunding-un-soutien-fiable-pour-les-arcs-de-cercle-dans-qgis\/","url_meta":{"origin":13714,"position":2},"title":"Crowdfunding: un soutien fiable pour les arcs de cercle dans QGIS","author":"Matthias Kuhn","date":"7 avril 2025","format":false,"excerpt":"La vision: un traitement optimal des jeux de donn\u00e9es avec des arcs de cercle Les arcs de cercle sont un \u00e9l\u00e9ment central dans le domaine de la g\u00e9omatique. Une gestion pr\u00e9cise et fiable de ces \u00e9l\u00e9ments est une condition essentielle pour travailler avec les donn\u00e9es de la mensuration officielle. Une\u2026","rel":"","context":"Article similaire","block_context":{"text":"Article similaire","link":""},"img":{"alt_text":"","src":"https:\/\/i0.wp.com\/www.opengis.ch\/wp-content\/uploads\/2025\/04\/image8.png?fit=1200%2C576&ssl=1&resize=350%2C200","width":350,"height":200,"srcset":"https:\/\/i0.wp.com\/www.opengis.ch\/wp-content\/uploads\/2025\/04\/image8.png?fit=1200%2C576&ssl=1&resize=350%2C200 1x, https:\/\/i0.wp.com\/www.opengis.ch\/wp-content\/uploads\/2025\/04\/image8.png?fit=1200%2C576&ssl=1&resize=525%2C300 1.5x, https:\/\/i0.wp.com\/www.opengis.ch\/wp-content\/uploads\/2025\/04\/image8.png?fit=1200%2C576&ssl=1&resize=700%2C400 2x, https:\/\/i0.wp.com\/www.opengis.ch\/wp-content\/uploads\/2025\/04\/image8.png?fit=1200%2C576&ssl=1&resize=1050%2C600 3x"},"classes":[]},{"id":10984,"url":"https:\/\/www.opengis.ch\/fr\/qfield-training\/","url_meta":{"origin":13714,"position":3},"title":"Formations rapide \u00e0 QField","author":"Marco Bernasocchi","date":"26 avril 2019","format":false,"excerpt":"Vous souhaitez collecter des donn\u00e9es sur le terrain, mais n\u2019avez jamais utilis\u00e9 de SIG auparavent ? Vous \u00eates un utilisateur averti de QGIS, et souhaitez vous pr\u00e9parer pour le terrain ? Vous g\u00e9rez une \u00e9quipe d\u2019utilisateurs, et souhaitez am\u00e9liorer l\u2019efficacit\u00e9 de votre \u00e9quipe sur le terrain ? D\u00e9couvrez nos modules\u2026","rel":"","context":"Article similaire","block_context":{"text":"Article similaire","link":""},"img":{"alt_text":"","src":"https:\/\/i0.wp.com\/www.opengis.ch\/wp-content\/uploads\/2019\/04\/tim-gouw-73926-unsplash.jpg?fit=1200%2C802&ssl=1&resize=350%2C200","width":350,"height":200,"srcset":"https:\/\/i0.wp.com\/www.opengis.ch\/wp-content\/uploads\/2019\/04\/tim-gouw-73926-unsplash.jpg?fit=1200%2C802&ssl=1&resize=350%2C200 1x, https:\/\/i0.wp.com\/www.opengis.ch\/wp-content\/uploads\/2019\/04\/tim-gouw-73926-unsplash.jpg?fit=1200%2C802&ssl=1&resize=525%2C300 1.5x, https:\/\/i0.wp.com\/www.opengis.ch\/wp-content\/uploads\/2019\/04\/tim-gouw-73926-unsplash.jpg?fit=1200%2C802&ssl=1&resize=700%2C400 2x, https:\/\/i0.wp.com\/www.opengis.ch\/wp-content\/uploads\/2019\/04\/tim-gouw-73926-unsplash.jpg?fit=1200%2C802&ssl=1&resize=1050%2C600 3x"},"classes":[]},{"id":11291,"url":"https:\/\/www.opengis.ch\/fr\/","url_meta":{"origin":13714,"position":4},"title":"Pourquoi nous?","author":"Marco Bernasocchi","date":"30 avril 2020","format":false,"excerpt":"Nous sommes des GeoNinjas \u00e0 part enti\u00e8re et offrons un service personnalis\u00e9 en fonction de vos besoins en mati\u00e8re de g\u00e9odonn\u00e9es.Notre vaste exp\u00e9rience dans les technologies open source, combin\u00e9e \u00e0 notre nature flexible et vari\u00e9e, vous aidera \u00e0 mettre en \u0153uvre rapidement la solution que vous envisagez, avec un faible\u2026","rel":"","context":"Article similaire","block_context":{"text":"Article similaire","link":""},"img":{"alt_text":"","src":"https:\/\/i0.wp.com\/www.opengis.ch\/wp-content\/uploads\/2020\/04\/theteam_2.png?fit=1200%2C289&ssl=1&resize=350%2C200","width":350,"height":200,"srcset":"https:\/\/i0.wp.com\/www.opengis.ch\/wp-content\/uploads\/2020\/04\/theteam_2.png?fit=1200%2C289&ssl=1&resize=350%2C200 1x, https:\/\/i0.wp.com\/www.opengis.ch\/wp-content\/uploads\/2020\/04\/theteam_2.png?fit=1200%2C289&ssl=1&resize=525%2C300 1.5x, https:\/\/i0.wp.com\/www.opengis.ch\/wp-content\/uploads\/2020\/04\/theteam_2.png?fit=1200%2C289&ssl=1&resize=700%2C400 2x, https:\/\/i0.wp.com\/www.opengis.ch\/wp-content\/uploads\/2020\/04\/theteam_2.png?fit=1200%2C289&ssl=1&resize=1050%2C600 3x"},"classes":[]},{"id":10973,"url":"https:\/\/www.opengis.ch\/de\/entwicklung\/","url_meta":{"origin":13714,"position":5},"title":"Individuelle Entwicklung","author":"Marco Bernasocchi","date":"24 avril 2020","format":false,"excerpt":"Wir lieben es, Anforderungen zu diskutieren und vision\u00e4re L\u00f6sungen daf\u00fcr zu finden.\r Wir sind bestrebt, ausserordentlichen Wert f\u00fcr unsere Kunden zu generieren.\r Stets mit dem Menschen im Zentrum - Hi-Tech wo elegant, Low-Tech wo sinnvoll.Matthias\r Kuhn, CTO Model | Store PostGIS | Geopackage Solide und belastbare Geodateninfrastrukturen ben\u00f6tigen ein sorgf\u00e4ltig\u2026","rel":"","context":"Article similaire","block_context":{"text":"Article similaire","link":""},"img":{"alt_text":"","src":"https:\/\/i0.wp.com\/www.opengis.ch\/wp-content\/uploads\/2020\/04\/QField_Final.png?resize=350%2C200&ssl=1","width":350,"height":200},"classes":[]}],"jetpack_shortlink":"https:\/\/wp.me\/PbdBtI-3zc","jetpack_sharing_enabled":true,"_links":{"self":[{"href":"https:\/\/www.opengis.ch\/fr\/wp-json\/wp\/v2\/pages\/13714","targetHints":{"allow":["GET"]}}],"collection":[{"href":"https:\/\/www.opengis.ch\/fr\/wp-json\/wp\/v2\/pages"}],"about":[{"href":"https:\/\/www.opengis.ch\/fr\/wp-json\/wp\/v2\/types\/page"}],"author":[{"embeddable":true,"href":"https:\/\/www.opengis.ch\/fr\/wp-json\/wp\/v2\/users\/2"}],"replies":[{"embeddable":true,"href":"https:\/\/www.opengis.ch\/fr\/wp-json\/wp\/v2\/comments?post=13714"}],"version-history":[{"count":2,"href":"https:\/\/www.opengis.ch\/fr\/wp-json\/wp\/v2\/pages\/13714\/revisions"}],"predecessor-version":[{"id":13718,"href":"https:\/\/www.opengis.ch\/fr\/wp-json\/wp\/v2\/pages\/13714\/revisions\/13718"}],"wp:attachment":[{"href":"https:\/\/www.opengis.ch\/fr\/wp-json\/wp\/v2\/media?parent=13714"}],"curies":[{"name":"wp","href":"https:\/\/api.w.org\/{rel}","templated":true}]}}