{"id":11291,"date":"2020-04-30T11:53:38","date_gmt":"2020-04-30T09:53:38","guid":{"rendered":"https:\/\/www.opengis.ch\/?page_id=11291"},"modified":"2020-04-30T17:13:29","modified_gmt":"2020-04-30T15:13:29","slug":"pourquoi-nous","status":"publish","type":"page","link":"https:\/\/www.opengis.ch\/fr\/","title":{"rendered":"Pourquoi nous?"},"content":{"rendered":"<p>Nous sommes des <strong>GeoNinjas \u00e0 part enti\u00e8re<\/strong> et offrons un service <strong>personnalis\u00e9<\/strong> en fonction de vos besoins en mati\u00e8re de g\u00e9odonn\u00e9es.<br \/>Notre vaste exp\u00e9rience dans les technologies <strong>open source<\/strong>, combin\u00e9e \u00e0 notre nature <strong>flexible<\/strong> et vari\u00e9e, vous aidera \u00e0 mettre en \u0153uvre <strong>rapidement<\/strong> la solution que vous envisagez, avec un faible co\u00fbt de fonctionnement, <strong>sans blocage du fournisseur<\/strong> et avec un <strong>contr\u00f4le<\/strong> total sur le logiciel d\u00e9velopp\u00e9.<\/p>\n<p>Chez OPENGIS.ch, nous nous consacrons enti\u00e8rement \u00e0 l&rsquo;utilisation et au d\u00e9veloppement d&rsquo;outils open source pour des raisons tr\u00e8s diverses. La plus importante est que nous sommes convaincus que c&rsquo;est pour le bien de nos clients gr\u00e2ce \u00e0 la souplesse, l&rsquo;extensibilit\u00e9 et la p\u00e9rennit\u00e9 des concepts open source. Nous proposons une assistance \u00e0 l&rsquo;installation, des <a href=\"https:\/\/www.opengis.ch\/fr\/conseil\/\">formations<\/a>, des conseils, une maintenance et un <a href=\"https:\/\/www.opengis.ch\/fr\/developpement\/\">d\u00e9veloppement<\/a> sur mesure pour votre syst\u00e8me g\u00e9ospatial. Nous parlons l&rsquo;anglais, l&rsquo;allemand, le fran\u00e7ais, l&rsquo;italien, l&rsquo;espagnol et le romanche.<\/p>\n<p>Nous nous r\u00e9jouissons de travailler avec vous sur votre prochain projet.<\/p>\n\n\n<div class=\"wp-block-button aligncenter\"><a class=\"wp-block-button__link has-background no-border-radius\" href=\"#contact\" style=\"background-color:#82cb2a\">Contactez-nous<\/a><\/div>\n","protected":false},"excerpt":{"rendered":"<p>Nous sommes des GeoNinjas \u00e0 part enti\u00e8re et offrons un service personnalis\u00e9 en fonction de vos besoins en mati\u00e8re de g\u00e9odonn\u00e9es.Notre vaste exp\u00e9rience dans les technologies open source, combin\u00e9e \u00e0 notre nature flexible et vari\u00e9e, vous aidera \u00e0 mettre en \u0153uvre rapidement la solution que vous envisagez, avec un faible [&hellip;]<\/p>\n","protected":false},"author":2,"featured_media":10460,"parent":0,"menu_order":0,"comment_status":"closed","ping_status":"closed","template":"","meta":{"_themeisle_gutenberg_block_has_review":false,"jetpack_post_was_ever_published":false,"footnotes":""},"class_list":["post-11291","page","type-page","status-publish","has-post-thumbnail","hentry"],"jetpack-related-posts":[{"id":10972,"url":"https:\/\/www.opengis.ch\/fr\/developpement\/","url_meta":{"origin":11291,"position":0},"title":"D\u00e9veloppement","author":"Marco Bernasocchi","date":"24 avril 2020","format":false,"excerpt":"We love discussing requirements and create visionary solutions to problems. We always strive to develop, deploy and maintain solutions that offer exceptional value for our customers.Matthias Kuhn, CTO Model | Store postGIS | Geopackage Solid and resilient geodata infrastructures require a well-designed data model and a solid infrastructure. Either you\u2026","rel":"","context":"Article similaire","block_context":{"text":"Article similaire","link":""},"img":{"alt_text":"","src":"https:\/\/i0.wp.com\/www.opengis.ch\/wp-content\/uploads\/2020\/04\/QField_Final.png?resize=350%2C200&ssl=1","width":350,"height":200},"classes":[]},{"id":10533,"url":"https:\/\/www.opengis.ch\/core-values\/","url_meta":{"origin":11291,"position":1},"title":"Our core values","author":"Marco Bernasocchi","date":"20 avril 2020","format":false,"excerpt":"Vision Make open-source GIS the de-facto industry standard by continuously pushing its high-quality products and bleeding-edge technologies. Mission We develop, deploy and maintain visionary solutions to create value for our customers. Through efficient practices and iterative feedback loops, we make sure to exceed customer expectations and win them as open-source\u2026","rel":"","context":"Article similaire","block_context":{"text":"Article similaire","link":""},"img":{"alt_text":"","src":"","width":0,"height":0},"classes":[]},{"id":10982,"url":"https:\/\/www.opengis.ch\/de\/unsere-werte\/","url_meta":{"origin":11291,"position":2},"title":"Unsere Werte","author":"Marco Bernasocchi","date":"20 avril 2020","format":false,"excerpt":"Vision Make open-source GIS the de-facto industry standard by continuously pushing its high-quality products and bleeding-edge technologies. Mission We develop, deploy and maintain visionary solutions to create value for our customers. Through efficient practices and iterative feedback loops, we make sure to exceed customer expectations and win them as open-source\u2026","rel":"","context":"Article similaire","block_context":{"text":"Article similaire","link":""},"img":{"alt_text":"","src":"","width":0,"height":0},"classes":[]},{"id":11296,"url":"https:\/\/www.opengis.ch\/it\/perche-noi\/","url_meta":{"origin":11291,"position":3},"title":"Perch\u00e9 noi?","author":"Marco Bernasocchi","date":"30 avril 2020","format":false,"excerpt":"We are full-stack GeoNinjas and offer a personalised service around your geodata solutions needs.Our vast experience in open source technologies combined with our agile and distributed nature will help you quickly implement your envisioned solution with a low TCO, no vendor lock-in and complete control over the developed software. At\u2026","rel":"","context":"Article similaire","block_context":{"text":"Article similaire","link":""},"img":{"alt_text":"","src":"https:\/\/i0.wp.com\/www.opengis.ch\/wp-content\/uploads\/2020\/04\/theteam_2.png?fit=1200%2C289&ssl=1&resize=350%2C200","width":350,"height":200,"srcset":"https:\/\/i0.wp.com\/www.opengis.ch\/wp-content\/uploads\/2020\/04\/theteam_2.png?fit=1200%2C289&ssl=1&resize=350%2C200 1x, https:\/\/i0.wp.com\/www.opengis.ch\/wp-content\/uploads\/2020\/04\/theteam_2.png?fit=1200%2C289&ssl=1&resize=525%2C300 1.5x, https:\/\/i0.wp.com\/www.opengis.ch\/wp-content\/uploads\/2020\/04\/theteam_2.png?fit=1200%2C289&ssl=1&resize=700%2C400 2x, https:\/\/i0.wp.com\/www.opengis.ch\/wp-content\/uploads\/2020\/04\/theteam_2.png?fit=1200%2C289&ssl=1&resize=1050%2C600 3x"},"classes":[]},{"id":549,"url":"https:\/\/www.opengis.ch\/home\/","url_meta":{"origin":11291,"position":4},"title":"Why Us?","author":"Marco Bernasocchi","date":"19 mai 2012","format":false,"excerpt":"We are Swiss-made full-stack GeoNinjas.\u00a0We offer a personalised service around your geodata solutions needs and support contracts with SLAs.Our vast experience in open-source technologies combined with our agile and distributed nature will help you quickly implement your envisioned solution with a low TCO, no vendor lock-in and complete control over\u2026","rel":"","context":"Article similaire","block_context":{"text":"Article similaire","link":""},"img":{"alt_text":"","src":"https:\/\/i0.wp.com\/www.opengis.ch\/wp-content\/uploads\/2020\/04\/theteam_2.png?fit=1200%2C289&ssl=1&resize=350%2C200","width":350,"height":200,"srcset":"https:\/\/i0.wp.com\/www.opengis.ch\/wp-content\/uploads\/2020\/04\/theteam_2.png?fit=1200%2C289&ssl=1&resize=350%2C200 1x, https:\/\/i0.wp.com\/www.opengis.ch\/wp-content\/uploads\/2020\/04\/theteam_2.png?fit=1200%2C289&ssl=1&resize=525%2C300 1.5x, https:\/\/i0.wp.com\/www.opengis.ch\/wp-content\/uploads\/2020\/04\/theteam_2.png?fit=1200%2C289&ssl=1&resize=700%2C400 2x, https:\/\/i0.wp.com\/www.opengis.ch\/wp-content\/uploads\/2020\/04\/theteam_2.png?fit=1200%2C289&ssl=1&resize=1050%2C600 3x"},"classes":[]},{"id":1173,"url":"https:\/\/www.opengis.ch\/fr\/android-gis\/qfield\/","url_meta":{"origin":11291,"position":5},"title":"QField","author":"Marco Bernasocchi","date":"11 janvier 2015","format":false,"excerpt":"Page moved to qfield.org QField (for much more information refer to QField.org) allows you to take your QGIS projects out of the office for effective field work. By maintaining QGIS' styling and edit widgets QField greatly reduces preparation time. QField is an Open Source project led by OPENGIS.ch LLC and\u2026","rel":"","context":"Article similaire","block_context":{"text":"Article similaire","link":""},"img":{"alt_text":"QField app on Google Play","src":"https:\/\/i0.wp.com\/developer.android.com\/images\/brand\/en_app_rgb_wo_45.png?resize=350%2C200&ssl=1","width":350,"height":200},"classes":[]}],"jetpack_shortlink":"https:\/\/wp.me\/PbdBtI-2W7","jetpack_sharing_enabled":true,"_links":{"self":[{"href":"https:\/\/www.opengis.ch\/fr\/wp-json\/wp\/v2\/pages\/11291","targetHints":{"allow":["GET"]}}],"collection":[{"href":"https:\/\/www.opengis.ch\/fr\/wp-json\/wp\/v2\/pages"}],"about":[{"href":"https:\/\/www.opengis.ch\/fr\/wp-json\/wp\/v2\/types\/page"}],"author":[{"embeddable":true,"href":"https:\/\/www.opengis.ch\/fr\/wp-json\/wp\/v2\/users\/2"}],"replies":[{"embeddable":true,"href":"https:\/\/www.opengis.ch\/fr\/wp-json\/wp\/v2\/comments?post=11291"}],"version-history":[{"count":9,"href":"https:\/\/www.opengis.ch\/fr\/wp-json\/wp\/v2\/pages\/11291\/revisions"}],"predecessor-version":[{"id":11325,"href":"https:\/\/www.opengis.ch\/fr\/wp-json\/wp\/v2\/pages\/11291\/revisions\/11325"}],"wp:featuredmedia":[{"embeddable":true,"href":"https:\/\/www.opengis.ch\/fr\/wp-json\/wp\/v2\/media\/10460"}],"wp:attachment":[{"href":"https:\/\/www.opengis.ch\/fr\/wp-json\/wp\/v2\/media?parent=11291"}],"curies":[{"name":"wp","href":"https:\/\/api.w.org\/{rel}","templated":true}]}}