{"id":10984,"date":"2019-04-26T10:37:42","date_gmt":"2019-04-26T08:37:42","guid":{"rendered":"https:\/\/www.opengis.ch\/qfield-training\/"},"modified":"2025-08-19T13:55:16","modified_gmt":"2025-08-19T11:55:16","slug":"qfield-training","status":"publish","type":"page","link":"https:\/\/www.opengis.ch\/fr\/qfield-training\/","title":{"rendered":"Formations rapide \u00e0 QField"},"content":{"rendered":"\n<blockquote class=\"wp-block-quote is-layout-flow wp-block-quote-is-layout-flow\">\n<p>Vous souhaitez collecter des donn\u00e9es sur le terrain, mais n\u2019avez <strong>jamais utilis\u00e9 de SIG<\/strong> auparavent ?<\/p>\n\n\n\n<p>Vous \u00eates un <strong>utilisateur averti de QGIS<\/strong>, et souhaitez vous pr\u00e9parer pour le terrain ?<\/p>\n\n\n\n<p>Vous <strong>g\u00e9rez une \u00e9quipe d\u2019utilisateurs<\/strong>, et souhaitez am\u00e9liorer l\u2019efficacit\u00e9 de votre \u00e9quipe sur le terrain ?<\/p>\n<\/blockquote>\n\n\n\n<div id=\"wp-block-themeisle-blocks-advanced-columns-9b7deb04\" class=\"wp-block-themeisle-blocks-advanced-columns alignfull has-2-columns has-desktop-oneTwo-layout has-tablet-collapsedRows-layout has-mobile-collapsedRows-layout has-vertical-unset\"><div class=\"wp-block-themeisle-blocks-advanced-columns-overlay\"><\/div><div class=\"innerblocks-wrap\">\n<div id=\"wp-block-themeisle-blocks-advanced-column-d3c29653\" class=\"wp-block-themeisle-blocks-advanced-column\">\n<h2 class=\"wp-block-heading\">D\u00e9couvrez nos modules de formation rapide \u00e0 QField<\/h2>\n\n\n\n<p>En une demi-journ\u00e9e ou journ\u00e9e compl\u00e8te, nos experts de QField vous permettront de d\u00e9marrer votre projet.<br>Nos experts parlent anglais, allemand, fran\u00e7ais, italien et espagnol. Les modules sont d\u00e9livr\u00e9s par visioconf\u00e9rence ou dans l\u2019un de nos bureaux en Suisse.<\/p>\n<\/div>\n\n\n\n<div id=\"wp-block-themeisle-blocks-advanced-column-11f180ff\" class=\"wp-block-themeisle-blocks-advanced-column\">\n<div id=\"wp-block-themeisle-blocks-advanced-columns-cadef323\" class=\"wp-block-themeisle-blocks-advanced-columns has-2-columns has-desktop-equal-layout has-tablet-equal-layout has-mobile-collapsedRows-layout has-vertical-unset\"><div class=\"wp-block-themeisle-blocks-advanced-columns-overlay\"><\/div><div class=\"innerblocks-wrap\">\n<div id=\"wp-block-themeisle-blocks-advanced-column-ed402b9a\" class=\"wp-block-themeisle-blocks-advanced-column has-light-bg\">\n<div class=\"wp-block-themeisle-blocks-pricing\">\n<h5 id=\"wp-block-themeisle-blocks-advanced-heading-cbbe2941\" class=\"wp-block-themeisle-blocks-advanced-heading wp-block-themeisle-blocks-advanced-heading-cbbe2941\">Demi journ\u00e9e<\/h5>\n\n\n\n<hr class=\"wp-block-separator has-css-opacity is-style-wide\"\/>\n\n\n\n<h3 id=\"wp-block-themeisle-blocks-advanced-heading-577ecc2f\" class=\"wp-block-themeisle-blocks-advanced-heading wp-block-themeisle-blocks-advanced-heading-577ecc2f\">EUR 540*  <\/h3>\n\n\n\n<p id=\"wp-block-themeisle-blocks-advanced-heading-9e5e35f7\" class=\"wp-block-themeisle-blocks-advanced-heading wp-block-themeisle-blocks-advanced-heading-9e5e35f7\">au lieu de EUR 600\n\n\n\n<p id=\"wp-block-themeisle-blocks-advanced-heading-feb5d9e6\" class=\"wp-block-themeisle-blocks-advanced-heading wp-block-themeisle-blocks-advanced-heading-feb5d9e6\">Introduction \u00e0 QField<\/p>\n\n\n\n<p id=\"wp-block-themeisle-blocks-advanced-heading-ba649fdc\" class=\"wp-block-themeisle-blocks-advanced-heading wp-block-themeisle-blocks-advanced-heading-ba649fdc\">Pr\u00e9paration du projet QGIS<\/p>\n\n\n\n<p id=\"wp-block-themeisle-blocks-advanced-heading-24a1c800\" class=\"wp-block-themeisle-blocks-advanced-heading wp-block-themeisle-blocks-advanced-heading-24a1c800\">Synchronization avec QFieldCloud<\/p>\n\n\n\n<p class=\"has-text-align-center has-small-font-size\"><em>* Le prix r\u00e9duit est valable uniquement en combinaison avec un abonnement payant \u00e0 <a href=\"https:\/\/qfield.cloud\/\">QFieldCloud<\/a>.<\/em><\/p>\n\n\n\n<div id=\"wp-block-themeisle-blocks-button-group-f50745d8\" class=\"wp-block-themeisle-blocks-button-group wp-block-buttons align-center\">\n<div id=\"wp-block-themeisle-blocks-button-17eb567f\" class=\"wp-block-themeisle-blocks-button wp-block-button\"><a href=\"https:\/\/www.opengis.ch\/book-private-course\/?wpf10757_9=QField%20Jumpstart%20-%20Half%20day\" target=\"_self\" rel=\"noopener noreferrer\" class=\"wp-block-button__link\"><span>R\u00e9server<\/span><\/a><\/div>\n<\/div>\n<\/div>\n<\/div>\n\n\n\n<div id=\"wp-block-themeisle-blocks-advanced-column-76674069\" class=\"wp-block-themeisle-blocks-advanced-column\">\n<div class=\"wp-block-themeisle-blocks-pricing\">\n<h5 id=\"wp-block-themeisle-blocks-advanced-heading-a638a545\" class=\"wp-block-themeisle-blocks-advanced-heading wp-block-themeisle-blocks-advanced-heading-a638a545\">Journ\u00e9e compl\u00e8te<\/h5>\n\n\n\n<hr class=\"wp-block-separator has-css-opacity is-style-wide\"\/>\n\n\n\n<h3 id=\"wp-block-themeisle-blocks-advanced-heading-002bcf3f\" class=\"wp-block-themeisle-blocks-advanced-heading wp-block-themeisle-blocks-advanced-heading-002bcf3f\">EUR 1080*  <\/h3>\n\n\n\n<p id=\"wp-block-themeisle-blocks-advanced-heading-86dec80c\" class=\"wp-block-themeisle-blocks-advanced-heading wp-block-themeisle-blocks-advanced-heading-86dec80c\">au lieu de EUR 1200\n\n\n\n<p id=\"wp-block-themeisle-blocks-advanced-heading-cfe96296\" class=\"wp-block-themeisle-blocks-advanced-heading wp-block-themeisle-blocks-advanced-heading-cfe96296\">Pr\u00e9paration des fonds de carte<\/p>\n\n\n\n<p id=\"wp-block-themeisle-blocks-advanced-heading-6804f423\" class=\"wp-block-themeisle-blocks-advanced-heading wp-block-themeisle-blocks-advanced-heading-6804f423\">Analyse de votre mod\u00e8le de donn\u00e9es<\/p>\n\n\n\n<p id=\"wp-block-themeisle-blocks-advanced-heading-49f4b006\" class=\"wp-block-themeisle-blocks-advanced-heading wp-block-themeisle-blocks-advanced-heading-49f4b006\">Optimisation du projet QGIS<\/p>\n\n\n\n<p id=\"wp-block-themeisle-blocks-advanced-heading-726d3442\" class=\"wp-block-themeisle-blocks-advanced-heading wp-block-themeisle-blocks-advanced-heading-726d3442\">Strat\u00e9gies avanc\u00e9es de synchronisation<\/p>\n\n\n\n<p class=\"has-text-align-center has-small-font-size\"><em>* Le prix r\u00e9duit est valable uniquement en combinaison avec un abonnement payant \u00e0 <a href=\"https:\/\/qfield.cloud\/\">QFieldCloud<\/a>.<\/em><\/p>\n\n\n\n<div id=\"wp-block-themeisle-blocks-button-group-cc6bc0d5\" class=\"wp-block-themeisle-blocks-button-group wp-block-buttons align-center\">\n<div id=\"wp-block-themeisle-blocks-button-5ba47521\" class=\"wp-block-themeisle-blocks-button wp-block-button\"><a href=\"https:\/\/www.opengis.ch\/book-private-course\/?wpf10757_9=QField%20Jumpstart%20-%20Full%20day\" target=\"_self\" rel=\"noopener noreferrer\" class=\"wp-block-button__link\"><span>R\u00e9server<\/span><\/a><\/div>\n<\/div>\n<\/div>\n<\/div>\n<\/div><\/div>\n<\/div>\n<\/div><\/div>\n","protected":false},"excerpt":{"rendered":"<p>Vous souhaitez collecter des donn\u00e9es sur le terrain, mais n\u2019avez jamais utilis\u00e9 de SIG auparavent ? Vous \u00eates un utilisateur averti de QGIS, et souhaitez vous pr\u00e9parer pour le terrain ? Vous g\u00e9rez une \u00e9quipe d\u2019utilisateurs, et souhaitez am\u00e9liorer l\u2019efficacit\u00e9 de votre \u00e9quipe sur le terrain ?<\/p>\n","protected":false},"author":2,"featured_media":6399,"parent":0,"menu_order":0,"comment_status":"closed","ping_status":"closed","template":"","meta":{"_themeisle_gutenberg_block_has_review":false,"jetpack_post_was_ever_published":false,"footnotes":""},"class_list":["post-10984","page","type-page","status-publish","has-post-thumbnail","hentry"],"jetpack-related-posts":[{"id":10978,"url":"https:\/\/www.opengis.ch\/fr\/conseil\/","url_meta":{"origin":10984,"position":0},"title":"Conseil","author":"Marco Bernasocchi","date":"12 janvier 2015","format":false,"excerpt":"\"Notre \u00e9quipe exp\u00e9riment\u00e9e et multilingue est toujours pr\u00eate \u00e0 vous aider \u00e0 planifier et \u00e0 am\u00e9liorer vos flux de travail, \u00e0 optimiser les performances de vos outils et \u00e0 renforcer vos connaissances internes.\"Marco Bernasocchi, CEO Conseil g\u00e9ospatial Planifiez-vous une nouvelle infrastructure de g\u00e9odonn\u00e9es ? Souhaitez-vous am\u00e9liorer vos flux de travail\u2026","rel":"","context":"Article similaire","block_context":{"text":"Article similaire","link":""},"img":{"alt_text":"","src":"","width":0,"height":0},"classes":[]},{"id":11291,"url":"https:\/\/www.opengis.ch\/fr\/","url_meta":{"origin":10984,"position":1},"title":"Pourquoi nous?","author":"Marco Bernasocchi","date":"30 avril 2020","format":false,"excerpt":"Nous sommes des GeoNinjas \u00e0 part enti\u00e8re et offrons un service personnalis\u00e9 en fonction de vos besoins en mati\u00e8re de g\u00e9odonn\u00e9es.Notre vaste exp\u00e9rience dans les technologies open source, combin\u00e9e \u00e0 notre nature flexible et vari\u00e9e, vous aidera \u00e0 mettre en \u0153uvre rapidement la solution que vous envisagez, avec un faible\u2026","rel":"","context":"Article similaire","block_context":{"text":"Article similaire","link":""},"img":{"alt_text":"","src":"https:\/\/i0.wp.com\/www.opengis.ch\/wp-content\/uploads\/2020\/04\/theteam_2.png?fit=1200%2C289&ssl=1&resize=350%2C200","width":350,"height":200,"srcset":"https:\/\/i0.wp.com\/www.opengis.ch\/wp-content\/uploads\/2020\/04\/theteam_2.png?fit=1200%2C289&ssl=1&resize=350%2C200 1x, https:\/\/i0.wp.com\/www.opengis.ch\/wp-content\/uploads\/2020\/04\/theteam_2.png?fit=1200%2C289&ssl=1&resize=525%2C300 1.5x, https:\/\/i0.wp.com\/www.opengis.ch\/wp-content\/uploads\/2020\/04\/theteam_2.png?fit=1200%2C289&ssl=1&resize=700%2C400 2x, https:\/\/i0.wp.com\/www.opengis.ch\/wp-content\/uploads\/2020\/04\/theteam_2.png?fit=1200%2C289&ssl=1&resize=1050%2C600 3x"},"classes":[]},{"id":10968,"url":"https:\/\/www.opengis.ch\/fr\/support-qgis\/","url_meta":{"origin":10984,"position":2},"title":"Support et maintenance QGIS","author":"Marco Bernasocchi","date":"28 avril 2020","format":false,"excerpt":"Nous prenons le support et la maintenance de vos d\u00e9ploiements tr\u00e8s au s\u00e9rieux. C\u2019est pourquoi nous sommes fiers de pouvoir proposer des contrats de support avec des accords de niveau de services (SLA). En souscrivant \u00e0 nos contrats de support, vous participez \u00e9galement \u00e0 notre initiative pour l\u2019am\u00e9lioration de QGIS.\u2026","rel":"","context":"Article similaire","block_context":{"text":"Article similaire","link":""},"img":{"alt_text":"","src":"","width":0,"height":0},"classes":[]},{"id":13757,"url":"https:\/\/www.opengis.ch\/fr\/calendrier-des-cours\/","url_meta":{"origin":10984,"position":3},"title":"Calendrier des cours","author":"Marco Bernasocchi","date":"26 mai 2023","format":false,"excerpt":"Vous pouvez retrouver nos cours dans d\u2019autres langues sur: https:\/\/opengis.ch\/courses-calendar","rel":"","context":"Article similaire","block_context":{"text":"Article similaire","link":""},"img":{"alt_text":"","src":"","width":0,"height":0},"classes":[]},{"id":10981,"url":"https:\/\/www.opengis.ch\/fr\/nos-valeurs\/","url_meta":{"origin":10984,"position":4},"title":"Nos valeurs","author":"Marco Bernasocchi","date":"20 avril 2020","format":false,"excerpt":"Vision Faire des SIG open-source la norme de r\u00e9f\u00e9rence de l'industrie en poussant sans cesse ses produits \u00e0 de haute qualit\u00e9 et de technologie de pointe Mission Nous d\u00e9veloppons, d\u00e9ployons et maintenons des solutions visionnaires pour cr\u00e9er de la qualit\u00e9 pour nos clients.Gr\u00e2ce \u00e0 des pratiques efficaces et des boucles\u2026","rel":"","context":"Article similaire","block_context":{"text":"Article similaire","link":""},"img":{"alt_text":"","src":"","width":0,"height":0},"classes":[]},{"id":15420,"url":"https:\/\/www.opengis.ch\/fr\/crowdfunding-un-soutien-fiable-pour-les-arcs-de-cercle-dans-qgis\/","url_meta":{"origin":10984,"position":5},"title":"Crowdfunding: un soutien fiable pour les arcs de cercle dans QGIS","author":"Matthias Kuhn","date":"7 avril 2025","format":false,"excerpt":"La vision: un traitement optimal des jeux de donn\u00e9es avec des arcs de cercle Les arcs de cercle sont un \u00e9l\u00e9ment central dans le domaine de la g\u00e9omatique. Une gestion pr\u00e9cise et fiable de ces \u00e9l\u00e9ments est une condition essentielle pour travailler avec les donn\u00e9es de la mensuration officielle. Une\u2026","rel":"","context":"Article similaire","block_context":{"text":"Article similaire","link":""},"img":{"alt_text":"","src":"https:\/\/i0.wp.com\/www.opengis.ch\/wp-content\/uploads\/2025\/04\/image8.png?fit=1200%2C576&ssl=1&resize=350%2C200","width":350,"height":200,"srcset":"https:\/\/i0.wp.com\/www.opengis.ch\/wp-content\/uploads\/2025\/04\/image8.png?fit=1200%2C576&ssl=1&resize=350%2C200 1x, https:\/\/i0.wp.com\/www.opengis.ch\/wp-content\/uploads\/2025\/04\/image8.png?fit=1200%2C576&ssl=1&resize=525%2C300 1.5x, https:\/\/i0.wp.com\/www.opengis.ch\/wp-content\/uploads\/2025\/04\/image8.png?fit=1200%2C576&ssl=1&resize=700%2C400 2x, https:\/\/i0.wp.com\/www.opengis.ch\/wp-content\/uploads\/2025\/04\/image8.png?fit=1200%2C576&ssl=1&resize=1050%2C600 3x"},"classes":[]}],"jetpack_shortlink":"https:\/\/wp.me\/PbdBtI-2Ra","jetpack_sharing_enabled":true,"_links":{"self":[{"href":"https:\/\/www.opengis.ch\/fr\/wp-json\/wp\/v2\/pages\/10984","targetHints":{"allow":["GET"]}}],"collection":[{"href":"https:\/\/www.opengis.ch\/fr\/wp-json\/wp\/v2\/pages"}],"about":[{"href":"https:\/\/www.opengis.ch\/fr\/wp-json\/wp\/v2\/types\/page"}],"author":[{"embeddable":true,"href":"https:\/\/www.opengis.ch\/fr\/wp-json\/wp\/v2\/users\/2"}],"replies":[{"embeddable":true,"href":"https:\/\/www.opengis.ch\/fr\/wp-json\/wp\/v2\/comments?post=10984"}],"version-history":[{"count":4,"href":"https:\/\/www.opengis.ch\/fr\/wp-json\/wp\/v2\/pages\/10984\/revisions"}],"predecessor-version":[{"id":17790,"href":"https:\/\/www.opengis.ch\/fr\/wp-json\/wp\/v2\/pages\/10984\/revisions\/17790"}],"wp:featuredmedia":[{"embeddable":true,"href":"https:\/\/www.opengis.ch\/fr\/wp-json\/wp\/v2\/media\/6399"}],"wp:attachment":[{"href":"https:\/\/www.opengis.ch\/fr\/wp-json\/wp\/v2\/media?parent=10984"}],"curies":[{"name":"wp","href":"https:\/\/api.w.org\/{rel}","templated":true}]}}