{"id":10981,"date":"2020-04-20T17:34:19","date_gmt":"2020-04-20T15:34:19","guid":{"rendered":"https:\/\/www.opengis.ch\/core-values\/"},"modified":"2020-05-01T08:10:34","modified_gmt":"2020-05-01T06:10:34","slug":"nos-valeurs","status":"publish","type":"page","link":"https:\/\/www.opengis.ch\/fr\/nos-valeurs\/","title":{"rendered":"Nos valeurs"},"content":{"rendered":"\n<div class=\"wp-block-columns is-layout-flex wp-container-core-columns-is-layout-28f84493 wp-block-columns-is-layout-flex\">\n<div class=\"wp-block-column is-layout-flow wp-block-column-is-layout-flow\" style=\"flex-basis:33.33%\">\n<h2 class=\"wp-block-heading\">Vision<\/h2>\n<\/div>\n\n\n\n<div class=\"wp-block-column is-layout-flow wp-block-column-is-layout-flow\" style=\"flex-basis:66.66%\">\n<blockquote class=\"wp-block-quote is-style-large is-layout-flow wp-block-quote-is-layout-flow\"><p>Faire des SIG open-source la norme de r\u00e9f\u00e9rence de l&rsquo;industrie en poussant sans cesse ses produits \u00e0 de haute qualit\u00e9 et de technologie de pointe<\/p><\/blockquote>\n<\/div>\n<\/div>\n\n\n\n<div class=\"wp-block-group is-layout-flow wp-block-group-is-layout-flow\"><div class=\"wp-block-group__inner-container\"><\/div><\/div>\n\n\n\n<div class=\"wp-block-columns is-layout-flex wp-container-core-columns-is-layout-28f84493 wp-block-columns-is-layout-flex\">\n<div class=\"wp-block-column is-layout-flow wp-block-column-is-layout-flow\" style=\"flex-basis:33.33%\">\n<h2 class=\"wp-block-heading\">Mission<\/h2>\n<\/div>\n\n\n\n<div class=\"wp-block-column is-layout-flow wp-block-column-is-layout-flow\" style=\"flex-basis:66.66%\">\n<blockquote class=\"wp-block-quote is-style-large is-layout-flow wp-block-quote-is-layout-flow\"><p>Nous d\u00e9veloppons, d\u00e9ployons et maintenons des solutions visionnaires pour cr\u00e9er de la qualit\u00e9 pour nos clients.<\/p><p>Gr\u00e2ce \u00e0 des pratiques efficaces et des boucles de r\u00e9troaction it\u00e9ratives, nous nous assurons de d\u00e9passer les attentes de nos clients et de les gagner en tant qu&rsquo;ambassadeurs SIG open-source.<\/p><p>Votre projet, notre passion<\/p><\/blockquote>\n\n\n\n<p><\/p>\n<\/div>\n<\/div>\n\n\n\n<div class=\"wp-block-columns is-layout-flex wp-container-core-columns-is-layout-28f84493 wp-block-columns-is-layout-flex\">\n<div class=\"wp-block-column is-layout-flow wp-block-column-is-layout-flow\" style=\"flex-basis:33.33%\">\n<h2 class=\"wp-block-heading\">Valeurs<\/h2>\n<\/div>\n\n\n\n<div class=\"wp-block-column is-layout-flow wp-block-column-is-layout-flow\" style=\"flex-basis:66.66%\">\n<blockquote class=\"wp-block-quote is-style-default is-layout-flow wp-block-quote-is-layout-flow\"><p><strong>Redonner :<\/strong> Nous vivons de projets open source et sommes donc profond\u00e9ment engag\u00e9s \u00e0 soutenir leur bien-\u00eatre <a href=\"https:\/\/www.opengis.ch\/fr\/qgis-sustainability-initiative\/\">technologique<\/a> et <a rel=\"noreferrer noopener\" href=\"https:\/\/www.osgeo.org\/sponsors\/\" target=\"_blank\">\u00e9conomique<\/a>.<\/p><\/blockquote>\n\n\n\n<blockquote class=\"wp-block-quote is-layout-flow wp-block-quote-is-layout-flow\"><p><strong>Amoureux de la nature :<\/strong> Nous sommes des amateurs de plein air et nous nous soucions de notre terrain de jeu. En travaillant \u00e0 100 % \u00e0 distance, nous \u00e9vitons les trajets inutiles, nous nous rendons chez nos clients en transports publics chaque fois que cela est possible, lorsque nous devons prendre l&rsquo;avion, nous compensons nos vols et nous d\u00e9pla\u00e7ons tous nos serveurs vers des h\u00e9bergeurs neutres en CO2.<\/p><\/blockquote>\n\n\n\n<blockquote class=\"wp-block-quote is-layout-flow wp-block-quote-is-layout-flow\"><p><strong>R\u00e9duire les in\u00e9galit\u00e9s : <\/strong>nous pensons que chacun doit avoir acc\u00e8s aux meilleurs outils et connaissances possibles. En nous engageant \u00e0 d\u00e9velopper des applications open-source, nous donnons \u00e0 chacun l&rsquo;acc\u00e8s \u00e0 des outils puissants pour planifier, examiner et att\u00e9nuer les probl\u00e8mes g\u00e9ospatiaux.<\/p><\/blockquote>\n\n\n\n<blockquote class=\"wp-block-quote is-layout-flow wp-block-quote-is-layout-flow\"><p><strong>Notre \u00e9quipe &#8211; notre c\u0153ur : <\/strong>Depuis sa cr\u00e9ation, OPENGIS.ch s&rsquo;attache \u00e0 permettre \u00e0 son \u00e9quipe de rechercher un \u00e9quilibre parfait entre vie professionnelle et vie priv\u00e9e en permettant \u00e0 chacun d&rsquo;organiser ses horaires et son lieu de travail en harmonie avec sa vie.<\/p><\/blockquote>\n<\/div>\n<\/div>\n","protected":false},"excerpt":{"rendered":"<p>Vision Faire des SIG open-source la norme de r\u00e9f\u00e9rence de l&rsquo;industrie en poussant sans cesse ses produits \u00e0 de haute qualit\u00e9 et de technologie de pointe Mission Nous d\u00e9veloppons, d\u00e9ployons et maintenons des solutions visionnaires pour cr\u00e9er de la qualit\u00e9 pour nos clients. Gr\u00e2ce \u00e0 des pratiques efficaces et des [&hellip;]<\/p>\n","protected":false},"author":2,"featured_media":0,"parent":0,"menu_order":0,"comment_status":"closed","ping_status":"closed","template":"","meta":{"_themeisle_gutenberg_block_has_review":false,"jetpack_post_was_ever_published":false,"footnotes":""},"class_list":["post-10981","page","type-page","status-publish","hentry"],"jetpack-related-posts":[{"id":15420,"url":"https:\/\/www.opengis.ch\/fr\/crowdfunding-un-soutien-fiable-pour-les-arcs-de-cercle-dans-qgis\/","url_meta":{"origin":10981,"position":0},"title":"Crowdfunding: un soutien fiable pour les arcs de cercle dans QGIS","author":"Matthias Kuhn","date":"7 avril 2025","format":false,"excerpt":"La vision: un traitement optimal des jeux de donn\u00e9es avec des arcs de cercle Les arcs de cercle sont un \u00e9l\u00e9ment central dans le domaine de la g\u00e9omatique. Une gestion pr\u00e9cise et fiable de ces \u00e9l\u00e9ments est une condition essentielle pour travailler avec les donn\u00e9es de la mensuration officielle. Une\u2026","rel":"","context":"Article similaire","block_context":{"text":"Article similaire","link":""},"img":{"alt_text":"","src":"https:\/\/i0.wp.com\/www.opengis.ch\/wp-content\/uploads\/2025\/04\/image8.png?fit=1200%2C576&ssl=1&resize=350%2C200","width":350,"height":200,"srcset":"https:\/\/i0.wp.com\/www.opengis.ch\/wp-content\/uploads\/2025\/04\/image8.png?fit=1200%2C576&ssl=1&resize=350%2C200 1x, https:\/\/i0.wp.com\/www.opengis.ch\/wp-content\/uploads\/2025\/04\/image8.png?fit=1200%2C576&ssl=1&resize=525%2C300 1.5x, https:\/\/i0.wp.com\/www.opengis.ch\/wp-content\/uploads\/2025\/04\/image8.png?fit=1200%2C576&ssl=1&resize=700%2C400 2x, https:\/\/i0.wp.com\/www.opengis.ch\/wp-content\/uploads\/2025\/04\/image8.png?fit=1200%2C576&ssl=1&resize=1050%2C600 3x"},"classes":[]},{"id":10968,"url":"https:\/\/www.opengis.ch\/fr\/support-qgis\/","url_meta":{"origin":10981,"position":1},"title":"Support et maintenance QGIS","author":"Marco Bernasocchi","date":"28 avril 2020","format":false,"excerpt":"Nous prenons le support et la maintenance de vos d\u00e9ploiements tr\u00e8s au s\u00e9rieux. C\u2019est pourquoi nous sommes fiers de pouvoir proposer des contrats de support avec des accords de niveau de services (SLA). En souscrivant \u00e0 nos contrats de support, vous participez \u00e9galement \u00e0 notre initiative pour l\u2019am\u00e9lioration de QGIS.\u2026","rel":"","context":"Article similaire","block_context":{"text":"Article similaire","link":""},"img":{"alt_text":"","src":"","width":0,"height":0},"classes":[]},{"id":10984,"url":"https:\/\/www.opengis.ch\/fr\/qfield-training\/","url_meta":{"origin":10981,"position":2},"title":"Formations rapide \u00e0 QField","author":"Marco Bernasocchi","date":"26 avril 2019","format":false,"excerpt":"Vous souhaitez collecter des donn\u00e9es sur le terrain, mais n\u2019avez jamais utilis\u00e9 de SIG auparavent ? Vous \u00eates un utilisateur averti de QGIS, et souhaitez vous pr\u00e9parer pour le terrain ? Vous g\u00e9rez une \u00e9quipe d\u2019utilisateurs, et souhaitez am\u00e9liorer l\u2019efficacit\u00e9 de votre \u00e9quipe sur le terrain ? D\u00e9couvrez nos modules\u2026","rel":"","context":"Article similaire","block_context":{"text":"Article similaire","link":""},"img":{"alt_text":"","src":"https:\/\/i0.wp.com\/www.opengis.ch\/wp-content\/uploads\/2019\/04\/tim-gouw-73926-unsplash.jpg?fit=1200%2C802&ssl=1&resize=350%2C200","width":350,"height":200,"srcset":"https:\/\/i0.wp.com\/www.opengis.ch\/wp-content\/uploads\/2019\/04\/tim-gouw-73926-unsplash.jpg?fit=1200%2C802&ssl=1&resize=350%2C200 1x, https:\/\/i0.wp.com\/www.opengis.ch\/wp-content\/uploads\/2019\/04\/tim-gouw-73926-unsplash.jpg?fit=1200%2C802&ssl=1&resize=525%2C300 1.5x, https:\/\/i0.wp.com\/www.opengis.ch\/wp-content\/uploads\/2019\/04\/tim-gouw-73926-unsplash.jpg?fit=1200%2C802&ssl=1&resize=700%2C400 2x, https:\/\/i0.wp.com\/www.opengis.ch\/wp-content\/uploads\/2019\/04\/tim-gouw-73926-unsplash.jpg?fit=1200%2C802&ssl=1&resize=1050%2C600 3x"},"classes":[]},{"id":11291,"url":"https:\/\/www.opengis.ch\/fr\/","url_meta":{"origin":10981,"position":3},"title":"Pourquoi nous?","author":"Marco Bernasocchi","date":"30 avril 2020","format":false,"excerpt":"Nous sommes des GeoNinjas \u00e0 part enti\u00e8re et offrons un service personnalis\u00e9 en fonction de vos besoins en mati\u00e8re de g\u00e9odonn\u00e9es.Notre vaste exp\u00e9rience dans les technologies open source, combin\u00e9e \u00e0 notre nature flexible et vari\u00e9e, vous aidera \u00e0 mettre en \u0153uvre rapidement la solution que vous envisagez, avec un faible\u2026","rel":"","context":"Article similaire","block_context":{"text":"Article similaire","link":""},"img":{"alt_text":"","src":"https:\/\/i0.wp.com\/www.opengis.ch\/wp-content\/uploads\/2020\/04\/theteam_2.png?fit=1200%2C289&ssl=1&resize=350%2C200","width":350,"height":200,"srcset":"https:\/\/i0.wp.com\/www.opengis.ch\/wp-content\/uploads\/2020\/04\/theteam_2.png?fit=1200%2C289&ssl=1&resize=350%2C200 1x, https:\/\/i0.wp.com\/www.opengis.ch\/wp-content\/uploads\/2020\/04\/theteam_2.png?fit=1200%2C289&ssl=1&resize=525%2C300 1.5x, https:\/\/i0.wp.com\/www.opengis.ch\/wp-content\/uploads\/2020\/04\/theteam_2.png?fit=1200%2C289&ssl=1&resize=700%2C400 2x, https:\/\/i0.wp.com\/www.opengis.ch\/wp-content\/uploads\/2020\/04\/theteam_2.png?fit=1200%2C289&ssl=1&resize=1050%2C600 3x"},"classes":[]},{"id":13757,"url":"https:\/\/www.opengis.ch\/fr\/calendrier-des-cours\/","url_meta":{"origin":10981,"position":4},"title":"Calendrier des cours","author":"Marco Bernasocchi","date":"26 mai 2023","format":false,"excerpt":"Vous pouvez retrouver nos cours dans d\u2019autres langues sur: https:\/\/opengis.ch\/courses-calendar","rel":"","context":"Article similaire","block_context":{"text":"Article similaire","link":""},"img":{"alt_text":"","src":"","width":0,"height":0},"classes":[]},{"id":10978,"url":"https:\/\/www.opengis.ch\/fr\/conseil\/","url_meta":{"origin":10981,"position":5},"title":"Conseil","author":"Marco Bernasocchi","date":"12 janvier 2015","format":false,"excerpt":"\"Notre \u00e9quipe exp\u00e9riment\u00e9e et multilingue est toujours pr\u00eate \u00e0 vous aider \u00e0 planifier et \u00e0 am\u00e9liorer vos flux de travail, \u00e0 optimiser les performances de vos outils et \u00e0 renforcer vos connaissances internes.\"Marco Bernasocchi, CEO Conseil g\u00e9ospatial Planifiez-vous une nouvelle infrastructure de g\u00e9odonn\u00e9es ? Souhaitez-vous am\u00e9liorer vos flux de travail\u2026","rel":"","context":"Article similaire","block_context":{"text":"Article similaire","link":""},"img":{"alt_text":"","src":"","width":0,"height":0},"classes":[]}],"jetpack_shortlink":"https:\/\/wp.me\/PbdBtI-2R7","jetpack_sharing_enabled":true,"_links":{"self":[{"href":"https:\/\/www.opengis.ch\/fr\/wp-json\/wp\/v2\/pages\/10981","targetHints":{"allow":["GET"]}}],"collection":[{"href":"https:\/\/www.opengis.ch\/fr\/wp-json\/wp\/v2\/pages"}],"about":[{"href":"https:\/\/www.opengis.ch\/fr\/wp-json\/wp\/v2\/types\/page"}],"author":[{"embeddable":true,"href":"https:\/\/www.opengis.ch\/fr\/wp-json\/wp\/v2\/users\/2"}],"replies":[{"embeddable":true,"href":"https:\/\/www.opengis.ch\/fr\/wp-json\/wp\/v2\/comments?post=10981"}],"version-history":[{"count":3,"href":"https:\/\/www.opengis.ch\/fr\/wp-json\/wp\/v2\/pages\/10981\/revisions"}],"predecessor-version":[{"id":11328,"href":"https:\/\/www.opengis.ch\/fr\/wp-json\/wp\/v2\/pages\/10981\/revisions\/11328"}],"wp:attachment":[{"href":"https:\/\/www.opengis.ch\/fr\/wp-json\/wp\/v2\/media?parent=10981"}],"curies":[{"name":"wp","href":"https:\/\/api.w.org\/{rel}","templated":true}]}}