{"id":10968,"date":"2020-04-28T16:50:13","date_gmt":"2020-04-28T14:50:13","guid":{"rendered":"https:\/\/www.opengis.ch\/?page_id=10968"},"modified":"2025-11-06T14:49:47","modified_gmt":"2025-11-06T13:49:47","slug":"support-qgis","status":"publish","type":"page","link":"https:\/\/www.opengis.ch\/fr\/support-qgis\/","title":{"rendered":"Support et maintenance QGIS"},"content":{"rendered":"\n<blockquote class=\"wp-block-quote is-layout-flow wp-block-quote-is-layout-flow\">Nous prenons le support et la maintenance de vos d\u00e9ploiements tr\u00e8s au s\u00e9rieux. C\u2019est pourquoi nous sommes fiers de pouvoir proposer des contrats de support avec des accords de niveau de services (SLA).\r\n\r\nEn souscrivant \u00e0 nos contrats de support, vous participez \u00e9galement \u00e0 notre <a href=\"https:\/\/www.opengis.ch\/fr\/qgis-sustainability-initiative\/\">initiative pour l\u2019am\u00e9lioration de QGIS<\/a>.\r\n\r\n<cite>Marco Bernasocchi, CEO<\/cite><\/blockquote>\n\n\n\n<div id=\"wp-block-themeisle-blocks-advanced-columns-b3523e5f\" class=\"wp-block-themeisle-blocks-advanced-columns alignfull has-2-columns has-desktop-oneTwo-layout has-tablet-equal-layout has-mobile-collapsedRows-layout has-vertical-unset has-wider-gap\"><div class=\"wp-block-themeisle-blocks-advanced-columns-overlay\"><\/div><div class=\"innerblocks-wrap\">\n<div id=\"wp-block-themeisle-blocks-advanced-column-221ee813\" class=\"wp-block-themeisle-blocks-advanced-column\">\n<h2 id=\"wp-block-themeisle-blocks-advanced-heading-893e920c\" class=\"wp-block-themeisle-blocks-advanced-heading wp-block-themeisle-blocks-advanced-heading-893e920c\">Faites votre choix<\/h2>\n\n\n\n<p>Un contrat de support OPENGIS.ch vous garantit la disponibilit\u00e9 d\u2019une \u00e9quipe d\u2019experts en syst\u00e8mes d\u2019information g\u00e9ographique.<\/p>\n\n\n\n<p>Gr\u00e2ce \u00e0 une plateforme de support moderne et nos <strong>SLA<\/strong>, vous aurez toujours r\u00e9ponse \u00e0 vos question \u00e0 temps.<\/p>\n\n\n\n<p>De plus, en choisissant un contrat de support OPENGIS.ch, vous participez \u00e0 notre <a href=\"https:\/\/www.opengis.ch\/our-qgis-sustainability-initiative\/#initiative\">initiative pour l\u2019am\u00e9lioration<\/a> <a href=\"https:\/\/www.opengis.ch\/fr\/qgis-sustainability-initiative\/\">de QGIS<\/a>, et contribuez donc \u00e0 l\u2019essor de QGIS. Pour chaque contrat d&rsquo;assistance de 10 jours ou plus, nous faisons don de jours suppl\u00e9mentaires \u00e0 l&rsquo;initiative de d\u00e9veloppement durable de QGIS. Au lieu d&rsquo;\u00eatre perdues, toutes les heures non utilis\u00e9es \u00e0 la fin des 12 mois de chaque contrat sont \u00e9galement donn\u00e9es \u00e0 l&rsquo;initiative de d\u00e9veloppement durable de QGIS.<\/p>\n\n\n\n<h3 class=\"wp-block-heading\"><span>Qu&rsquo;est-ce qui est couvert ?<\/span><\/h3>\n\n\n\n<div class=\"wp-block-group\"><div class=\"wp-block-group__inner-container is-layout-flow wp-block-group-is-layout-flow\">\n<ul class=\"wp-block-list\">\n<li>Version courante de QGIS selon <a href=\"https:\/\/qgis.org\/en\/site\/getinvolved\/development\/roadmap.html\">qgis.org<\/a><\/li>\n\n\n\n<li>Version \u00e0 long terme de QGIS (LTR) selon <a href=\"https:\/\/qgis.org\/en\/site\/getinvolved\/development\/roadmap.html\">qgis.org<\/a><\/li>\n\n\n\n<li>Version courante de QField selon <a href=\"https:\/\/qfield.org\/releases\">qfield.org<\/a><\/li>\n\n\n\n<li>Programmation Python en relation avec QGIS<\/li>\n\n\n\n<li>Autres composants en lien avec QGIS et participant \u00e0 votre infrastructure g\u00e9ospatiale<\/li>\n<\/ul>\n<\/div><\/div>\n<\/div>\n\n\n\n<div id=\"wp-block-themeisle-blocks-advanced-column-6cbdc18c\" class=\"wp-block-themeisle-blocks-advanced-column\">\n<div id=\"wp-block-themeisle-blocks-advanced-columns-0f3939fb\" class=\"wp-block-themeisle-blocks-advanced-columns has-4-columns has-desktop-equal-layout has-tablet-equal-layout has-mobile-collapsedRows-layout has-vertical-unset\"><div class=\"wp-block-themeisle-blocks-advanced-columns-overlay\"><\/div><div class=\"innerblocks-wrap\">\n<div id=\"wp-block-themeisle-blocks-advanced-column-8a78ddd2\" class=\"wp-block-themeisle-blocks-advanced-column has-light-bg\">\n<div class=\"wp-block-themeisle-blocks-pricing\">\n<h5 id=\"wp-block-themeisle-blocks-advanced-heading-e913400e\" class=\"wp-block-themeisle-blocks-advanced-heading wp-block-themeisle-blocks-advanced-heading-e913400e\">Personnel<\/h5>\n\n\n\n<hr class=\"wp-block-separator has-css-opacity is-style-wide\"\/>\n\n\n\n<h3 id=\"wp-block-themeisle-blocks-advanced-heading-b045ac79\" class=\"wp-block-themeisle-blocks-advanced-heading wp-block-themeisle-blocks-advanced-heading-b045ac79\">2 jours<\/h3>\n\n\n\n<p id=\"wp-block-themeisle-blocks-advanced-heading-f6c88b53\" class=\"wp-block-themeisle-blocks-advanced-heading wp-block-themeisle-blocks-advanced-heading-f6c88b53\">3200 CHF*<\/p>\n\n\n\n<p id=\"wp-block-themeisle-blocks-advanced-heading-6f59fed7\" class=\"wp-block-themeisle-blocks-advanced-heading wp-block-themeisle-blocks-advanced-heading-6f59fed7\">SLA de base inclus<\/p>\n\n\n\n<p id=\"wp-block-themeisle-blocks-advanced-heading-39a719a7\" class=\"wp-block-themeisle-blocks-advanced-heading wp-block-themeisle-blocks-advanced-heading-39a719a7\">Pas d\u2019extension SLAs<\/p>\n\n\n\n<p id=\"wp-block-themeisle-blocks-advanced-heading-09bc8285\" class=\"wp-block-themeisle-blocks-advanced-heading wp-block-themeisle-blocks-advanced-heading-09bc8285\">Pas de jours d&rsquo;itiative pour l\u2019am\u00e9lioration de QGIS<\/p>\n\n\n\n<p id=\"wp-block-themeisle-blocks-advanced-heading-b852beb8\" class=\"wp-block-themeisle-blocks-advanced-heading wp-block-themeisle-blocks-advanced-heading-b852beb8\">5% de r\u00e9duction d\u00e8s la deuxi\u00e8me ann\u00e9e<\/p>\n\n\n\n<div id=\"wp-block-themeisle-blocks-button-group-344cc28e\" class=\"wp-block-themeisle-blocks-button-group wp-block-buttons align-center\">\n<div id=\"wp-block-themeisle-blocks-button-1a052bb0\" class=\"wp-block-themeisle-blocks-button wp-block-button\"><a href=\"https:\/\/www.opengis.ch\/order-support-contract\/?days=2\" target=\"_self\" rel=\"noopener noreferrer\" class=\"wp-block-button__link\"><span>Commander<\/span><\/a><\/div>\n<\/div>\n<\/div>\n<\/div>\n\n\n\n<div id=\"wp-block-themeisle-blocks-advanced-column-651e004b\" class=\"wp-block-themeisle-blocks-advanced-column\">\n<div class=\"wp-block-themeisle-blocks-pricing\">\n<h5 id=\"wp-block-themeisle-blocks-advanced-heading-891e5151\" class=\"wp-block-themeisle-blocks-advanced-heading wp-block-themeisle-blocks-advanced-heading-891e5151\">Startup<\/h5>\n\n\n\n<hr class=\"wp-block-separator has-css-opacity is-style-wide\"\/>\n\n\n\n<h3 id=\"wp-block-themeisle-blocks-advanced-heading-0da711c7\" class=\"wp-block-themeisle-blocks-advanced-heading wp-block-themeisle-blocks-advanced-heading-0da711c7\">5 jours<\/h3>\n\n\n\n<p id=\"wp-block-themeisle-blocks-advanced-heading-6aaf84fd\" class=\"wp-block-themeisle-blocks-advanced-heading wp-block-themeisle-blocks-advanced-heading-6aaf84fd\">7200 CHF*<\/p>\n\n\n\n<p id=\"wp-block-themeisle-blocks-advanced-heading-23e2d908\" class=\"wp-block-themeisle-blocks-advanced-heading wp-block-themeisle-blocks-advanced-heading-23e2d908\">SLA de base inclus<\/p>\n\n\n\n<p id=\"wp-block-themeisle-blocks-advanced-heading-0387efc3\" class=\"wp-block-themeisle-blocks-advanced-heading wp-block-themeisle-blocks-advanced-heading-0387efc3\">Pas d\u2019extension SLAs<\/p>\n\n\n\n<p id=\"wp-block-themeisle-blocks-advanced-heading-eada2fa0\" class=\"wp-block-themeisle-blocks-advanced-heading wp-block-themeisle-blocks-advanced-heading-eada2fa0\">Pas de jours d&rsquo;itiative pour l\u2019am\u00e9lioration de QGIS<\/p>\n\n\n\n<p id=\"wp-block-themeisle-blocks-advanced-heading-5cd519bd\" class=\"wp-block-themeisle-blocks-advanced-heading wp-block-themeisle-blocks-advanced-heading-5cd519bd\">5% de r\u00e9duction d\u00e8s la deuxi\u00e8me ann\u00e9e<\/p>\n\n\n\n<div id=\"wp-block-themeisle-blocks-button-group-63efb1a5\" class=\"wp-block-themeisle-blocks-button-group wp-block-buttons align-center\">\n<div id=\"wp-block-themeisle-blocks-button-0b4c6860\" class=\"wp-block-themeisle-blocks-button wp-block-button\"><a href=\"https:\/\/www.opengis.ch\/order-support-contract\/?days=5\" target=\"_self\" rel=\"noopener noreferrer\" class=\"wp-block-button__link\"><span>Commander<\/span><\/a><\/div>\n<\/div>\n\n\n\n<p><\/p>\n<\/div>\n<\/div>\n\n\n\n<div id=\"wp-block-themeisle-blocks-advanced-column-26f42fed\" class=\"wp-block-themeisle-blocks-advanced-column\">\n<div class=\"wp-block-group\"><div class=\"wp-block-group__inner-container is-layout-flow wp-block-group-is-layout-flow\">\n<h5 id=\"wp-block-themeisle-blocks-advanced-heading-33dd0db0\" class=\"wp-block-themeisle-blocks-advanced-heading wp-block-themeisle-blocks-advanced-heading-33dd0db0\">Business<\/h5>\n\n\n\n<hr class=\"wp-block-separator has-css-opacity is-style-wide\"\/>\n\n\n\n<h3 id=\"wp-block-themeisle-blocks-advanced-heading-b9db477f\" class=\"wp-block-themeisle-blocks-advanced-heading wp-block-themeisle-blocks-advanced-heading-b9db477f\">10 jours<\/h3>\n\n\n\n<p id=\"wp-block-themeisle-blocks-advanced-heading-06b64997\" class=\"wp-block-themeisle-blocks-advanced-heading wp-block-themeisle-blocks-advanced-heading-06b64997\">14400 CHF*<\/p>\n\n\n\n<p id=\"wp-block-themeisle-blocks-advanced-heading-da733a30\" class=\"wp-block-themeisle-blocks-advanced-heading wp-block-themeisle-blocks-advanced-heading-da733a30\">SLA de base inclus<\/p>\n\n\n\n<p id=\"wp-block-themeisle-blocks-advanced-heading-899732e1\" class=\"wp-block-themeisle-blocks-advanced-heading wp-block-themeisle-blocks-advanced-heading-899732e1\">Possibilit\u00e9 d\u2019extensions SLAs<\/p>\n\n\n\n<p id=\"wp-block-themeisle-blocks-advanced-heading-9739e94e\" class=\"wp-block-themeisle-blocks-advanced-heading wp-block-themeisle-blocks-advanced-heading-9739e94e\">0.5 jours d\u2019itiative pour l\u2019am\u00e9lioration de QGIS<\/p>\n\n\n\n<p id=\"wp-block-themeisle-blocks-advanced-heading-34936e49\" class=\"wp-block-themeisle-blocks-advanced-heading wp-block-themeisle-blocks-advanced-heading-34936e49\">5% de r\u00e9duction d\u00e8s la deuxi\u00e8me ann\u00e9e<\/p>\n\n\n\n<div id=\"wp-block-themeisle-blocks-button-group-a3610c3e\" class=\"wp-block-themeisle-blocks-button-group wp-block-buttons align-center\">\n<div id=\"wp-block-themeisle-blocks-button-59aead7d\" class=\"wp-block-themeisle-blocks-button wp-block-button\"><a href=\"https:\/\/www.opengis.ch\/order-support-contract\/?days=10\" target=\"_self\" rel=\"noopener noreferrer\" class=\"wp-block-button__link\"><span>Commander<\/span><\/a><\/div>\n<\/div>\n<\/div><\/div>\n<\/div>\n\n\n\n<div id=\"wp-block-themeisle-blocks-advanced-column-dec6d3d1\" class=\"wp-block-themeisle-blocks-advanced-column\">\n<div class=\"wp-block-group\"><div class=\"wp-block-group__inner-container is-layout-flow wp-block-group-is-layout-flow\">\n<h5 id=\"wp-block-themeisle-blocks-advanced-heading-57ffbb42\" class=\"wp-block-themeisle-blocks-advanced-heading wp-block-themeisle-blocks-advanced-heading-57ffbb42\">Enterprise<\/h5>\n\n\n\n<hr class=\"wp-block-separator has-css-opacity is-style-wide\"\/>\n\n\n\n<h3 id=\"wp-block-themeisle-blocks-advanced-heading-c4775b7c\" class=\"wp-block-themeisle-blocks-advanced-heading wp-block-themeisle-blocks-advanced-heading-c4775b7c\">10+ jours<\/h3>\n\n\n\n<p id=\"wp-block-themeisle-blocks-advanced-heading-6b92d2c2\" class=\"wp-block-themeisle-blocks-advanced-heading wp-block-themeisle-blocks-advanced-heading-6b92d2c2\">Sur demande*<\/p>\n\n\n\n<p id=\"wp-block-themeisle-blocks-advanced-heading-bf95e33b\" class=\"wp-block-themeisle-blocks-advanced-heading wp-block-themeisle-blocks-advanced-heading-bf95e33b\">SLA de base inclus<\/p>\n\n\n\n<p id=\"wp-block-themeisle-blocks-advanced-heading-a8566b9b\" class=\"wp-block-themeisle-blocks-advanced-heading wp-block-themeisle-blocks-advanced-heading-a8566b9b\">Possibilit\u00e9 d\u2019extensions SLAs<\/p>\n\n\n\n<p id=\"wp-block-themeisle-blocks-advanced-heading-cfefc2e4\" class=\"wp-block-themeisle-blocks-advanced-heading wp-block-themeisle-blocks-advanced-heading-cfefc2e4\">1+ jours d\u2019itiative pour l\u2019am\u00e9lioration de QGIS<\/p>\n\n\n\n<p id=\"wp-block-themeisle-blocks-advanced-heading-f184f15e\" class=\"wp-block-themeisle-blocks-advanced-heading wp-block-themeisle-blocks-advanced-heading-f184f15e\">5% de r\u00e9duction d\u00e8s la deuxi\u00e8me ann\u00e9e<\/p>\n\n\n\n<div id=\"wp-block-themeisle-blocks-button-group-8a556caa\" class=\"wp-block-themeisle-blocks-button-group wp-block-buttons align-center\">\n<div id=\"wp-block-themeisle-blocks-button-353ff144\" class=\"wp-block-themeisle-blocks-button wp-block-button\"><a href=\"https:\/\/www.opengis.ch\/order-support-contract\/?days=0\" target=\"_self\" rel=\"noopener noreferrer\" class=\"wp-block-button__link\"><span>Commander<\/span><\/a><\/div>\n<\/div>\n<\/div><\/div>\n<\/div>\n<\/div><\/div>\n<\/div>\n<\/div><div class=\"wp-block-themeisle-blocks-advanced-columns-separators bottom\"><svg id=\"slant\" fill=\"#82cb2a\" viewBox=\"0 0 100 100\" width=\"100%\" height=\"100\" preserveAspectRatio=\"none\" xmlns=\"http:\/\/www.w3.org\/2000\/svg\" class=\"rotate\"><path d=\"M0 0 L100 100 L100 0 Z\"><\/path><\/svg><\/div><\/div>\n\n\n\n<div id=\"wp-block-themeisle-blocks-advanced-columns-48a51389\" class=\"wp-block-themeisle-blocks-advanced-columns alignfull has-2-columns has-desktop-oneTwo-layout has-tablet-equal-layout has-mobile-collapsedRows-layout has-vertical-unset has-wider-gap\">\r\n<div class=\"wp-block-themeisle-blocks-advanced-columns-overlay\"><\/div>\r\n<div class=\"wp-block-themeisle-blocks-advanced-columns-separators top\"><svg id=\"slant\" fill=\"#82cb2a\" viewbox=\"0 0 100 100\" width=\"100%\" height=\"100\" preserveaspectratio=\"none\" xmlns=\"https:\/\/www.w3.org\/2000\/svg\" class=\"\"><path d=\"M0 0 L100 100 L100 0 Z\"><\/path><\/svg><\/div>\r\n<div class=\"innerblocks-wrap\">\r\n\r\n\n<div id=\"wp-block-themeisle-blocks-advanced-column-72cdb79c\" class=\"wp-block-themeisle-blocks-advanced-column\">\r\n\r\n\n<h2 id=\"wp-block-themeisle-blocks-advanced-heading-7f128cd4\" class=\"wp-block-themeisle-blocks-advanced-heading wp-block-themeisle-blocks-advanced-heading-7f128cd4\">Contrat de niveau de service<\/h2>\n\n\r\n\nEn plus de chaque contrat de support, vous pouvez demander le contrat de niveau de service annuel qui correspond le mieux \u00e0 vos besoins.\r\nNous faisons toujours de notre mieux pour vous assister aussi t\u00f4t que possible, mais durant certaines p\u00e9riodes, cela peut prendre un peu plus de temps.\r\nNous comprenons qu\u2019un temps de r\u00e9ponse minimal est crucial pour votre entreprise. C\u2019est pourquoi nous vous offrons la possibilit\u00e9 d\u2019un temps de r\u00e9ponse garanti.\n\n\r\n\r\n<\/div>\n\n\r\n\n<div id=\"wp-block-themeisle-blocks-advanced-column-cd365bde\" class=\"wp-block-themeisle-blocks-advanced-column\">\r\n\r\n\n<div id=\"wp-block-themeisle-blocks-advanced-columns-2ba8056e\" class=\"wp-block-themeisle-blocks-advanced-columns has-3-columns has-desktop-equal-layout has-tablet-equal-layout has-mobile-collapsedRows-layout has-vertical-unset\">\r\n<div class=\"wp-block-themeisle-blocks-advanced-columns-overlay\"><\/div>\r\n<div class=\"innerblocks-wrap\">\r\n\r\n\n<div id=\"wp-block-themeisle-blocks-advanced-column-57661685\" class=\"wp-block-themeisle-blocks-advanced-column\">\r\n\r\n\n<div class=\"wp-block-themeisle-blocks-pricing\">\r\n\r\n\n<h5 id=\"wp-block-themeisle-blocks-advanced-heading-00212483\" class=\"wp-block-themeisle-blocks-advanced-heading wp-block-themeisle-blocks-advanced-heading-00212483\">Basic<\/h5>\n\n\r\n\n<hr class=\"wp-block-separator has-css-opacity is-style-wide\" \/>\n\n\r\n\n<h3 id=\"wp-block-themeisle-blocks-advanced-heading-50a96655\" class=\"wp-block-themeisle-blocks-advanced-heading wp-block-themeisle-blocks-advanced-heading-50a96655\">D\u00e8s que possible<\/h3>\n\n\r\n\n<p id=\"wp-block-themeisle-blocks-advanced-heading-268379e0\" class=\"wp-block-themeisle-blocks-advanced-heading wp-block-themeisle-blocks-advanced-heading-268379e0\">inclus<\/p>\n\n\r\n\n<p id=\"wp-block-themeisle-blocks-advanced-heading-c45f0c55\" class=\"wp-block-themeisle-blocks-advanced-heading wp-block-themeisle-blocks-advanced-heading-c45f0c55\">D\u00e8s que possible<\/p>\n\n\r\n\n<p id=\"wp-block-themeisle-blocks-advanced-heading-df928289\" class=\"wp-block-themeisle-blocks-advanced-heading wp-block-themeisle-blocks-advanced-heading-df928289\">R\u00e9ponse dans la semaine<\/p>\n\n\r\n\r\n<\/div>\n\n\r\n\r\n<\/div>\n\n\r\n\n<div id=\"wp-block-themeisle-blocks-advanced-column-12cd564e\" class=\"wp-block-themeisle-blocks-advanced-column\">\r\n\r\n\n<div class=\"wp-block-themeisle-blocks-pricing\">\r\n\r\n\n<h5 id=\"wp-block-themeisle-blocks-advanced-heading-7237492e\" class=\"wp-block-themeisle-blocks-advanced-heading wp-block-themeisle-blocks-advanced-heading-7237492e\">Business<\/h5>\n\n\r\n\n<hr class=\"wp-block-separator has-css-opacity is-style-wide\" \/>\n\n\r\n\n<h3 id=\"wp-block-themeisle-blocks-advanced-heading-215c3df4\" class=\"wp-block-themeisle-blocks-advanced-heading wp-block-themeisle-blocks-advanced-heading-215c3df4\">Trois jours<\/h3>\n\n\r\n\n<p id=\"wp-block-themeisle-blocks-advanced-heading-8fdb67fe\" class=\"wp-block-themeisle-blocks-advanced-heading wp-block-themeisle-blocks-advanced-heading-8fdb67fe\">20% suppl\u00e9ment<\/p>\n\n\r\n\n<p id=\"wp-block-themeisle-blocks-advanced-heading-2657551c\" class=\"wp-block-themeisle-blocks-advanced-heading wp-block-themeisle-blocks-advanced-heading-2657551c\">D\u00e8s que possible<\/p>\n\n\r\n\n<p id=\"wp-block-themeisle-blocks-advanced-heading-cbda67f0\" class=\"wp-block-themeisle-blocks-advanced-heading wp-block-themeisle-blocks-advanced-heading-cbda67f0\">R\u00e9ponse sous 3 jours<\/p>\n\n\r\n\n<p id=\"wp-block-themeisle-blocks-advanced-heading-4a126c2f\" class=\"wp-block-themeisle-blocks-advanced-heading wp-block-themeisle-blocks-advanced-heading-4a126c2f\"><em>Disponible pour les contrats de 10 jours ou plus<\/em><\/p>\n\n\r\n\r\n<\/div>\n\n\r\n\r\n<\/div>\n\n\r\n\n<div id=\"wp-block-themeisle-blocks-advanced-column-f01097a5\" class=\"wp-block-themeisle-blocks-advanced-column\">\r\n\r\n\n<div class=\"wp-block-group\"><div class=\"wp-block-group__inner-container is-layout-flow wp-block-group-is-layout-flow\">\r\n\r\n\n<h5 id=\"wp-block-themeisle-blocks-advanced-heading-b6193d32\" class=\"wp-block-themeisle-blocks-advanced-heading wp-block-themeisle-blocks-advanced-heading-b6193d32\">Enterprise<\/h5>\n\n\r\n\n<hr class=\"wp-block-separator has-css-opacity is-style-wide\" \/>\n\n\r\n\n<h3 id=\"wp-block-themeisle-blocks-advanced-heading-1d046476\" class=\"wp-block-themeisle-blocks-advanced-heading wp-block-themeisle-blocks-advanced-heading-1d046476\">Un jour<\/h3>\n\n\r\n\n<p id=\"wp-block-themeisle-blocks-advanced-heading-8224c1f6\" class=\"wp-block-themeisle-blocks-advanced-heading wp-block-themeisle-blocks-advanced-heading-8224c1f6\">sur demande<\/p>\n\n\r\n\n<p id=\"wp-block-themeisle-blocks-advanced-heading-d1ebbdfd\" class=\"wp-block-themeisle-blocks-advanced-heading wp-block-themeisle-blocks-advanced-heading-d1ebbdfd\">D\u00e8s que possible<\/p>\n\n\r\n\n<p id=\"wp-block-themeisle-blocks-advanced-heading-4fec2d49\" class=\"wp-block-themeisle-blocks-advanced-heading wp-block-themeisle-blocks-advanced-heading-4fec2d49\">R\u00e9ponse sous 1 jour<\/p>\n\n\r\n\n<p id=\"wp-block-themeisle-blocks-advanced-heading-bda0abd7\" class=\"wp-block-themeisle-blocks-advanced-heading wp-block-themeisle-blocks-advanced-heading-bda0abd7\"><em>Available for contracts of minimum 10 days<\/em><\/p>\n\n\r\n\r\n<\/div><\/div>\n\n\r\n\r\n<\/div>\n\n\r\n\r\n<\/div>\r\n<\/div>\n\n\r\n\r\n<\/div>\n\n\r\n\r\n<\/div>\r\n<\/div>\n\n\n\n<p><\/p>\n\n\n\n<p>* Tous les prix sont hors TVA<\/p>\n","protected":false},"excerpt":{"rendered":"<p>Nous prenons le support et la maintenance de vos d\u00e9ploiements tr\u00e8s au s\u00e9rieux. C\u2019est pourquoi nous sommes fiers de pouvoir proposer des contrats de support avec des accords de niveau de services (SLA). En souscrivant \u00e0 nos contrats de support, vous participez \u00e9galement \u00e0 notre initiative pour l\u2019am\u00e9lioration de QGIS. [&hellip;]<\/p>\n","protected":false},"author":2,"featured_media":0,"parent":0,"menu_order":0,"comment_status":"closed","ping_status":"closed","template":"","meta":{"_themeisle_gutenberg_block_has_review":false,"jetpack_post_was_ever_published":false,"footnotes":""},"class_list":["post-10968","page","type-page","status-publish","hentry"],"jetpack-related-posts":[{"id":9696,"url":"https:\/\/www.opengis.ch\/qgis-support\/","url_meta":{"origin":10968,"position":0},"title":"QGIS Support &#038; maintenance","author":"Marco Bernasocchi","date":"26 avril 2019","format":false,"excerpt":"We deeply care about you and your deployments and this is why we take support and maintenance very seriously and are proud to offer support contracts with SLAs. Furthermore, by choosing one of our support contracts you help our QGIS sustainability initiative. Marco Bernasocchi, CEO Choose Your Plan An OPENGIS.ch\u2026","rel":"","context":"Article similaire","block_context":{"text":"Article similaire","link":""},"img":{"alt_text":"","src":"","width":0,"height":0},"classes":[]},{"id":10972,"url":"https:\/\/www.opengis.ch\/fr\/developpement\/","url_meta":{"origin":10968,"position":1},"title":"D\u00e9veloppement","author":"Marco Bernasocchi","date":"24 avril 2020","format":false,"excerpt":"We love discussing requirements and create visionary solutions to problems. We always strive to develop, deploy and maintain solutions that offer exceptional value for our customers.Matthias Kuhn, CTO Model | Store postGIS | Geopackage Solid and resilient geodata infrastructures require a well-designed data model and a solid infrastructure. Either you\u2026","rel":"","context":"Article similaire","block_context":{"text":"Article similaire","link":""},"img":{"alt_text":"","src":"https:\/\/i0.wp.com\/www.opengis.ch\/wp-content\/uploads\/2020\/04\/QField_Final.png?resize=350%2C200&ssl=1","width":350,"height":200},"classes":[]},{"id":10977,"url":"https:\/\/www.opengis.ch\/it\/la-nostra-iniziativa-di-sostenibilita-qgis\/","url_meta":{"origin":10968,"position":2},"title":"La nostra iniziativa di sostenibilit\u00e0 QGIS","author":"Marco Bernasocchi","date":"26 avril 2019","format":false,"excerpt":"QGIS is very popular because it is extremely powerful, flexible and stable and can be used without having to worry about licenses or vendor lock-in. A wide range of service providers offer know-how. Professional support for consulting, system integration and implementation new functionalities is always just around the corner. So\u2026","rel":"","context":"Article similaire","block_context":{"text":"Article similaire","link":""},"img":{"alt_text":"","src":"https:\/\/i0.wp.com\/opengis.ch\/wp-content\/uploads\/2019\/04\/idea.resized-e1556274573876.png?resize=350%2C200&ssl=1","width":350,"height":200},"classes":[]},{"id":10975,"url":"https:\/\/www.opengis.ch\/fr\/qgis-sustainability-initiative\/","url_meta":{"origin":10968,"position":3},"title":"Our QGIS Sustainability initiative #sustainQGIS","author":"Marco Bernasocchi","date":"26 avril 2019","format":false,"excerpt":"QGIS and QField are very popular because they are extremely powerful, flexible and stable and can be used without having to worry about licenses or vendor lock-in. A wide range of service providers offer know-how. Professional support for consulting, system integration and implementation new functionalities is always just around the\u2026","rel":"","context":"Article similaire","block_context":{"text":"Article similaire","link":""},"img":{"alt_text":"","src":"https:\/\/i0.wp.com\/opengis.ch\/wp-content\/uploads\/2019\/04\/idea.resized-e1556274573876.png?resize=350%2C200&ssl=1","width":350,"height":200},"classes":[]},{"id":10976,"url":"https:\/\/www.opengis.ch\/de\/qgis-sustainability-initiative\/","url_meta":{"origin":10968,"position":4},"title":"Our QGIS Sustainability initiative #sustainQGIS","author":"Marco Bernasocchi","date":"26 avril 2019","format":false,"excerpt":"QGIS and QField are very popular because they are extremely powerful, flexible and stable and can be used without having to worry about licenses or vendor lock-in. A wide range of service providers offer know-how. Professional support for consulting, system integration and implementation new functionalities is always just around the\u2026","rel":"","context":"Article similaire","block_context":{"text":"Article similaire","link":""},"img":{"alt_text":"","src":"https:\/\/i0.wp.com\/opengis.ch\/wp-content\/uploads\/2019\/04\/idea.resized-e1556274573876.png?resize=350%2C200&ssl=1","width":350,"height":200},"classes":[]},{"id":6549,"url":"https:\/\/www.opengis.ch\/qgis-sustainability-initiative\/","url_meta":{"origin":10968,"position":5},"title":"Our QGIS Sustainability initiative #sustainQGIS","author":"Marco Bernasocchi","date":"26 avril 2019","format":false,"excerpt":"QGIS and QField are very popular because they are extremely powerful, flexible and stable and can be used without having to worry about licenses or vendor lock-in. A wide range of service providers offer know-how. Professional support for consulting, system integration and implementation new functionalities is always just around the\u2026","rel":"","context":"Article similaire","block_context":{"text":"Article similaire","link":""},"img":{"alt_text":"","src":"https:\/\/i0.wp.com\/opengis.ch\/wp-content\/uploads\/2019\/04\/idea.resized-e1556274573876.png?resize=350%2C200&ssl=1","width":350,"height":200},"classes":[]}],"jetpack_shortlink":"https:\/\/wp.me\/PbdBtI-2QU","jetpack_sharing_enabled":true,"_links":{"self":[{"href":"https:\/\/www.opengis.ch\/fr\/wp-json\/wp\/v2\/pages\/10968","targetHints":{"allow":["GET"]}}],"collection":[{"href":"https:\/\/www.opengis.ch\/fr\/wp-json\/wp\/v2\/pages"}],"about":[{"href":"https:\/\/www.opengis.ch\/fr\/wp-json\/wp\/v2\/types\/page"}],"author":[{"embeddable":true,"href":"https:\/\/www.opengis.ch\/fr\/wp-json\/wp\/v2\/users\/2"}],"replies":[{"embeddable":true,"href":"https:\/\/www.opengis.ch\/fr\/wp-json\/wp\/v2\/comments?post=10968"}],"version-history":[{"count":11,"href":"https:\/\/www.opengis.ch\/fr\/wp-json\/wp\/v2\/pages\/10968\/revisions"}],"predecessor-version":[{"id":17991,"href":"https:\/\/www.opengis.ch\/fr\/wp-json\/wp\/v2\/pages\/10968\/revisions\/17991"}],"wp:attachment":[{"href":"https:\/\/www.opengis.ch\/fr\/wp-json\/wp\/v2\/media?parent=10968"}],"curies":[{"name":"wp","href":"https:\/\/api.w.org\/{rel}","templated":true}]}}