{"id":11295,"date":"2020-04-30T11:57:08","date_gmt":"2020-04-30T09:57:08","guid":{"rendered":"https:\/\/www.opengis.ch\/?page_id=11295"},"modified":"2020-04-30T15:42:09","modified_gmt":"2020-04-30T13:42:09","slug":"warum-uns","status":"publish","type":"page","link":"https:\/\/www.opengis.ch\/de\/","title":{"rendered":"Warum uns?"},"content":{"rendered":"<p>Wir sind Schweizer Software Entwickler \u2013 aber noch mehr sind wir <strong>full-stack Geo-Ninjas<\/strong>! Wir planen und entwickeln <strong>personalisierte<\/strong> Open Source GIS L\u00f6sungen als Desktop- oder Mobilapplikationen. Elegante L\u00f6sungen finden wir \u00fcbrigens auch f\u00fcr vielschichtige Aufgaben.<\/p>\n<p>Wie wir das machen? Mit jahrelanger <strong>Open-source<\/strong> Technologie-Erfahrung, QGIS und PostGIS Expertise, QField und QFieldCloud Entwicklerwissen und unserem eigenen, hohen <strong>Schweizer Anspruch<\/strong>. Pers\u00f6nlicher Service in sechs Sprachen und eine ausgezeichnete <strong>Projektunterst\u00fctzung<\/strong> von A-Z geh\u00f6ren da nat\u00fcrlich dazu. Wir \u00fcbernehmen n\u00e4mlich gerne Verantwortung f\u00fcr das, was wir tun. Darauf geben wir Ihnen unser Ninja-Ehrenwort \u2013 oder einen <strong>Support Vertrag<\/strong> mit SLA.<\/p>\n\n\n<div class=\"wp-block-button aligncenter\"><a class=\"wp-block-button__link has-background no-border-radius\" href=\"#contact\" style=\"background-color:#82cb2a\">Kontaktiere uns<\/a><\/div>\n","protected":false},"excerpt":{"rendered":"<p>Wir sind Schweizer Software Entwickler \u2013 aber noch mehr sind wir full-stack Geo-Ninjas! Wir planen und entwickeln personalisierte Open Source GIS L\u00f6sungen als Desktop- oder Mobilapplikationen. Elegante L\u00f6sungen finden wir \u00fcbrigens auch f\u00fcr vielschichtige Aufgaben. Wie wir das machen? Mit jahrelanger Open-source Technologie-Erfahrung, QGIS und PostGIS Expertise, QField und QFieldCloud [&hellip;]<\/p>\n","protected":false},"author":2,"featured_media":10459,"parent":0,"menu_order":0,"comment_status":"closed","ping_status":"closed","template":"","meta":{"_themeisle_gutenberg_block_has_review":false,"jetpack_post_was_ever_published":false,"footnotes":""},"class_list":["post-11295","page","type-page","status-publish","has-post-thumbnail","hentry"],"jetpack-related-posts":[{"id":10973,"url":"https:\/\/www.opengis.ch\/de\/entwicklung\/","url_meta":{"origin":11295,"position":0},"title":"Individuelle Entwicklung","author":"Marco Bernasocchi","date":"24. April 2020","format":false,"excerpt":"Wir lieben es, Anforderungen zu diskutieren und vision\u00e4re L\u00f6sungen daf\u00fcr zu finden.\r Wir sind bestrebt, ausserordentlichen Wert f\u00fcr unsere Kunden zu generieren.\r Stets mit dem Menschen im Zentrum - Hi-Tech wo elegant, Low-Tech wo sinnvoll.Matthias\r Kuhn, CTO Model | Store PostGIS | Geopackage Solide und belastbare Geodateninfrastrukturen ben\u00f6tigen ein sorgf\u00e4ltig\u2026","rel":"","context":"\u00c4hnlicher Beitrag","block_context":{"text":"\u00c4hnlicher Beitrag","link":""},"img":{"alt_text":"","src":"https:\/\/i0.wp.com\/www.opengis.ch\/wp-content\/uploads\/2020\/04\/QField_Final.png?resize=350%2C200&ssl=1","width":350,"height":200},"classes":[]},{"id":10946,"url":"https:\/\/www.opengis.ch\/de\/qgis-support-wartung\/","url_meta":{"origin":11295,"position":1},"title":"QGIS Supportvertr\u00e4ge","author":"Marco Bernasocchi","date":"28. April 2020","format":false,"excerpt":"Uns liegen Sie und Ihre Installationen am Herzen. Das ist auch der Grund warum uns Support und Wartung enorm wichtig sind. Wir sind stolz darauf, Supportvertr\u00e4ge mit SLAs anbieten zu k\u00f6nnen. Ausserdem unterst\u00fctzen Sie mit einem OPENGIS.ch Supportvertrag die QGIS Nachhaltigkeitsinitiative. Marco Bernasocchi, CEO W\u00e4hlen Sie Ihren Plan Ein OPENGIS.ch\u2026","rel":"","context":"\u00c4hnlicher Beitrag","block_context":{"text":"\u00c4hnlicher Beitrag","link":""},"img":{"alt_text":"","src":"","width":0,"height":0},"classes":[]},{"id":15416,"url":"https:\/\/www.opengis.ch\/crowdfunding-erweiterte-unterstutzung-fur-kreisbogen-in-qgis\/","url_meta":{"origin":11295,"position":2},"title":"Crowdfunding: Erweiterte Unterst\u00fctzung f\u00fcr Kreisb\u00f6gen in QGIS","author":"Matthias Kuhn","date":"7. April 2025","format":false,"excerpt":"Die Vision: Datens\u00e4tze mit Kreisb\u00f6gen sauber bearbeiten Kreisb\u00f6gen sind ein zentrales Element im Vermessungswesen, der saubere Umgang damit ist eine zwingende Voraussetzung f\u00fcr das Arbeiten an und mit Daten der Amtlichen Vermessung. Eine komplette Unterst\u00fctzung von Kreisb\u00f6gen in der Standardsoftware QGIS wird es erm\u00f6glichen, diese Applikation f\u00fcr eine ganze Palette\u2026","rel":"","context":"\u00c4hnlicher Beitrag","block_context":{"text":"\u00c4hnlicher Beitrag","link":""},"img":{"alt_text":"","src":"https:\/\/i0.wp.com\/www.opengis.ch\/wp-content\/uploads\/2025\/04\/image8.png?fit=1200%2C576&ssl=1&resize=350%2C200","width":350,"height":200,"srcset":"https:\/\/i0.wp.com\/www.opengis.ch\/wp-content\/uploads\/2025\/04\/image8.png?fit=1200%2C576&ssl=1&resize=350%2C200 1x, https:\/\/i0.wp.com\/www.opengis.ch\/wp-content\/uploads\/2025\/04\/image8.png?fit=1200%2C576&ssl=1&resize=525%2C300 1.5x, https:\/\/i0.wp.com\/www.opengis.ch\/wp-content\/uploads\/2025\/04\/image8.png?fit=1200%2C576&ssl=1&resize=700%2C400 2x, https:\/\/i0.wp.com\/www.opengis.ch\/wp-content\/uploads\/2025\/04\/image8.png?fit=1200%2C576&ssl=1&resize=1050%2C600 3x"},"classes":[]},{"id":15422,"url":"https:\/\/www.opengis.ch\/de\/crowdfunding-erweiterte-unterstutzung-fur-kreisbogen-in-qgis\/","url_meta":{"origin":11295,"position":3},"title":"Crowdfunding: Erweiterte Unterst\u00fctzung f\u00fcr Kreisb\u00f6gen in QGIS","author":"Matthias Kuhn","date":"7. April 2025","format":false,"excerpt":"Die Vision: Datens\u00e4tze mit Kreisb\u00f6gen sauber bearbeiten Kreisb\u00f6gen sind ein zentrales Element im Vermessungswesen, der saubere Umgang damit ist eine zwingende Voraussetzung f\u00fcr das Arbeiten an und mit Daten der Amtlichen Vermessung. Eine komplette Unterst\u00fctzung von Kreisb\u00f6gen in der Standardsoftware QGIS wird es erm\u00f6glichen, diese Applikation f\u00fcr eine ganze Palette\u2026","rel":"","context":"\u00c4hnlicher Beitrag","block_context":{"text":"\u00c4hnlicher Beitrag","link":""},"img":{"alt_text":"","src":"https:\/\/i0.wp.com\/www.opengis.ch\/wp-content\/uploads\/2025\/04\/image8.png?fit=1200%2C576&ssl=1&resize=350%2C200","width":350,"height":200,"srcset":"https:\/\/i0.wp.com\/www.opengis.ch\/wp-content\/uploads\/2025\/04\/image8.png?fit=1200%2C576&ssl=1&resize=350%2C200 1x, https:\/\/i0.wp.com\/www.opengis.ch\/wp-content\/uploads\/2025\/04\/image8.png?fit=1200%2C576&ssl=1&resize=525%2C300 1.5x, https:\/\/i0.wp.com\/www.opengis.ch\/wp-content\/uploads\/2025\/04\/image8.png?fit=1200%2C576&ssl=1&resize=700%2C400 2x, https:\/\/i0.wp.com\/www.opengis.ch\/wp-content\/uploads\/2025\/04\/image8.png?fit=1200%2C576&ssl=1&resize=1050%2C600 3x"},"classes":[]},{"id":13630,"url":"https:\/\/www.opengis.ch\/de\/qfield-jump-start-packages\/","url_meta":{"origin":11295,"position":4},"title":"QField Starthilfepakete","author":"Marco Bernasocchi","date":"2. M\u00e4rz 2023","format":false,"excerpt":"Sie m\u00f6chten mit der Erfassung von Felddaten beginnen, haben aber noch nie mit einem GIS gearbeitet? Sie sind leidenschaftlicher QGIS-Anwender und m\u00f6chten Ihre Feldarbeit in Schwung bringen? Sie sind ein leitender GIS-Manager und m\u00f6chten die Effizienz der mobilen Datenerfassung Ihres Teams optimieren? Lassen Sie uns die QField Starthilfepakete vorstellen W\u00e4hrend\u2026","rel":"","context":"\u00c4hnlicher Beitrag","block_context":{"text":"\u00c4hnlicher Beitrag","link":""},"img":{"alt_text":"","src":"https:\/\/i0.wp.com\/www.opengis.ch\/wp-content\/uploads\/2019\/04\/tim-gouw-73926-unsplash.jpg?fit=1200%2C802&ssl=1&resize=350%2C200","width":350,"height":200,"srcset":"https:\/\/i0.wp.com\/www.opengis.ch\/wp-content\/uploads\/2019\/04\/tim-gouw-73926-unsplash.jpg?fit=1200%2C802&ssl=1&resize=350%2C200 1x, https:\/\/i0.wp.com\/www.opengis.ch\/wp-content\/uploads\/2019\/04\/tim-gouw-73926-unsplash.jpg?fit=1200%2C802&ssl=1&resize=525%2C300 1.5x, https:\/\/i0.wp.com\/www.opengis.ch\/wp-content\/uploads\/2019\/04\/tim-gouw-73926-unsplash.jpg?fit=1200%2C802&ssl=1&resize=700%2C400 2x, https:\/\/i0.wp.com\/www.opengis.ch\/wp-content\/uploads\/2019\/04\/tim-gouw-73926-unsplash.jpg?fit=1200%2C802&ssl=1&resize=1050%2C600 3x"},"classes":[]},{"id":10979,"url":"https:\/\/www.opengis.ch\/de\/beratung\/","url_meta":{"origin":11295,"position":5},"title":"Beratung","author":"Marco Bernasocchi","date":"12. Januar 2015","format":false,"excerpt":"\"Unser erfahrenes und mehrsprachiges Team ist immer bereit, Ihnen bei der Planung und Verbesserung Ihrer Arbeitsabl\u00e4ufe zu helfen, Ihre Werkzeugleistung zu optimieren und Ihr internes Wissen aufzubauen.\"Marco Bernasocchi, CEO R\u00e4umliche Beratung Planen Sie eine neue Geodateninfrastruktur? M\u00f6chten Sie Ihre QGIS-Workflows verbessern? Ben\u00f6tigen Sie interne Schulungen f\u00fcr Entwickler und Analysten? M\u00f6chten\u2026","rel":"","context":"\u00c4hnlicher Beitrag","block_context":{"text":"\u00c4hnlicher Beitrag","link":""},"img":{"alt_text":"","src":"","width":0,"height":0},"classes":[]}],"jetpack_shortlink":"https:\/\/wp.me\/PbdBtI-2Wb","jetpack_sharing_enabled":true,"_links":{"self":[{"href":"https:\/\/www.opengis.ch\/de\/wp-json\/wp\/v2\/pages\/11295","targetHints":{"allow":["GET"]}}],"collection":[{"href":"https:\/\/www.opengis.ch\/de\/wp-json\/wp\/v2\/pages"}],"about":[{"href":"https:\/\/www.opengis.ch\/de\/wp-json\/wp\/v2\/types\/page"}],"author":[{"embeddable":true,"href":"https:\/\/www.opengis.ch\/de\/wp-json\/wp\/v2\/users\/2"}],"replies":[{"embeddable":true,"href":"https:\/\/www.opengis.ch\/de\/wp-json\/wp\/v2\/comments?post=11295"}],"version-history":[{"count":5,"href":"https:\/\/www.opengis.ch\/de\/wp-json\/wp\/v2\/pages\/11295\/revisions"}],"predecessor-version":[{"id":11314,"href":"https:\/\/www.opengis.ch\/de\/wp-json\/wp\/v2\/pages\/11295\/revisions\/11314"}],"wp:featuredmedia":[{"embeddable":true,"href":"https:\/\/www.opengis.ch\/de\/wp-json\/wp\/v2\/media\/10459"}],"wp:attachment":[{"href":"https:\/\/www.opengis.ch\/de\/wp-json\/wp\/v2\/media?parent=11295"}],"curies":[{"name":"wp","href":"https:\/\/api.w.org\/{rel}","templated":true}]}}