{"id":10973,"date":"2020-04-24T00:37:42","date_gmt":"2020-04-23T22:37:42","guid":{"rendered":"https:\/\/www.opengis.ch\/custom-development\/"},"modified":"2020-05-04T11:34:15","modified_gmt":"2020-05-04T09:34:15","slug":"entwicklung","status":"publish","type":"page","link":"https:\/\/www.opengis.ch\/de\/entwicklung\/","title":{"rendered":"Individuelle Entwicklung"},"content":{"rendered":"\n<blockquote class=\"wp-block-quote is-layout-flow wp-block-quote-is-layout-flow\"><p>Wir lieben es, Anforderungen zu diskutieren und vision\u00e4re L\u00f6sungen daf\u00fcr zu finden.&#13;\nWir sind bestrebt, ausserordentlichen Wert f\u00fcr unsere Kunden zu generieren.&#13;\n Stets mit dem Menschen im Zentrum &#8211; Hi-Tech wo elegant, Low-Tech wo sinnvoll.<\/p><cite>Matthias&#13;\n    Kuhn, CTO<\/cite><\/blockquote>\n\n<div class=\"wp-block-themeisle-blocks-advanced-columns alignfull has-1-columns has-desktop-equal-layout has-tablet-equal-layout has-mobile-equal-layout has-default-gap has-vertical-unset\" id=\"wp-block-themeisle-blocks-advanced-columns-00329e6e\"><div class=\"wp-block-themeisle-blocks-advanced-columns-overlay\"><\/div><div class=\"innerblocks-wrap\">\n<div class=\"wp-block-themeisle-blocks-advanced-column\" id=\"wp-block-themeisle-blocks-advanced-column-418ed030\">\n<div class=\"wp-block-themeisle-blocks-advanced-columns has-3-columns has-desktop-equal-layout has-tablet-equal-layout has-mobile-collapsedRows-layout has-default-gap has-vertical-unset\" id=\"wp-block-themeisle-blocks-advanced-columns-afd0c2e0\"><div class=\"wp-block-themeisle-blocks-advanced-columns-overlay\"><\/div><div class=\"innerblocks-wrap\">\n<div class=\"wp-block-themeisle-blocks-advanced-column\" id=\"wp-block-themeisle-blocks-advanced-column-87d5bbb1\">\n<div class=\"wp-block-themeisle-blocks-testimonials\">\n<div class=\"wp-block-image is-style-default\"><figure class=\"aligncenter size-large is-resized\"><img data-recalc-dims=\"1\" loading=\"lazy\" decoding=\"async\" src=\"https:\/\/i0.wp.com\/www.opengis.ch\/wp-content\/uploads\/2020\/04\/postgis.png?resize=150%2C150&#038;ssl=1\" alt=\"\" class=\"wp-image-10928\" width=\"150\" height=\"150\" srcset=\"https:\/\/i0.wp.com\/www.opengis.ch\/wp-content\/uploads\/2020\/04\/postgis.png?w=300&amp;ssl=1 300w, https:\/\/i0.wp.com\/www.opengis.ch\/wp-content\/uploads\/2020\/04\/postgis.png?resize=150%2C150&amp;ssl=1 150w, https:\/\/i0.wp.com\/www.opengis.ch\/wp-content\/uploads\/2020\/04\/postgis.png?resize=264%2C264&amp;ssl=1 264w\" sizes=\"auto, (max-width: 150px) 100vw, 150px\" \/><\/figure><\/div>\n\n\n<h3 id=\"wp-block-themeisle-blocks-advanced-heading-121c5ffb\" class=\"wp-block-themeisle-blocks-advanced-heading wp-block-themeisle-blocks-advanced-heading-121c5ffb\">Model | Store<\/h3>\n\n<h6 id=\"wp-block-themeisle-blocks-advanced-heading-fc6a1a22\" class=\"wp-block-themeisle-blocks-advanced-heading wp-block-themeisle-blocks-advanced-heading-fc6a1a22\">PostGIS | Geopackage<\/h6>\n\nSolide und belastbare Geodateninfrastrukturen ben\u00f6tigen ein sorgf\u00e4ltig konstruiertes Datenmodell.\n\n\n<hr class=\"wp-block-separator has-text-color has-background has-body-color-background-color has-body-color-color\"\/>\n\n\nOb du eine zentrale Datenbank f\u00fcr die Speicherung und Analyse von all deinen Daten ben\u00f6tigst oder ein skalierbares und repliziertes DB Cluster, wir haben das bereits umgesetzt und sind hier um dir bei den wichtigen Entscheidungen zu helfen und die Infrastruktur aufzubauen, die deinen Bed\u00fcrfnissen entspricht.\r\nAuch f\u00fcr Dateibasierte L\u00f6sungen haben wir weitreichende Expertise mit verschiedensten Formaten.<\/div>\n<\/div>\n\n\n\n<div class=\"wp-block-themeisle-blocks-advanced-column\" id=\"wp-block-themeisle-blocks-advanced-column-6d8196e3\">\n<div class=\"wp-block-themeisle-blocks-testimonials\">\n<div class=\"wp-block-image\"><figure class=\"aligncenter size-large is-resized\"><img data-recalc-dims=\"1\" loading=\"lazy\" decoding=\"async\" src=\"https:\/\/i0.wp.com\/www.opengis.ch\/wp-content\/uploads\/2020\/04\/QField_Final.png?resize=150%2C150&#038;ssl=1\" alt=\"\" class=\"wp-image-10874\" width=\"150\" height=\"150\" srcset=\"https:\/\/i0.wp.com\/www.opengis.ch\/wp-content\/uploads\/2020\/04\/QField_Final.png?w=512&amp;ssl=1 512w, https:\/\/i0.wp.com\/www.opengis.ch\/wp-content\/uploads\/2020\/04\/QField_Final.png?resize=300%2C300&amp;ssl=1 300w, https:\/\/i0.wp.com\/www.opengis.ch\/wp-content\/uploads\/2020\/04\/QField_Final.png?resize=150%2C150&amp;ssl=1 150w, https:\/\/i0.wp.com\/www.opengis.ch\/wp-content\/uploads\/2020\/04\/QField_Final.png?resize=264%2C264&amp;ssl=1 264w\" sizes=\"auto, (max-width: 150px) 100vw, 150px\" \/><\/figure><\/div>\n\n\n<h3 id=\"wp-block-themeisle-blocks-advanced-heading-a3db74ee\" class=\"wp-block-themeisle-blocks-advanced-heading wp-block-themeisle-blocks-advanced-heading-a3db74ee\">Collect | Sync<\/h3>\n\n<h6 id=\"wp-block-themeisle-blocks-advanced-heading-d032e75e\" class=\"wp-block-themeisle-blocks-advanced-heading wp-block-themeisle-blocks-advanced-heading-d032e75e\">QField | qfieldcloud<\/h6>\n\nZuverl\u00e4ssige r\u00e4umliche Information ist im Feld unerl\u00e4sslich um die richtigen Entscheide schnell und zuverl\u00e4ssig f\u00e4llen zu k\u00f6nnen.\n\n\n<hr class=\"wp-block-separator has-text-color has-background has-body-color-background-color has-body-color-color\"\/>\n\n\n\n<p id=\"wp-block-themeisle-blocks-advanced-heading-9ce89a1f\" class=\"wp-block-themeisle-blocks-advanced-heading wp-block-themeisle-blocks-advanced-heading-9ce89a1f\">Being able to validate data and report back corrections guarantees a complete life cycle for high quality and reliable information.<br>Be it real-time in an urban area with 4G connectivity or in remote spaces using offline data, thanks to its seamless integration with QGIS, QField allows you to efficiently work on the field.<br>QField is an open source app developed by OPENGIS.ch.<\/p>\n<\/div>\n<\/div>\n\n\n\n<div class=\"wp-block-themeisle-blocks-advanced-column\" id=\"wp-block-themeisle-blocks-advanced-column-51c7e645\">\n<div class=\"wp-block-themeisle-blocks-testimonials\">\n<div class=\"wp-block-image\"><figure class=\"aligncenter size-large\"><img data-recalc-dims=\"1\" loading=\"lazy\" decoding=\"async\" width=\"150\" height=\"150\" src=\"https:\/\/i0.wp.com\/www.opengis.ch\/wp-content\/uploads\/2020\/04\/qgis-icon150.png?resize=150%2C150&#038;ssl=1\" alt=\"\" class=\"wp-image-10921\"\/><\/figure><\/div>\n\n\n<h3 id=\"wp-block-themeisle-blocks-advanced-heading-3464a02a\" class=\"wp-block-themeisle-blocks-advanced-heading wp-block-themeisle-blocks-advanced-heading-3464a02a\">Analyse | Manage<\/h3>\n\n<h6 id=\"wp-block-themeisle-blocks-advanced-heading-26ccdbc3\" class=\"wp-block-themeisle-blocks-advanced-heading wp-block-themeisle-blocks-advanced-heading-26ccdbc3\">QGIS | Postgis<\/h6>\n\nWir sind stolz, mehrere QGIS Kernentwickler sowie den QGIS Chair zu unserem Team z\u00e4hlen zu d\u00fcrfen und sehr aktiv an der Entwicklung von QGIS beteiligt zu sein.\n\n\n<hr class=\"wp-block-separator has-text-color has-background has-body-color-background-color has-body-color-color\"\/>\n\n\nQGIS unterst\u00fctzt professionelle Visualisierung, Analyse, Datenprozessierung und Datenerfassung von Geodaten. Und f\u00fcr alles was nicht durch Standardfunktionalit\u00e4ten abgedeckt werden kann bietet es eine extrem m\u00e4chtige Python API f\u00fcr Erweiterungen. QGIS unterst\u00fctzt so gut wie jede Datenbank und jedes Dateiformat und gr\u00f6sste Organisationen vertrauen auf QGIS f\u00fcr seine Stabilit\u00e4t, M\u00e4chtigkeit und Anpassparbkeit. Sowie nat\u00fcrlich daf\u00fcr, dass es \u00fcberall installiert werden kann, ohne sich \u00fcber Lizenzkosten Gedanken machen zu m\u00fcssen.<\/div>\n<\/div>\n<\/div><\/div>\n\n\n\n<div class=\"wp-block-themeisle-blocks-advanced-columns has-3-columns has-desktop-equal-layout has-tablet-equal-layout has-mobile-collapsedRows-layout has-default-gap has-vertical-unset\" id=\"wp-block-themeisle-blocks-advanced-columns-138bd6f6\"><div class=\"wp-block-themeisle-blocks-advanced-columns-overlay\"><\/div><div class=\"innerblocks-wrap\">\n<div class=\"wp-block-themeisle-blocks-advanced-column\" id=\"wp-block-themeisle-blocks-advanced-column-8832b6a9\">\n<div class=\"wp-block-themeisle-blocks-testimonials\">\n<div class=\"wp-block-image is-style-default\"><figure class=\"aligncenter size-large is-resized\"><img data-recalc-dims=\"1\" loading=\"lazy\" decoding=\"async\" src=\"https:\/\/i0.wp.com\/www.opengis.ch\/wp-content\/uploads\/2020\/04\/django-python-logo.png?resize=150%2C150&#038;ssl=1\" alt=\"python django logo\" class=\"wp-image-10836\" width=\"150\" height=\"150\"\/><\/figure><\/div>\n\n\n<h3 id=\"wp-block-themeisle-blocks-advanced-heading-30f37f95\" class=\"wp-block-themeisle-blocks-advanced-heading wp-block-themeisle-blocks-advanced-heading-30f37f95\">Visualise | Publish<\/h3>\n\n<h6 id=\"wp-block-themeisle-blocks-advanced-heading-514cf803\" class=\"wp-block-themeisle-blocks-advanced-heading wp-block-themeisle-blocks-advanced-heading-514cf803\">Django | flask | python<\/h6>\n\nEin sch\u00f6nes und einfach zu benutzendes WebGIS sowie visuell \u00fcberzeugende Web Apps sind grundlegend f\u00fcr eine gute User Experience. Wir arbeiten mit den besten Frameworks um ausserordentliche Resultate zu erziehlen.\n\n\n<hr class=\"wp-block-separator has-text-color has-background has-body-color-background-color has-body-color-color\"\/>\n\n\n <\/div>\n<\/div>\n\n\n\n<div class=\"wp-block-themeisle-blocks-advanced-column\" id=\"wp-block-themeisle-blocks-advanced-column-556fe270\">\n<div class=\"wp-block-themeisle-blocks-testimonials\">\n<div class=\"wp-block-image is-style-rounded\"><figure class=\"aligncenter size-large\"><img data-recalc-dims=\"1\" loading=\"lazy\" decoding=\"async\" width=\"150\" height=\"150\" src=\"https:\/\/i0.wp.com\/www.opengis.ch\/wp-content\/uploads\/2020\/04\/Interlis-1.png?resize=150%2C150&#038;ssl=1\" alt=\"\" class=\"wp-image-10868\"\/><\/figure><\/div>\n\n\n<h3 id=\"wp-block-themeisle-blocks-advanced-heading-8fb39fdb\" class=\"wp-block-themeisle-blocks-advanced-heading wp-block-themeisle-blocks-advanced-heading-8fb39fdb\">Exchange<\/h3>\n\n<h6 id=\"wp-block-themeisle-blocks-advanced-heading-7889d26b\" class=\"wp-block-themeisle-blocks-advanced-heading wp-block-themeisle-blocks-advanced-heading-7889d26b\">INTERLIS<\/h6>\n\nModerne Geodateninfrastrukturen ben\u00f6tigen Schnittstellen, die Datens\u00e4tze miteinander verbinden und Informationen einfach, schnell und barrierefrei austauschen.\n\n\n<hr class=\"wp-block-separator has-text-color has-background has-body-color-background-color has-body-color-color\"\/>\n\n\n\n<p id=\"wp-block-themeisle-blocks-advanced-heading-c793a698\" class=\"wp-block-themeisle-blocks-advanced-heading wp-block-themeisle-blocks-advanced-heading-c793a698\">The Swiss geodata ecosystem is built around Interlis as a standard for data exchange.<br>Tools like ili2db and QGIS model baker ensure compatibility with Interlis and at the same time reduce the effort to integrate a geodata infrastructure with the Swiss standard to a minimum.<br>OPENGIS.ch participates in the development of the ili2db suite, develops the QGIS model baker and has implemented various interfaces to internal and external systems.<\/p>\n<\/div>\n<\/div>\n\n\n\n<div class=\"wp-block-themeisle-blocks-advanced-column\" id=\"wp-block-themeisle-blocks-advanced-column-e0c6d4c1\">\n<div class=\"wp-block-themeisle-blocks-testimonials\">\n<div class=\"wp-block-image\"><figure class=\"aligncenter size-large is-resized\"><img data-recalc-dims=\"1\" loading=\"lazy\" decoding=\"async\" src=\"https:\/\/i0.wp.com\/www.opengis.ch\/wp-content\/uploads\/2020\/04\/Moby-logo300.png?resize=150%2C150&#038;ssl=1\" alt=\"\" class=\"wp-image-10933\" width=\"150\" height=\"150\" srcset=\"https:\/\/i0.wp.com\/www.opengis.ch\/wp-content\/uploads\/2020\/04\/Moby-logo300.png?w=300&amp;ssl=1 300w, https:\/\/i0.wp.com\/www.opengis.ch\/wp-content\/uploads\/2020\/04\/Moby-logo300.png?resize=150%2C150&amp;ssl=1 150w, https:\/\/i0.wp.com\/www.opengis.ch\/wp-content\/uploads\/2020\/04\/Moby-logo300.png?resize=264%2C264&amp;ssl=1 264w\" sizes=\"auto, (max-width: 150px) 100vw, 150px\" \/><\/figure><\/div>\n\n\n<h3 id=\"wp-block-themeisle-blocks-advanced-heading-c3bb74ad\" class=\"wp-block-themeisle-blocks-advanced-heading wp-block-themeisle-blocks-advanced-heading-c3bb74ad\">Deploy<\/h3>\n\n<h6 id=\"wp-block-themeisle-blocks-advanced-heading-1814d690\" class=\"wp-block-themeisle-blocks-advanced-heading wp-block-themeisle-blocks-advanced-heading-1814d690\">Docker | ci | cd<\/h6>\n\n<p id=\"wp-block-themeisle-blocks-advanced-heading-b32668e0\" class=\"wp-block-themeisle-blocks-advanced-heading wp-block-themeisle-blocks-advanced-heading-b32668e0\">Cloud native Technologien erlauben es skalierbare Applikationen in modernen und dynamischen Umgebungen wie \u00f6ffentlichen, privaten und hybriden Clouds zu bauen und laufen zu lassen.<\/p>\n\n\n<hr class=\"wp-block-separator has-text-color has-background has-body-color-background-color has-body-color-color\"\/>\n\n\n<p id=\"wp-block-themeisle-blocks-advanced-heading-fd1d3dca\" class=\"wp-block-themeisle-blocks-advanced-heading wp-block-themeisle-blocks-advanced-heading-fd1d3dca\">Container, Service Meshes, Mikroservices, unver\u00e4nderliche Infrastrukturen und deklarative APIs sind exemplarisch f\u00fcr diesen Ansatz. Diese Technologien erm\u00f6glichen lose vernetzte Systeme, die belastbar, verwaltbar und \u00fcberwachbar sind. Kombiniert mit robuster Automation erlauben sie es selbst weitreichende \u00c4nderungen m\u00fchelos und zuversichtlich umzusetzen.<\/p>\n\n\n<p><\/p>\n<\/div>\n<\/div>\n<\/div><\/div>\n<\/div>\n<\/div><\/div>\n\n<p class=\"has-text-align-center\">Sprich mit uns um die optimale L\u00f6sung f\u00fcr deine Bed\u00fcrfnisse zu finden.<\/p>\n\n<div class=\"wp-block-buttons aligncenter is-layout-flex wp-block-buttons-is-layout-flex\">\n<div class=\"wp-block-button\"><a class=\"wp-block-button__link has-text-color has-white-color has-background has-accent-background-color\" href=\"\/#contact\" style=\"border-radius:3px\" rel=\"\/#contact\">Kontaktiere uns<\/a><\/div>\n<\/div>\n","protected":false},"excerpt":{"rendered":"<p>Wir lieben es, Anforderungen zu diskutieren und vision\u00e4re L\u00f6sungen daf\u00fcr zu finden.&#13; Wir sind bestrebt, ausserordentlichen Wert f\u00fcr unsere Kunden zu generieren.&#13; Stets mit dem Menschen im Zentrum &#8211; Hi-Tech wo elegant, Low-Tech wo sinnvoll. Matthias&#13; Kuhn, CTO Sprich mit uns um die optimale L\u00f6sung f\u00fcr deine Bed\u00fcrfnisse zu finden.<\/p>\n","protected":false},"author":2,"featured_media":0,"parent":0,"menu_order":0,"comment_status":"closed","ping_status":"closed","template":"","meta":{"_themeisle_gutenberg_block_has_review":false,"footnotes":""},"class_list":["post-10973","page","type-page","status-publish","hentry"],"jetpack-related-posts":[{"id":10946,"url":"https:\/\/www.opengis.ch\/de\/qgis-support-wartung\/","url_meta":{"origin":10973,"position":0},"title":"QGIS Supportvertr\u00e4ge","author":"Marco Bernasocchi","date":"28. April 2020","format":false,"excerpt":"Uns liegen Sie und Ihre Installationen am Herzen. Das ist auch der Grund warum uns Support und Wartung enorm wichtig sind. Wir sind stolz darauf, Supportvertr\u00e4ge mit SLAs anbieten zu k\u00f6nnen. Ausserdem unterst\u00fctzen Sie mit einem OPENGIS.ch Supportvertrag die QGIS Nachhaltigkeitsinitiative. Marco Bernasocchi, CEO W\u00e4hlen Sie Ihren Plan Ein OPENGIS.ch\u2026","rel":"","context":"\u00c4hnlicher Beitrag","block_context":{"text":"\u00c4hnlicher Beitrag","link":""},"img":{"alt_text":"","src":"","width":0,"height":0},"classes":[]},{"id":15416,"url":"https:\/\/www.opengis.ch\/crowdfunding-erweiterte-unterstutzung-fur-kreisbogen-in-qgis\/","url_meta":{"origin":10973,"position":1},"title":"Crowdfunding: Erweiterte Unterst\u00fctzung f\u00fcr Kreisb\u00f6gen in QGIS","author":"Matthias Kuhn","date":"7. April 2025","format":false,"excerpt":"Die Vision: Datens\u00e4tze mit Kreisb\u00f6gen sauber bearbeiten Kreisb\u00f6gen sind ein zentrales Element im Vermessungswesen, der saubere Umgang damit ist eine zwingende Voraussetzung f\u00fcr das Arbeiten an und mit Daten der Amtlichen Vermessung. Eine komplette Unterst\u00fctzung von Kreisb\u00f6gen in der Standardsoftware QGIS wird es erm\u00f6glichen, diese Applikation f\u00fcr eine ganze Palette\u2026","rel":"","context":"\u00c4hnlicher Beitrag","block_context":{"text":"\u00c4hnlicher Beitrag","link":""},"img":{"alt_text":"","src":"https:\/\/i0.wp.com\/www.opengis.ch\/wp-content\/uploads\/2025\/04\/image8.png?fit=1200%2C576&ssl=1&resize=350%2C200","width":350,"height":200,"srcset":"https:\/\/i0.wp.com\/www.opengis.ch\/wp-content\/uploads\/2025\/04\/image8.png?fit=1200%2C576&ssl=1&resize=350%2C200 1x, https:\/\/i0.wp.com\/www.opengis.ch\/wp-content\/uploads\/2025\/04\/image8.png?fit=1200%2C576&ssl=1&resize=525%2C300 1.5x, https:\/\/i0.wp.com\/www.opengis.ch\/wp-content\/uploads\/2025\/04\/image8.png?fit=1200%2C576&ssl=1&resize=700%2C400 2x, https:\/\/i0.wp.com\/www.opengis.ch\/wp-content\/uploads\/2025\/04\/image8.png?fit=1200%2C576&ssl=1&resize=1050%2C600 3x"},"classes":[]},{"id":15422,"url":"https:\/\/www.opengis.ch\/de\/crowdfunding-erweiterte-unterstutzung-fur-kreisbogen-in-qgis\/","url_meta":{"origin":10973,"position":2},"title":"Crowdfunding: Erweiterte Unterst\u00fctzung f\u00fcr Kreisb\u00f6gen in QGIS","author":"Matthias Kuhn","date":"7. April 2025","format":false,"excerpt":"Die Vision: Datens\u00e4tze mit Kreisb\u00f6gen sauber bearbeiten Kreisb\u00f6gen sind ein zentrales Element im Vermessungswesen, der saubere Umgang damit ist eine zwingende Voraussetzung f\u00fcr das Arbeiten an und mit Daten der Amtlichen Vermessung. Eine komplette Unterst\u00fctzung von Kreisb\u00f6gen in der Standardsoftware QGIS wird es erm\u00f6glichen, diese Applikation f\u00fcr eine ganze Palette\u2026","rel":"","context":"\u00c4hnlicher Beitrag","block_context":{"text":"\u00c4hnlicher Beitrag","link":""},"img":{"alt_text":"","src":"https:\/\/i0.wp.com\/www.opengis.ch\/wp-content\/uploads\/2025\/04\/image8.png?fit=1200%2C576&ssl=1&resize=350%2C200","width":350,"height":200,"srcset":"https:\/\/i0.wp.com\/www.opengis.ch\/wp-content\/uploads\/2025\/04\/image8.png?fit=1200%2C576&ssl=1&resize=350%2C200 1x, https:\/\/i0.wp.com\/www.opengis.ch\/wp-content\/uploads\/2025\/04\/image8.png?fit=1200%2C576&ssl=1&resize=525%2C300 1.5x, https:\/\/i0.wp.com\/www.opengis.ch\/wp-content\/uploads\/2025\/04\/image8.png?fit=1200%2C576&ssl=1&resize=700%2C400 2x, https:\/\/i0.wp.com\/www.opengis.ch\/wp-content\/uploads\/2025\/04\/image8.png?fit=1200%2C576&ssl=1&resize=1050%2C600 3x"},"classes":[]},{"id":11295,"url":"https:\/\/www.opengis.ch\/de\/","url_meta":{"origin":10973,"position":3},"title":"Warum uns?","author":"Marco Bernasocchi","date":"30. April 2020","format":false,"excerpt":"Wir sind Schweizer Software Entwickler \u2013 aber noch mehr sind wir full-stack Geo-Ninjas! Wir planen und entwickeln personalisierte Open Source GIS L\u00f6sungen als Desktop- oder Mobilapplikationen. Elegante L\u00f6sungen finden wir \u00fcbrigens auch f\u00fcr vielschichtige Aufgaben. Wie wir das machen? Mit jahrelanger Open-source Technologie-Erfahrung, QGIS und PostGIS Expertise, QField und QFieldCloud\u2026","rel":"","context":"\u00c4hnlicher Beitrag","block_context":{"text":"\u00c4hnlicher Beitrag","link":""},"img":{"alt_text":"","src":"https:\/\/i0.wp.com\/www.opengis.ch\/wp-content\/uploads\/2020\/04\/theteam_2.png?fit=1200%2C289&ssl=1&resize=350%2C200","width":350,"height":200,"srcset":"https:\/\/i0.wp.com\/www.opengis.ch\/wp-content\/uploads\/2020\/04\/theteam_2.png?fit=1200%2C289&ssl=1&resize=350%2C200 1x, https:\/\/i0.wp.com\/www.opengis.ch\/wp-content\/uploads\/2020\/04\/theteam_2.png?fit=1200%2C289&ssl=1&resize=525%2C300 1.5x, https:\/\/i0.wp.com\/www.opengis.ch\/wp-content\/uploads\/2020\/04\/theteam_2.png?fit=1200%2C289&ssl=1&resize=700%2C400 2x, https:\/\/i0.wp.com\/www.opengis.ch\/wp-content\/uploads\/2020\/04\/theteam_2.png?fit=1200%2C289&ssl=1&resize=1050%2C600 3x"},"classes":[]},{"id":10979,"url":"https:\/\/www.opengis.ch\/de\/beratung\/","url_meta":{"origin":10973,"position":4},"title":"Beratung","author":"Marco Bernasocchi","date":"12. Januar 2015","format":false,"excerpt":"\"Unser erfahrenes und mehrsprachiges Team ist immer bereit, Ihnen bei der Planung und Verbesserung Ihrer Arbeitsabl\u00e4ufe zu helfen, Ihre Werkzeugleistung zu optimieren und Ihr internes Wissen aufzubauen.\"Marco Bernasocchi, CEO R\u00e4umliche Beratung Planen Sie eine neue Geodateninfrastruktur? M\u00f6chten Sie Ihre QGIS-Workflows verbessern? Ben\u00f6tigen Sie interne Schulungen f\u00fcr Entwickler und Analysten? M\u00f6chten\u2026","rel":"","context":"\u00c4hnlicher Beitrag","block_context":{"text":"\u00c4hnlicher Beitrag","link":""},"img":{"alt_text":"","src":"","width":0,"height":0},"classes":[]},{"id":13630,"url":"https:\/\/www.opengis.ch\/de\/qfield-jump-start-packages\/","url_meta":{"origin":10973,"position":5},"title":"QField Starthilfepakete","author":"Marco Bernasocchi","date":"2. M\u00e4rz 2023","format":false,"excerpt":"Sie m\u00f6chten mit der Erfassung von Felddaten beginnen, haben aber noch nie mit einem GIS gearbeitet? Sie sind leidenschaftlicher QGIS-Anwender und m\u00f6chten Ihre Feldarbeit in Schwung bringen? Sie sind ein leitender GIS-Manager und m\u00f6chten die Effizienz der mobilen Datenerfassung Ihres Teams optimieren? Lassen Sie uns die QField Starthilfepakete vorstellen W\u00e4hrend\u2026","rel":"","context":"\u00c4hnlicher Beitrag","block_context":{"text":"\u00c4hnlicher Beitrag","link":""},"img":{"alt_text":"","src":"https:\/\/i0.wp.com\/www.opengis.ch\/wp-content\/uploads\/2019\/04\/tim-gouw-73926-unsplash.jpg?fit=1200%2C802&ssl=1&resize=350%2C200","width":350,"height":200,"srcset":"https:\/\/i0.wp.com\/www.opengis.ch\/wp-content\/uploads\/2019\/04\/tim-gouw-73926-unsplash.jpg?fit=1200%2C802&ssl=1&resize=350%2C200 1x, https:\/\/i0.wp.com\/www.opengis.ch\/wp-content\/uploads\/2019\/04\/tim-gouw-73926-unsplash.jpg?fit=1200%2C802&ssl=1&resize=525%2C300 1.5x, https:\/\/i0.wp.com\/www.opengis.ch\/wp-content\/uploads\/2019\/04\/tim-gouw-73926-unsplash.jpg?fit=1200%2C802&ssl=1&resize=700%2C400 2x, https:\/\/i0.wp.com\/www.opengis.ch\/wp-content\/uploads\/2019\/04\/tim-gouw-73926-unsplash.jpg?fit=1200%2C802&ssl=1&resize=1050%2C600 3x"},"classes":[]}],"jetpack_shortlink":"https:\/\/wp.me\/PbdBtI-2QZ","jetpack_sharing_enabled":true,"_links":{"self":[{"href":"https:\/\/www.opengis.ch\/de\/wp-json\/wp\/v2\/pages\/10973","targetHints":{"allow":["GET"]}}],"collection":[{"href":"https:\/\/www.opengis.ch\/de\/wp-json\/wp\/v2\/pages"}],"about":[{"href":"https:\/\/www.opengis.ch\/de\/wp-json\/wp\/v2\/types\/page"}],"author":[{"embeddable":true,"href":"https:\/\/www.opengis.ch\/de\/wp-json\/wp\/v2\/users\/2"}],"replies":[{"embeddable":true,"href":"https:\/\/www.opengis.ch\/de\/wp-json\/wp\/v2\/comments?post=10973"}],"version-history":[{"count":11,"href":"https:\/\/www.opengis.ch\/de\/wp-json\/wp\/v2\/pages\/10973\/revisions"}],"predecessor-version":[{"id":11368,"href":"https:\/\/www.opengis.ch\/de\/wp-json\/wp\/v2\/pages\/10973\/revisions\/11368"}],"wp:attachment":[{"href":"https:\/\/www.opengis.ch\/de\/wp-json\/wp\/v2\/media?parent=10973"}],"curies":[{"name":"wp","href":"https:\/\/api.w.org\/{rel}","templated":true}]}}